{"id":27767,"date":"2026-04-01T13:34:04","date_gmt":"2026-04-01T13:34:04","guid":{"rendered":"https:\/\/metallotexnia-tsatsis.gr\/product\/poignees-de-porte-forgees-accouplement\/"},"modified":"2026-04-01T13:34:04","modified_gmt":"2026-04-01T13:34:04","slug":"poignees-de-porte-forgees-accouplement","status":"publish","type":"product","link":"https:\/\/metallotexnia-tsatsis.gr\/fr\/produit\/poignees-de-porte-forgees-accouplement\/","title":{"rendered":"Poign\u00e9es de porte forg\u00e9es &#8211; Accouplement"},"content":{"rendered":"<p>L&rsquo;ensemble de poign\u00e9es de porte en m\u00e9tal<strong data-start=\"305\" data-end=\"316\">\u00ab\u00a0Coupling\u00a0\u00bb,<\/strong> fabriqu\u00e9 \u00e0 la main, est l&rsquo;expression ultime de l&rsquo;\u00e9quilibre et de la connexion. Cet ensemble de poign\u00e9es en m\u00e9tal fait \u00e0 la main s&rsquo;inspire de l&rsquo;union subtile de deux \u00e9l\u00e9ments &#8211; une forme qui rappelle une fermeture \u00e9l\u00e9gante, o\u00f9 la fonctionnalit\u00e9 rencontre l&rsquo;esth\u00e9tique sculpturale. <\/p>\n<p data-start=\"576\" data-end=\"912\">Fabriqu\u00e9 enti\u00e8rement \u00e0 la main, chaque ensemble de <strong data-start=\"619\" data-end=\"630\">couplage<\/strong> porte les traces subtiles de la forge, r\u00e9v\u00e9lant le caract\u00e8re du m\u00e9tal et de notre m\u00e9tier unique. Les courbes douces, les d\u00e9tails sph\u00e9riques et la patine naturelle constituent un objet de luxe intemporel, con\u00e7u pour se distinguer sans s&rsquo;imposer. <\/p>\n<p data-start=\"914\" data-end=\"1175\">Il ne s&rsquo;agit pas de simples poign\u00e9es de porte, mais d&rsquo;une <strong data-start=\"971\" data-end=\"992\">pi\u00e8ce ma\u00eetresse<\/strong> qui ajoute une coh\u00e9rence architecturale et une sophistication \u00e0 n&rsquo;importe quelle entr\u00e9e. Elles sont id\u00e9ales pour les r\u00e9sidences haut de gamme, les h\u00e9bergements de charme et les espaces o\u00f9 les d\u00e9tails sont importants. <\/p>\n<p data-start=\"1177\" data-end=\"1229\">La <strong data-start=\"1179\" data-end=\"1190\">conjonction<\/strong> ne suit pas les tendances, elle les d\u00e9passe.<\/p>\n","protected":false},"excerpt":{"rendered":"<p>Notre collection de poign\u00e9es de porte faites \u00e0 la main met en valeur l&rsquo;art s\u00e9culaire de la forge. Chaque pi\u00e8ce est le r\u00e9sultat d&rsquo;un travail artisanal et traditionnel, avec la signature de Tsatsis Metalworking. Nous cr\u00e9ons des poign\u00e9es de portes et de portails qui se distinguent non seulement par leur fonctionnalit\u00e9, mais aussi par leur esth\u00e9tique, car chaque produit est une \u0153uvre d&rsquo;art.  <\/p>\n","protected":false},"featured_media":25995,"comment_status":"open","ping_status":"closed","template":"","meta":[],"product_brand":[],"product_cat":[94],"product_tag":[],"class_list":{"0":"post-27767","1":"product","2":"type-product","3":"status-publish","4":"has-post-thumbnail","6":"product_cat-poignees-de-porte","8":"first","9":"instock","10":"sold-individually","11":"taxable","12":"shipping-taxable","13":"purchasable","14":"product-type-simple"},"yoast_head":"<!-- This site is optimized with the Yoast SEO plugin v27.4 - https:\/\/yoast.com\/product\/yoast-seo-wordpress\/ -->\n<title>Poign\u00e9es de porte forg\u00e9es - Accouplement - Metallotexnia Tsatsis<\/title>\n<meta name=\"description\" content=\"D\u00e9couvrez nos poign\u00e9es de porte en fer forg\u00e9 massif, fabriqu\u00e9es \u00e0 la main, qui allient artisanat traditionnel et design contemporain. Le choix id\u00e9al pour une esth\u00e9tique moderne et sophistiqu\u00e9e\" \/>\n<meta name=\"robots\" content=\"index, follow, max-snippet:-1, max-image-preview:large, max-video-preview:-1\" \/>\n<link rel=\"canonical\" href=\"https:\/\/metallotexnia-tsatsis.gr\/fr\/produit\/poignees-de-porte-forgees-accouplement\/\" \/>\n<meta property=\"og:locale\" content=\"fr_FR\" \/>\n<meta property=\"og:type\" content=\"article\" \/>\n<meta property=\"og:title\" content=\"Poign\u00e9es de porte forg\u00e9es - Accouplement - Metallotexnia Tsatsis\" \/>\n<meta property=\"og:description\" content=\"D\u00e9couvrez nos poign\u00e9es de porte en fer forg\u00e9 massif, fabriqu\u00e9es \u00e0 la main, qui allient artisanat traditionnel et design contemporain. Le choix id\u00e9al pour une esth\u00e9tique moderne et sophistiqu\u00e9e\" \/>\n<meta property=\"og:url\" content=\"https:\/\/metallotexnia-tsatsis.gr\/fr\/produit\/poignees-de-porte-forgees-accouplement\/\" \/>\n<meta property=\"og:site_name\" content=\"Metallotexnia Tsatsis\" \/>\n<meta property=\"og:image\" content=\"https:\/\/metallotexnia-tsatsis.gr\/wp-content\/uploads\/2025\/12\/1.png\" \/>\n\t<meta property=\"og:image:width\" content=\"1200\" \/>\n\t<meta property=\"og:image:height\" content=\"1200\" \/>\n\t<meta property=\"og:image:type\" content=\"image\/png\" \/>\n<meta name=\"twitter:card\" content=\"summary_large_image\" \/>\n<meta name=\"twitter:label1\" content=\"Dur\u00e9e de lecture estim\u00e9e\" \/>\n\t<meta name=\"twitter:data1\" content=\"1 minute\" \/>\n<script type=\"application\/ld+json\" class=\"yoast-schema-graph\">{\"@context\":\"https:\\\/\\\/schema.org\",\"@graph\":[{\"@type\":\"WebPage\",\"@id\":\"https:\\\/\\\/metallotexnia-tsatsis.gr\\\/fr\\\/produit\\\/poignees-de-porte-forgees-accouplement\\\/\",\"url\":\"https:\\\/\\\/metallotexnia-tsatsis.gr\\\/fr\\\/produit\\\/poignees-de-porte-forgees-accouplement\\\/\",\"name\":\"Poign\u00e9es de porte forg\u00e9es - Accouplement - Metallotexnia Tsatsis\",\"isPartOf\":{\"@id\":\"https:\\\/\\\/metallotexnia-tsatsis.gr\\\/fr\\\/#website\"},\"primaryImageOfPage\":{\"@id\":\"https:\\\/\\\/metallotexnia-tsatsis.gr\\\/fr\\\/produit\\\/poignees-de-porte-forgees-accouplement\\\/#primaryimage\"},\"image\":{\"@id\":\"https:\\\/\\\/metallotexnia-tsatsis.gr\\\/fr\\\/produit\\\/poignees-de-porte-forgees-accouplement\\\/#primaryimage\"},\"thumbnailUrl\":\"https:\\\/\\\/metallotexnia-tsatsis.gr\\\/wp-content\\\/uploads\\\/2025\\\/12\\\/1.png\",\"datePublished\":\"2026-04-01T13:34:04+00:00\",\"description\":\"D\u00e9couvrez nos poign\u00e9es de porte en fer forg\u00e9 massif, fabriqu\u00e9es \u00e0 la main, qui allient artisanat traditionnel et design contemporain. Le choix id\u00e9al pour une esth\u00e9tique moderne et sophistiqu\u00e9e\",\"breadcrumb\":{\"@id\":\"https:\\\/\\\/metallotexnia-tsatsis.gr\\\/fr\\\/produit\\\/poignees-de-porte-forgees-accouplement\\\/#breadcrumb\"},\"inLanguage\":\"fr-FR\",\"potentialAction\":[{\"@type\":\"ReadAction\",\"target\":[\"https:\\\/\\\/metallotexnia-tsatsis.gr\\\/fr\\\/produit\\\/poignees-de-porte-forgees-accouplement\\\/\"]}]},{\"@type\":\"ImageObject\",\"inLanguage\":\"fr-FR\",\"@id\":\"https:\\\/\\\/metallotexnia-tsatsis.gr\\\/fr\\\/produit\\\/poignees-de-porte-forgees-accouplement\\\/#primaryimage\",\"url\":\"https:\\\/\\\/metallotexnia-tsatsis.gr\\\/wp-content\\\/uploads\\\/2025\\\/12\\\/1.png\",\"contentUrl\":\"https:\\\/\\\/metallotexnia-tsatsis.gr\\\/wp-content\\\/uploads\\\/2025\\\/12\\\/1.png\",\"width\":1200,\"height\":1200},{\"@type\":\"BreadcrumbList\",\"@id\":\"https:\\\/\\\/metallotexnia-tsatsis.gr\\\/fr\\\/produit\\\/poignees-de-porte-forgees-accouplement\\\/#breadcrumb\",\"itemListElement\":[{\"@type\":\"ListItem\",\"position\":1,\"name\":\"\u0391\u03c1\u03c7\u03b9\u03ba\u03ae\",\"item\":\"https:\\\/\\\/metallotexnia-tsatsis.gr\\\/fr\\\/\"},{\"@type\":\"ListItem\",\"position\":2,\"name\":\"Boutique\",\"item\":\"https:\\\/\\\/metallotexnia-tsatsis.gr\\\/fr\\\/boutique\\\/\"},{\"@type\":\"ListItem\",\"position\":3,\"name\":\"Poign\u00e9es de porte forg\u00e9es &#8211; Accouplement\"}]},{\"@type\":\"WebSite\",\"@id\":\"https:\\\/\\\/metallotexnia-tsatsis.gr\\\/fr\\\/#website\",\"url\":\"https:\\\/\\\/metallotexnia-tsatsis.gr\\\/fr\\\/\",\"name\":\"Metallotexnia Tsatsis\",\"description\":\"\u0395\u03c1\u03b3\u03b1\u03c3\u03c4\u03ae\u03c1\u03b9\u03bf \u03a0\u03b1\u03c1\u03b1\u03b4\u03bf\u03c3\u03b9\u03b1\u03ba\u03ae \u03a4\u03ad\u03c7\u03bd\u03b7\u03c2 &amp; \u03a7\u03b5\u03b9\u03c1\u03bf\u03c0\u03bf\u03af\u03b7\u03c4\u03bf\u03c5 \u03a3\u03b9\u03b4\u03ae\u03c1\u03bf\u03c5\",\"publisher\":{\"@id\":\"https:\\\/\\\/metallotexnia-tsatsis.gr\\\/fr\\\/#organization\"},\"potentialAction\":[{\"@type\":\"SearchAction\",\"target\":{\"@type\":\"EntryPoint\",\"urlTemplate\":\"https:\\\/\\\/metallotexnia-tsatsis.gr\\\/fr\\\/?s={search_term_string}\"},\"query-input\":{\"@type\":\"PropertyValueSpecification\",\"valueRequired\":true,\"valueName\":\"search_term_string\"}}],\"inLanguage\":\"fr-FR\"},{\"@type\":\"Organization\",\"@id\":\"https:\\\/\\\/metallotexnia-tsatsis.gr\\\/fr\\\/#organization\",\"name\":\"Metallotexnia Tsatsis\",\"url\":\"https:\\\/\\\/metallotexnia-tsatsis.gr\\\/fr\\\/\",\"logo\":{\"@type\":\"ImageObject\",\"inLanguage\":\"fr-FR\",\"@id\":\"https:\\\/\\\/metallotexnia-tsatsis.gr\\\/fr\\\/#\\\/schema\\\/logo\\\/image\\\/\",\"url\":\"https:\\\/\\\/metallotexnia-tsatsis.gr\\\/wp-content\\\/uploads\\\/2025\\\/10\\\/W-Transparent-01.png\",\"contentUrl\":\"https:\\\/\\\/metallotexnia-tsatsis.gr\\\/wp-content\\\/uploads\\\/2025\\\/10\\\/W-Transparent-01.png\",\"width\":1396,\"height\":341,\"caption\":\"Metallotexnia Tsatsis\"},\"image\":{\"@id\":\"https:\\\/\\\/metallotexnia-tsatsis.gr\\\/fr\\\/#\\\/schema\\\/logo\\\/image\\\/\"}}]}<\/script>\n<!-- \/ Yoast SEO plugin. -->","yoast_head_json":{"title":"Poign\u00e9es de porte forg\u00e9es - Accouplement - Metallotexnia Tsatsis","description":"D\u00e9couvrez nos poign\u00e9es de porte en fer forg\u00e9 massif, fabriqu\u00e9es \u00e0 la main, qui allient artisanat traditionnel et design contemporain. Le choix id\u00e9al pour une esth\u00e9tique moderne et sophistiqu\u00e9e","robots":{"index":"index","follow":"follow","max-snippet":"max-snippet:-1","max-image-preview":"max-image-preview:large","max-video-preview":"max-video-preview:-1"},"canonical":"https:\/\/metallotexnia-tsatsis.gr\/fr\/produit\/poignees-de-porte-forgees-accouplement\/","og_locale":"fr_FR","og_type":"article","og_title":"Poign\u00e9es de porte forg\u00e9es - Accouplement - Metallotexnia Tsatsis","og_description":"D\u00e9couvrez nos poign\u00e9es de porte en fer forg\u00e9 massif, fabriqu\u00e9es \u00e0 la main, qui allient artisanat traditionnel et design contemporain. Le choix id\u00e9al pour une esth\u00e9tique moderne et sophistiqu\u00e9e","og_url":"https:\/\/metallotexnia-tsatsis.gr\/fr\/produit\/poignees-de-porte-forgees-accouplement\/","og_site_name":"Metallotexnia Tsatsis","og_image":[{"width":1200,"height":1200,"url":"https:\/\/metallotexnia-tsatsis.gr\/wp-content\/uploads\/2025\/12\/1.png","type":"image\/png"}],"twitter_card":"summary_large_image","twitter_misc":{"Dur\u00e9e de lecture estim\u00e9e":"1 minute"},"schema":{"@context":"https:\/\/schema.org","@graph":[{"@type":"WebPage","@id":"https:\/\/metallotexnia-tsatsis.gr\/fr\/produit\/poignees-de-porte-forgees-accouplement\/","url":"https:\/\/metallotexnia-tsatsis.gr\/fr\/produit\/poignees-de-porte-forgees-accouplement\/","name":"Poign\u00e9es de porte forg\u00e9es - Accouplement - Metallotexnia Tsatsis","isPartOf":{"@id":"https:\/\/metallotexnia-tsatsis.gr\/fr\/#website"},"primaryImageOfPage":{"@id":"https:\/\/metallotexnia-tsatsis.gr\/fr\/produit\/poignees-de-porte-forgees-accouplement\/#primaryimage"},"image":{"@id":"https:\/\/metallotexnia-tsatsis.gr\/fr\/produit\/poignees-de-porte-forgees-accouplement\/#primaryimage"},"thumbnailUrl":"https:\/\/metallotexnia-tsatsis.gr\/wp-content\/uploads\/2025\/12\/1.png","datePublished":"2026-04-01T13:34:04+00:00","description":"D\u00e9couvrez nos poign\u00e9es de porte en fer forg\u00e9 massif, fabriqu\u00e9es \u00e0 la main, qui allient artisanat traditionnel et design contemporain. Le choix id\u00e9al pour une esth\u00e9tique moderne et sophistiqu\u00e9e","breadcrumb":{"@id":"https:\/\/metallotexnia-tsatsis.gr\/fr\/produit\/poignees-de-porte-forgees-accouplement\/#breadcrumb"},"inLanguage":"fr-FR","potentialAction":[{"@type":"ReadAction","target":["https:\/\/metallotexnia-tsatsis.gr\/fr\/produit\/poignees-de-porte-forgees-accouplement\/"]}]},{"@type":"ImageObject","inLanguage":"fr-FR","@id":"https:\/\/metallotexnia-tsatsis.gr\/fr\/produit\/poignees-de-porte-forgees-accouplement\/#primaryimage","url":"https:\/\/metallotexnia-tsatsis.gr\/wp-content\/uploads\/2025\/12\/1.png","contentUrl":"https:\/\/metallotexnia-tsatsis.gr\/wp-content\/uploads\/2025\/12\/1.png","width":1200,"height":1200},{"@type":"BreadcrumbList","@id":"https:\/\/metallotexnia-tsatsis.gr\/fr\/produit\/poignees-de-porte-forgees-accouplement\/#breadcrumb","itemListElement":[{"@type":"ListItem","position":1,"name":"\u0391\u03c1\u03c7\u03b9\u03ba\u03ae","item":"https:\/\/metallotexnia-tsatsis.gr\/fr\/"},{"@type":"ListItem","position":2,"name":"Boutique","item":"https:\/\/metallotexnia-tsatsis.gr\/fr\/boutique\/"},{"@type":"ListItem","position":3,"name":"Poign\u00e9es de porte forg\u00e9es &#8211; Accouplement"}]},{"@type":"WebSite","@id":"https:\/\/metallotexnia-tsatsis.gr\/fr\/#website","url":"https:\/\/metallotexnia-tsatsis.gr\/fr\/","name":"Metallotexnia Tsatsis","description":"\u0395\u03c1\u03b3\u03b1\u03c3\u03c4\u03ae\u03c1\u03b9\u03bf \u03a0\u03b1\u03c1\u03b1\u03b4\u03bf\u03c3\u03b9\u03b1\u03ba\u03ae \u03a4\u03ad\u03c7\u03bd\u03b7\u03c2 &amp; \u03a7\u03b5\u03b9\u03c1\u03bf\u03c0\u03bf\u03af\u03b7\u03c4\u03bf\u03c5 \u03a3\u03b9\u03b4\u03ae\u03c1\u03bf\u03c5","publisher":{"@id":"https:\/\/metallotexnia-tsatsis.gr\/fr\/#organization"},"potentialAction":[{"@type":"SearchAction","target":{"@type":"EntryPoint","urlTemplate":"https:\/\/metallotexnia-tsatsis.gr\/fr\/?s={search_term_string}"},"query-input":{"@type":"PropertyValueSpecification","valueRequired":true,"valueName":"search_term_string"}}],"inLanguage":"fr-FR"},{"@type":"Organization","@id":"https:\/\/metallotexnia-tsatsis.gr\/fr\/#organization","name":"Metallotexnia Tsatsis","url":"https:\/\/metallotexnia-tsatsis.gr\/fr\/","logo":{"@type":"ImageObject","inLanguage":"fr-FR","@id":"https:\/\/metallotexnia-tsatsis.gr\/fr\/#\/schema\/logo\/image\/","url":"https:\/\/metallotexnia-tsatsis.gr\/wp-content\/uploads\/2025\/10\/W-Transparent-01.png","contentUrl":"https:\/\/metallotexnia-tsatsis.gr\/wp-content\/uploads\/2025\/10\/W-Transparent-01.png","width":1396,"height":341,"caption":"Metallotexnia Tsatsis"},"image":{"@id":"https:\/\/metallotexnia-tsatsis.gr\/fr\/#\/schema\/logo\/image\/"}}]}},"_links":{"self":[{"href":"https:\/\/metallotexnia-tsatsis.gr\/fr\/wp-json\/wp\/v2\/product\/27767","targetHints":{"allow":["GET"]}}],"collection":[{"href":"https:\/\/metallotexnia-tsatsis.gr\/fr\/wp-json\/wp\/v2\/product"}],"about":[{"href":"https:\/\/metallotexnia-tsatsis.gr\/fr\/wp-json\/wp\/v2\/types\/product"}],"replies":[{"embeddable":true,"href":"https:\/\/metallotexnia-tsatsis.gr\/fr\/wp-json\/wp\/v2\/comments?post=27767"}],"version-history":[{"count":0,"href":"https:\/\/metallotexnia-tsatsis.gr\/fr\/wp-json\/wp\/v2\/product\/27767\/revisions"}],"wp:featuredmedia":[{"embeddable":true,"href":"https:\/\/metallotexnia-tsatsis.gr\/fr\/wp-json\/wp\/v2\/media\/25995"}],"wp:attachment":[{"href":"https:\/\/metallotexnia-tsatsis.gr\/fr\/wp-json\/wp\/v2\/media?parent=27767"}],"wp:term":[{"taxonomy":"product_brand","embeddable":true,"href":"https:\/\/metallotexnia-tsatsis.gr\/fr\/wp-json\/wp\/v2\/product_brand?post=27767"},{"taxonomy":"product_cat","embeddable":true,"href":"https:\/\/metallotexnia-tsatsis.gr\/fr\/wp-json\/wp\/v2\/product_cat?post=27767"},{"taxonomy":"product_tag","embeddable":true,"href":"https:\/\/metallotexnia-tsatsis.gr\/fr\/wp-json\/wp\/v2\/product_tag?post=27767"}],"curies":[{"name":"wp","href":"https:\/\/api.w.org\/{rel}","templated":true}]}}