{"id":27760,"date":"2026-04-01T13:31:49","date_gmt":"2026-04-01T13:31:49","guid":{"rendered":"https:\/\/metallotexnia-tsatsis.gr\/product\/poignees-de-porte-forgees-bullet\/"},"modified":"2026-04-01T13:33:42","modified_gmt":"2026-04-01T13:33:42","slug":"poignees-de-porte-forgees-bullet","status":"publish","type":"product","link":"https:\/\/metallotexnia-tsatsis.gr\/fr\/produit\/poignees-de-porte-forgees-bullet\/","title":{"rendered":"Poign\u00e9es de porte forg\u00e9es &#8211; Bullet"},"content":{"rendered":"<p data-start=\"284\" data-end=\"517\">Un ensemble de poign\u00e9es fabriqu\u00e9es \u00e0 la main, entre forme sculpturale et fonctionnalit\u00e9.<br data-start=\"379\" data-end=\"382\">La courbe douce du m\u00e9tal conduit le regard vers deux extr\u00e9mit\u00e9s sph\u00e9riques, cr\u00e9ant un dialogue subtil de sym\u00e9trie et de mouvement.<\/p>\n<p data-start=\"519\" data-end=\"780\">Chaque ligne a \u00e9t\u00e9 fa\u00e7onn\u00e9e \u00e0 la main, avec des traces \u00e9videntes du traitement, ce qui donne de la profondeur et un caract\u00e8re unique \u00e0 chaque pi\u00e8ce. Les sph\u00e8res agissent comme un point de r\u00e9f\u00e9rence &#8211; une finition calme et architecturale qui respire l&rsquo;\u00e9quilibre et l&rsquo;\u00e9l\u00e9gance intemporelle. <\/p>\n<p data-start=\"782\" data-end=\"1057\">Id\u00e9al pour les portes qui exigent une pr\u00e9sence sans exc\u00e8s, cet ensemble incorpore l&rsquo;authenticit\u00e9 de l&rsquo;artisanat grec dans un objet de grande valeur esth\u00e9tique.<br data-start=\"959\" data-end=\"962\">Il n&rsquo;y a pas deux poign\u00e9es identiques, c&rsquo;est pr\u00e9cis\u00e9ment son luxe.<\/p>\n","protected":false},"excerpt":{"rendered":"<p>Notre collection de poign\u00e9es de porte faites \u00e0 la main met en valeur l&rsquo;art s\u00e9culaire de la forge. Chaque pi\u00e8ce est le r\u00e9sultat d&rsquo;un travail artisanal et traditionnel, avec la signature de Tsatsis Metalworking. Nous cr\u00e9ons des poign\u00e9es de portes et de portails qui se distinguent non seulement par leur fonctionnalit\u00e9, mais aussi par leur esth\u00e9tique, car chaque produit est une \u0153uvre d&rsquo;art.  <\/p>\n","protected":false},"featured_media":25990,"comment_status":"open","ping_status":"closed","template":"","meta":[],"product_brand":[],"product_cat":[94],"product_tag":[],"class_list":{"0":"post-27760","1":"product","2":"type-product","3":"status-publish","4":"has-post-thumbnail","6":"product_cat-poignees-de-porte","8":"first","9":"instock","10":"sold-individually","11":"taxable","12":"shipping-taxable","13":"purchasable","14":"product-type-simple"},"yoast_head":"<!-- This site is optimized with the Yoast SEO plugin v27.4 - https:\/\/yoast.com\/product\/yoast-seo-wordpress\/ -->\n<title>Poign\u00e9es de porte forg\u00e9es - Bullet - Metallotexnia Tsatsis<\/title>\n<meta name=\"description\" content=\"D\u00e9couvrez nos poign\u00e9es de porte en fer forg\u00e9 massif, fabriqu\u00e9es \u00e0 la main, qui allient artisanat traditionnel et design contemporain. Le choix id\u00e9al pour une esth\u00e9tique moderne et sophistiqu\u00e9e\" \/>\n<meta name=\"robots\" content=\"index, follow, max-snippet:-1, max-image-preview:large, max-video-preview:-1\" \/>\n<link rel=\"canonical\" href=\"https:\/\/metallotexnia-tsatsis.gr\/fr\/produit\/poignees-de-porte-forgees-bullet\/\" \/>\n<meta property=\"og:locale\" content=\"fr_FR\" \/>\n<meta property=\"og:type\" content=\"article\" \/>\n<meta property=\"og:title\" content=\"Poign\u00e9es de porte forg\u00e9es - Bullet - Metallotexnia Tsatsis\" \/>\n<meta property=\"og:description\" content=\"D\u00e9couvrez nos poign\u00e9es de porte en fer forg\u00e9 massif, fabriqu\u00e9es \u00e0 la main, qui allient artisanat traditionnel et design contemporain. Le choix id\u00e9al pour une esth\u00e9tique moderne et sophistiqu\u00e9e\" \/>\n<meta property=\"og:url\" content=\"https:\/\/metallotexnia-tsatsis.gr\/fr\/produit\/poignees-de-porte-forgees-bullet\/\" \/>\n<meta property=\"og:site_name\" content=\"Metallotexnia Tsatsis\" \/>\n<meta property=\"article:modified_time\" content=\"2026-04-01T13:33:42+00:00\" \/>\n<meta property=\"og:image\" content=\"https:\/\/metallotexnia-tsatsis.gr\/wp-content\/uploads\/2025\/12\/5.png\" \/>\n\t<meta property=\"og:image:width\" content=\"1200\" \/>\n\t<meta property=\"og:image:height\" content=\"1200\" \/>\n\t<meta property=\"og:image:type\" content=\"image\/png\" \/>\n<meta name=\"twitter:card\" content=\"summary_large_image\" \/>\n<meta name=\"twitter:label1\" content=\"Dur\u00e9e de lecture estim\u00e9e\" \/>\n\t<meta name=\"twitter:data1\" content=\"1 minute\" \/>\n<script type=\"application\/ld+json\" class=\"yoast-schema-graph\">{\"@context\":\"https:\\\/\\\/schema.org\",\"@graph\":[{\"@type\":\"WebPage\",\"@id\":\"https:\\\/\\\/metallotexnia-tsatsis.gr\\\/fr\\\/produit\\\/poignees-de-porte-forgees-bullet\\\/\",\"url\":\"https:\\\/\\\/metallotexnia-tsatsis.gr\\\/fr\\\/produit\\\/poignees-de-porte-forgees-bullet\\\/\",\"name\":\"Poign\u00e9es de porte forg\u00e9es - Bullet - Metallotexnia Tsatsis\",\"isPartOf\":{\"@id\":\"https:\\\/\\\/metallotexnia-tsatsis.gr\\\/fr\\\/#website\"},\"primaryImageOfPage\":{\"@id\":\"https:\\\/\\\/metallotexnia-tsatsis.gr\\\/fr\\\/produit\\\/poignees-de-porte-forgees-bullet\\\/#primaryimage\"},\"image\":{\"@id\":\"https:\\\/\\\/metallotexnia-tsatsis.gr\\\/fr\\\/produit\\\/poignees-de-porte-forgees-bullet\\\/#primaryimage\"},\"thumbnailUrl\":\"https:\\\/\\\/metallotexnia-tsatsis.gr\\\/wp-content\\\/uploads\\\/2025\\\/12\\\/5.png\",\"datePublished\":\"2026-04-01T13:31:49+00:00\",\"dateModified\":\"2026-04-01T13:33:42+00:00\",\"description\":\"D\u00e9couvrez nos poign\u00e9es de porte en fer forg\u00e9 massif, fabriqu\u00e9es \u00e0 la main, qui allient artisanat traditionnel et design contemporain. Le choix id\u00e9al pour une esth\u00e9tique moderne et sophistiqu\u00e9e\",\"breadcrumb\":{\"@id\":\"https:\\\/\\\/metallotexnia-tsatsis.gr\\\/fr\\\/produit\\\/poignees-de-porte-forgees-bullet\\\/#breadcrumb\"},\"inLanguage\":\"fr-FR\",\"potentialAction\":[{\"@type\":\"ReadAction\",\"target\":[\"https:\\\/\\\/metallotexnia-tsatsis.gr\\\/fr\\\/produit\\\/poignees-de-porte-forgees-bullet\\\/\"]}]},{\"@type\":\"ImageObject\",\"inLanguage\":\"fr-FR\",\"@id\":\"https:\\\/\\\/metallotexnia-tsatsis.gr\\\/fr\\\/produit\\\/poignees-de-porte-forgees-bullet\\\/#primaryimage\",\"url\":\"https:\\\/\\\/metallotexnia-tsatsis.gr\\\/wp-content\\\/uploads\\\/2025\\\/12\\\/5.png\",\"contentUrl\":\"https:\\\/\\\/metallotexnia-tsatsis.gr\\\/wp-content\\\/uploads\\\/2025\\\/12\\\/5.png\",\"width\":1200,\"height\":1200},{\"@type\":\"BreadcrumbList\",\"@id\":\"https:\\\/\\\/metallotexnia-tsatsis.gr\\\/fr\\\/produit\\\/poignees-de-porte-forgees-bullet\\\/#breadcrumb\",\"itemListElement\":[{\"@type\":\"ListItem\",\"position\":1,\"name\":\"\u0391\u03c1\u03c7\u03b9\u03ba\u03ae\",\"item\":\"https:\\\/\\\/metallotexnia-tsatsis.gr\\\/fr\\\/\"},{\"@type\":\"ListItem\",\"position\":2,\"name\":\"Boutique\",\"item\":\"https:\\\/\\\/metallotexnia-tsatsis.gr\\\/fr\\\/boutique\\\/\"},{\"@type\":\"ListItem\",\"position\":3,\"name\":\"Poign\u00e9es de porte forg\u00e9es &#8211; Bullet\"}]},{\"@type\":\"WebSite\",\"@id\":\"https:\\\/\\\/metallotexnia-tsatsis.gr\\\/fr\\\/#website\",\"url\":\"https:\\\/\\\/metallotexnia-tsatsis.gr\\\/fr\\\/\",\"name\":\"Metallotexnia Tsatsis\",\"description\":\"\u0395\u03c1\u03b3\u03b1\u03c3\u03c4\u03ae\u03c1\u03b9\u03bf \u03a0\u03b1\u03c1\u03b1\u03b4\u03bf\u03c3\u03b9\u03b1\u03ba\u03ae \u03a4\u03ad\u03c7\u03bd\u03b7\u03c2 &amp; \u03a7\u03b5\u03b9\u03c1\u03bf\u03c0\u03bf\u03af\u03b7\u03c4\u03bf\u03c5 \u03a3\u03b9\u03b4\u03ae\u03c1\u03bf\u03c5\",\"publisher\":{\"@id\":\"https:\\\/\\\/metallotexnia-tsatsis.gr\\\/fr\\\/#organization\"},\"potentialAction\":[{\"@type\":\"SearchAction\",\"target\":{\"@type\":\"EntryPoint\",\"urlTemplate\":\"https:\\\/\\\/metallotexnia-tsatsis.gr\\\/fr\\\/?s={search_term_string}\"},\"query-input\":{\"@type\":\"PropertyValueSpecification\",\"valueRequired\":true,\"valueName\":\"search_term_string\"}}],\"inLanguage\":\"fr-FR\"},{\"@type\":\"Organization\",\"@id\":\"https:\\\/\\\/metallotexnia-tsatsis.gr\\\/fr\\\/#organization\",\"name\":\"Metallotexnia Tsatsis\",\"url\":\"https:\\\/\\\/metallotexnia-tsatsis.gr\\\/fr\\\/\",\"logo\":{\"@type\":\"ImageObject\",\"inLanguage\":\"fr-FR\",\"@id\":\"https:\\\/\\\/metallotexnia-tsatsis.gr\\\/fr\\\/#\\\/schema\\\/logo\\\/image\\\/\",\"url\":\"https:\\\/\\\/metallotexnia-tsatsis.gr\\\/wp-content\\\/uploads\\\/2025\\\/10\\\/W-Transparent-01.png\",\"contentUrl\":\"https:\\\/\\\/metallotexnia-tsatsis.gr\\\/wp-content\\\/uploads\\\/2025\\\/10\\\/W-Transparent-01.png\",\"width\":1396,\"height\":341,\"caption\":\"Metallotexnia Tsatsis\"},\"image\":{\"@id\":\"https:\\\/\\\/metallotexnia-tsatsis.gr\\\/fr\\\/#\\\/schema\\\/logo\\\/image\\\/\"}}]}<\/script>\n<!-- \/ Yoast SEO plugin. -->","yoast_head_json":{"title":"Poign\u00e9es de porte forg\u00e9es - Bullet - Metallotexnia Tsatsis","description":"D\u00e9couvrez nos poign\u00e9es de porte en fer forg\u00e9 massif, fabriqu\u00e9es \u00e0 la main, qui allient artisanat traditionnel et design contemporain. Le choix id\u00e9al pour une esth\u00e9tique moderne et sophistiqu\u00e9e","robots":{"index":"index","follow":"follow","max-snippet":"max-snippet:-1","max-image-preview":"max-image-preview:large","max-video-preview":"max-video-preview:-1"},"canonical":"https:\/\/metallotexnia-tsatsis.gr\/fr\/produit\/poignees-de-porte-forgees-bullet\/","og_locale":"fr_FR","og_type":"article","og_title":"Poign\u00e9es de porte forg\u00e9es - Bullet - Metallotexnia Tsatsis","og_description":"D\u00e9couvrez nos poign\u00e9es de porte en fer forg\u00e9 massif, fabriqu\u00e9es \u00e0 la main, qui allient artisanat traditionnel et design contemporain. Le choix id\u00e9al pour une esth\u00e9tique moderne et sophistiqu\u00e9e","og_url":"https:\/\/metallotexnia-tsatsis.gr\/fr\/produit\/poignees-de-porte-forgees-bullet\/","og_site_name":"Metallotexnia Tsatsis","article_modified_time":"2026-04-01T13:33:42+00:00","og_image":[{"width":1200,"height":1200,"url":"https:\/\/metallotexnia-tsatsis.gr\/wp-content\/uploads\/2025\/12\/5.png","type":"image\/png"}],"twitter_card":"summary_large_image","twitter_misc":{"Dur\u00e9e de lecture estim\u00e9e":"1 minute"},"schema":{"@context":"https:\/\/schema.org","@graph":[{"@type":"WebPage","@id":"https:\/\/metallotexnia-tsatsis.gr\/fr\/produit\/poignees-de-porte-forgees-bullet\/","url":"https:\/\/metallotexnia-tsatsis.gr\/fr\/produit\/poignees-de-porte-forgees-bullet\/","name":"Poign\u00e9es de porte forg\u00e9es - Bullet - Metallotexnia Tsatsis","isPartOf":{"@id":"https:\/\/metallotexnia-tsatsis.gr\/fr\/#website"},"primaryImageOfPage":{"@id":"https:\/\/metallotexnia-tsatsis.gr\/fr\/produit\/poignees-de-porte-forgees-bullet\/#primaryimage"},"image":{"@id":"https:\/\/metallotexnia-tsatsis.gr\/fr\/produit\/poignees-de-porte-forgees-bullet\/#primaryimage"},"thumbnailUrl":"https:\/\/metallotexnia-tsatsis.gr\/wp-content\/uploads\/2025\/12\/5.png","datePublished":"2026-04-01T13:31:49+00:00","dateModified":"2026-04-01T13:33:42+00:00","description":"D\u00e9couvrez nos poign\u00e9es de porte en fer forg\u00e9 massif, fabriqu\u00e9es \u00e0 la main, qui allient artisanat traditionnel et design contemporain. Le choix id\u00e9al pour une esth\u00e9tique moderne et sophistiqu\u00e9e","breadcrumb":{"@id":"https:\/\/metallotexnia-tsatsis.gr\/fr\/produit\/poignees-de-porte-forgees-bullet\/#breadcrumb"},"inLanguage":"fr-FR","potentialAction":[{"@type":"ReadAction","target":["https:\/\/metallotexnia-tsatsis.gr\/fr\/produit\/poignees-de-porte-forgees-bullet\/"]}]},{"@type":"ImageObject","inLanguage":"fr-FR","@id":"https:\/\/metallotexnia-tsatsis.gr\/fr\/produit\/poignees-de-porte-forgees-bullet\/#primaryimage","url":"https:\/\/metallotexnia-tsatsis.gr\/wp-content\/uploads\/2025\/12\/5.png","contentUrl":"https:\/\/metallotexnia-tsatsis.gr\/wp-content\/uploads\/2025\/12\/5.png","width":1200,"height":1200},{"@type":"BreadcrumbList","@id":"https:\/\/metallotexnia-tsatsis.gr\/fr\/produit\/poignees-de-porte-forgees-bullet\/#breadcrumb","itemListElement":[{"@type":"ListItem","position":1,"name":"\u0391\u03c1\u03c7\u03b9\u03ba\u03ae","item":"https:\/\/metallotexnia-tsatsis.gr\/fr\/"},{"@type":"ListItem","position":2,"name":"Boutique","item":"https:\/\/metallotexnia-tsatsis.gr\/fr\/boutique\/"},{"@type":"ListItem","position":3,"name":"Poign\u00e9es de porte forg\u00e9es &#8211; Bullet"}]},{"@type":"WebSite","@id":"https:\/\/metallotexnia-tsatsis.gr\/fr\/#website","url":"https:\/\/metallotexnia-tsatsis.gr\/fr\/","name":"Metallotexnia Tsatsis","description":"\u0395\u03c1\u03b3\u03b1\u03c3\u03c4\u03ae\u03c1\u03b9\u03bf \u03a0\u03b1\u03c1\u03b1\u03b4\u03bf\u03c3\u03b9\u03b1\u03ba\u03ae \u03a4\u03ad\u03c7\u03bd\u03b7\u03c2 &amp; \u03a7\u03b5\u03b9\u03c1\u03bf\u03c0\u03bf\u03af\u03b7\u03c4\u03bf\u03c5 \u03a3\u03b9\u03b4\u03ae\u03c1\u03bf\u03c5","publisher":{"@id":"https:\/\/metallotexnia-tsatsis.gr\/fr\/#organization"},"potentialAction":[{"@type":"SearchAction","target":{"@type":"EntryPoint","urlTemplate":"https:\/\/metallotexnia-tsatsis.gr\/fr\/?s={search_term_string}"},"query-input":{"@type":"PropertyValueSpecification","valueRequired":true,"valueName":"search_term_string"}}],"inLanguage":"fr-FR"},{"@type":"Organization","@id":"https:\/\/metallotexnia-tsatsis.gr\/fr\/#organization","name":"Metallotexnia Tsatsis","url":"https:\/\/metallotexnia-tsatsis.gr\/fr\/","logo":{"@type":"ImageObject","inLanguage":"fr-FR","@id":"https:\/\/metallotexnia-tsatsis.gr\/fr\/#\/schema\/logo\/image\/","url":"https:\/\/metallotexnia-tsatsis.gr\/wp-content\/uploads\/2025\/10\/W-Transparent-01.png","contentUrl":"https:\/\/metallotexnia-tsatsis.gr\/wp-content\/uploads\/2025\/10\/W-Transparent-01.png","width":1396,"height":341,"caption":"Metallotexnia Tsatsis"},"image":{"@id":"https:\/\/metallotexnia-tsatsis.gr\/fr\/#\/schema\/logo\/image\/"}}]}},"_links":{"self":[{"href":"https:\/\/metallotexnia-tsatsis.gr\/fr\/wp-json\/wp\/v2\/product\/27760","targetHints":{"allow":["GET"]}}],"collection":[{"href":"https:\/\/metallotexnia-tsatsis.gr\/fr\/wp-json\/wp\/v2\/product"}],"about":[{"href":"https:\/\/metallotexnia-tsatsis.gr\/fr\/wp-json\/wp\/v2\/types\/product"}],"replies":[{"embeddable":true,"href":"https:\/\/metallotexnia-tsatsis.gr\/fr\/wp-json\/wp\/v2\/comments?post=27760"}],"version-history":[{"count":0,"href":"https:\/\/metallotexnia-tsatsis.gr\/fr\/wp-json\/wp\/v2\/product\/27760\/revisions"}],"wp:featuredmedia":[{"embeddable":true,"href":"https:\/\/metallotexnia-tsatsis.gr\/fr\/wp-json\/wp\/v2\/media\/25990"}],"wp:attachment":[{"href":"https:\/\/metallotexnia-tsatsis.gr\/fr\/wp-json\/wp\/v2\/media?parent=27760"}],"wp:term":[{"taxonomy":"product_brand","embeddable":true,"href":"https:\/\/metallotexnia-tsatsis.gr\/fr\/wp-json\/wp\/v2\/product_brand?post=27760"},{"taxonomy":"product_cat","embeddable":true,"href":"https:\/\/metallotexnia-tsatsis.gr\/fr\/wp-json\/wp\/v2\/product_cat?post=27760"},{"taxonomy":"product_tag","embeddable":true,"href":"https:\/\/metallotexnia-tsatsis.gr\/fr\/wp-json\/wp\/v2\/product_tag?post=27760"}],"curies":[{"name":"wp","href":"https:\/\/api.w.org\/{rel}","templated":true}]}}