{"id":27753,"date":"2026-04-01T13:28:29","date_gmt":"2026-04-01T13:28:29","guid":{"rendered":"https:\/\/metallotexnia-tsatsis.gr\/product\/bouton-de-porte-dentree-cercle\/"},"modified":"2026-04-01T13:31:26","modified_gmt":"2026-04-01T13:31:26","slug":"bouton-de-porte-dentree-cercle","status":"publish","type":"product","link":"https:\/\/metallotexnia-tsatsis.gr\/fr\/produit\/bouton-de-porte-dentree-cercle\/","title":{"rendered":"Bouton de porte d&rsquo;entr\u00e9e | Cercle"},"content":{"rendered":"<p data-start=\"447\" data-end=\"616\">La robe de chambre <strong data-start=\"464\" data-end=\"476\">\u00ab\u00a0Circle\u00a0\u00bb<\/strong> est une interpr\u00e9tation moderne de la forge traditionnelle, con\u00e7ue pour les espaces o\u00f9 le d\u00e9tail n&rsquo;est pas une option mais une exigence.<\/p>\n<p data-start=\"618\" data-end=\"910\">Sa forme circulaire &#8211; symbole intemporel d&rsquo;\u00e9quilibre, de continuit\u00e9 et d&rsquo;harmonie &#8211; est imprim\u00e9e sur du fer massif, forg\u00e9 exclusivement dans notre atelier. La surface porte les traces d&rsquo;un traitement artisanal, discret et authentique, qui donne de la profondeur et du caract\u00e8re sans exag\u00e9ration. <\/p>\n<p data-start=\"912\" data-end=\"1191\">Chaque robe <strong data-start=\"924\" data-end=\"936\">\u00ab\u00a0Circle\u00a0\u00bb<\/strong> est unique. Elle n&rsquo;est pas produite \u00e0 la cha\u00eene et ne recherche pas l&rsquo;uniformit\u00e9 absolue. Au contraire, il honore l&rsquo;unicit\u00e9 du mat\u00e9riau et l&rsquo;intervention humaine, cr\u00e9ant un objet d&rsquo;une grande esth\u00e9tique qui met en valeur l&rsquo;entr\u00e9e en tant que rituel.  <\/p>\n<p data-start=\"1193\" data-end=\"1306\">Id\u00e9al pour les r\u00e9sidences architecturales, les h\u00f4tels de charme et les entr\u00e9es qui exigent un luxe discret et substantiel.<\/p>\n","protected":false},"excerpt":{"rendered":"<p>Nous vous pr\u00e9sentons la serrure de porte traditionnelle &amp; une serrure de porte artisanale, un chef-d&rsquo;\u0153uvre de style con\u00e7u pour renforcer la s\u00e9curit\u00e9 et l&rsquo;esth\u00e9tique de votre entr\u00e9e. Chaque serrure est forg\u00e9e en fer massif, ce qui lui conf\u00e8re une solidit\u00e9 et une stabilit\u00e9 \u00e0 toute \u00e9preuve.<\/p>\n","protected":false},"featured_media":25959,"comment_status":"open","ping_status":"closed","template":"","meta":[],"product_brand":[],"product_cat":[105],"product_tag":[],"class_list":{"0":"post-27753","1":"product","2":"type-product","3":"status-publish","4":"has-post-thumbnail","6":"product_cat-serrures-traditionnelles","8":"first","9":"instock","10":"sold-individually","11":"taxable","12":"shipping-taxable","13":"purchasable","14":"product-type-simple"},"yoast_head":"<!-- This site is optimized with the Yoast SEO plugin v27.4 - https:\/\/yoast.com\/product\/yoast-seo-wordpress\/ -->\n<title>Bouton de porte d&#039;entr\u00e9e | Cercle - Metallotexnia Tsatsis<\/title>\n<meta name=\"description\" content=\"Peignoir en fer forg\u00e9 fait \u00e0 la main, au design circulaire et intemporel. Construction sur mesure d&#039;une grande esth\u00e9tique pour des entr\u00e9es luxueuses.\" \/>\n<meta name=\"robots\" content=\"index, follow, max-snippet:-1, max-image-preview:large, max-video-preview:-1\" \/>\n<link rel=\"canonical\" href=\"https:\/\/metallotexnia-tsatsis.gr\/fr\/produit\/bouton-de-porte-dentree-cercle\/\" \/>\n<meta property=\"og:locale\" content=\"fr_FR\" \/>\n<meta property=\"og:type\" content=\"article\" \/>\n<meta property=\"og:title\" content=\"Bouton de porte d&#039;entr\u00e9e | Cercle - Metallotexnia Tsatsis\" \/>\n<meta property=\"og:description\" content=\"Peignoir en fer forg\u00e9 fait \u00e0 la main, au design circulaire et intemporel. Construction sur mesure d&#039;une grande esth\u00e9tique pour des entr\u00e9es luxueuses.\" \/>\n<meta property=\"og:url\" content=\"https:\/\/metallotexnia-tsatsis.gr\/fr\/produit\/bouton-de-porte-dentree-cercle\/\" \/>\n<meta property=\"og:site_name\" content=\"Metallotexnia Tsatsis\" \/>\n<meta property=\"article:modified_time\" content=\"2026-04-01T13:31:26+00:00\" \/>\n<meta property=\"og:image\" content=\"https:\/\/metallotexnia-tsatsis.gr\/wp-content\/uploads\/2025\/12\/DSC07008-scaled.jpg\" \/>\n\t<meta property=\"og:image:width\" content=\"2560\" \/>\n\t<meta property=\"og:image:height\" content=\"1707\" \/>\n\t<meta property=\"og:image:type\" content=\"image\/jpeg\" \/>\n<meta name=\"twitter:card\" content=\"summary_large_image\" \/>\n<meta name=\"twitter:label1\" content=\"Dur\u00e9e de lecture estim\u00e9e\" \/>\n\t<meta name=\"twitter:data1\" content=\"1 minute\" \/>\n<script type=\"application\/ld+json\" class=\"yoast-schema-graph\">{\"@context\":\"https:\\\/\\\/schema.org\",\"@graph\":[{\"@type\":\"WebPage\",\"@id\":\"https:\\\/\\\/metallotexnia-tsatsis.gr\\\/fr\\\/produit\\\/bouton-de-porte-dentree-cercle\\\/\",\"url\":\"https:\\\/\\\/metallotexnia-tsatsis.gr\\\/fr\\\/produit\\\/bouton-de-porte-dentree-cercle\\\/\",\"name\":\"Bouton de porte d'entr\u00e9e | Cercle - Metallotexnia Tsatsis\",\"isPartOf\":{\"@id\":\"https:\\\/\\\/metallotexnia-tsatsis.gr\\\/fr\\\/#website\"},\"primaryImageOfPage\":{\"@id\":\"https:\\\/\\\/metallotexnia-tsatsis.gr\\\/fr\\\/produit\\\/bouton-de-porte-dentree-cercle\\\/#primaryimage\"},\"image\":{\"@id\":\"https:\\\/\\\/metallotexnia-tsatsis.gr\\\/fr\\\/produit\\\/bouton-de-porte-dentree-cercle\\\/#primaryimage\"},\"thumbnailUrl\":\"https:\\\/\\\/metallotexnia-tsatsis.gr\\\/wp-content\\\/uploads\\\/2025\\\/12\\\/DSC07008-scaled.jpg\",\"datePublished\":\"2026-04-01T13:28:29+00:00\",\"dateModified\":\"2026-04-01T13:31:26+00:00\",\"description\":\"Peignoir en fer forg\u00e9 fait \u00e0 la main, au design circulaire et intemporel. Construction sur mesure d'une grande esth\u00e9tique pour des entr\u00e9es luxueuses.\",\"breadcrumb\":{\"@id\":\"https:\\\/\\\/metallotexnia-tsatsis.gr\\\/fr\\\/produit\\\/bouton-de-porte-dentree-cercle\\\/#breadcrumb\"},\"inLanguage\":\"fr-FR\",\"potentialAction\":[{\"@type\":\"ReadAction\",\"target\":[\"https:\\\/\\\/metallotexnia-tsatsis.gr\\\/fr\\\/produit\\\/bouton-de-porte-dentree-cercle\\\/\"]}]},{\"@type\":\"ImageObject\",\"inLanguage\":\"fr-FR\",\"@id\":\"https:\\\/\\\/metallotexnia-tsatsis.gr\\\/fr\\\/produit\\\/bouton-de-porte-dentree-cercle\\\/#primaryimage\",\"url\":\"https:\\\/\\\/metallotexnia-tsatsis.gr\\\/wp-content\\\/uploads\\\/2025\\\/12\\\/DSC07008-scaled.jpg\",\"contentUrl\":\"https:\\\/\\\/metallotexnia-tsatsis.gr\\\/wp-content\\\/uploads\\\/2025\\\/12\\\/DSC07008-scaled.jpg\",\"width\":2560,\"height\":1707},{\"@type\":\"BreadcrumbList\",\"@id\":\"https:\\\/\\\/metallotexnia-tsatsis.gr\\\/fr\\\/produit\\\/bouton-de-porte-dentree-cercle\\\/#breadcrumb\",\"itemListElement\":[{\"@type\":\"ListItem\",\"position\":1,\"name\":\"\u0391\u03c1\u03c7\u03b9\u03ba\u03ae\",\"item\":\"https:\\\/\\\/metallotexnia-tsatsis.gr\\\/fr\\\/\"},{\"@type\":\"ListItem\",\"position\":2,\"name\":\"Boutique\",\"item\":\"https:\\\/\\\/metallotexnia-tsatsis.gr\\\/fr\\\/boutique\\\/\"},{\"@type\":\"ListItem\",\"position\":3,\"name\":\"Bouton de porte d&rsquo;entr\u00e9e | Cercle\"}]},{\"@type\":\"WebSite\",\"@id\":\"https:\\\/\\\/metallotexnia-tsatsis.gr\\\/fr\\\/#website\",\"url\":\"https:\\\/\\\/metallotexnia-tsatsis.gr\\\/fr\\\/\",\"name\":\"Metallotexnia Tsatsis\",\"description\":\"\u0395\u03c1\u03b3\u03b1\u03c3\u03c4\u03ae\u03c1\u03b9\u03bf \u03a0\u03b1\u03c1\u03b1\u03b4\u03bf\u03c3\u03b9\u03b1\u03ba\u03ae \u03a4\u03ad\u03c7\u03bd\u03b7\u03c2 &amp; \u03a7\u03b5\u03b9\u03c1\u03bf\u03c0\u03bf\u03af\u03b7\u03c4\u03bf\u03c5 \u03a3\u03b9\u03b4\u03ae\u03c1\u03bf\u03c5\",\"publisher\":{\"@id\":\"https:\\\/\\\/metallotexnia-tsatsis.gr\\\/fr\\\/#organization\"},\"potentialAction\":[{\"@type\":\"SearchAction\",\"target\":{\"@type\":\"EntryPoint\",\"urlTemplate\":\"https:\\\/\\\/metallotexnia-tsatsis.gr\\\/fr\\\/?s={search_term_string}\"},\"query-input\":{\"@type\":\"PropertyValueSpecification\",\"valueRequired\":true,\"valueName\":\"search_term_string\"}}],\"inLanguage\":\"fr-FR\"},{\"@type\":\"Organization\",\"@id\":\"https:\\\/\\\/metallotexnia-tsatsis.gr\\\/fr\\\/#organization\",\"name\":\"Metallotexnia Tsatsis\",\"url\":\"https:\\\/\\\/metallotexnia-tsatsis.gr\\\/fr\\\/\",\"logo\":{\"@type\":\"ImageObject\",\"inLanguage\":\"fr-FR\",\"@id\":\"https:\\\/\\\/metallotexnia-tsatsis.gr\\\/fr\\\/#\\\/schema\\\/logo\\\/image\\\/\",\"url\":\"https:\\\/\\\/metallotexnia-tsatsis.gr\\\/wp-content\\\/uploads\\\/2025\\\/10\\\/W-Transparent-01.png\",\"contentUrl\":\"https:\\\/\\\/metallotexnia-tsatsis.gr\\\/wp-content\\\/uploads\\\/2025\\\/10\\\/W-Transparent-01.png\",\"width\":1396,\"height\":341,\"caption\":\"Metallotexnia Tsatsis\"},\"image\":{\"@id\":\"https:\\\/\\\/metallotexnia-tsatsis.gr\\\/fr\\\/#\\\/schema\\\/logo\\\/image\\\/\"}}]}<\/script>\n<!-- \/ Yoast SEO plugin. -->","yoast_head_json":{"title":"Bouton de porte d'entr\u00e9e | Cercle - Metallotexnia Tsatsis","description":"Peignoir en fer forg\u00e9 fait \u00e0 la main, au design circulaire et intemporel. Construction sur mesure d'une grande esth\u00e9tique pour des entr\u00e9es luxueuses.","robots":{"index":"index","follow":"follow","max-snippet":"max-snippet:-1","max-image-preview":"max-image-preview:large","max-video-preview":"max-video-preview:-1"},"canonical":"https:\/\/metallotexnia-tsatsis.gr\/fr\/produit\/bouton-de-porte-dentree-cercle\/","og_locale":"fr_FR","og_type":"article","og_title":"Bouton de porte d'entr\u00e9e | Cercle - Metallotexnia Tsatsis","og_description":"Peignoir en fer forg\u00e9 fait \u00e0 la main, au design circulaire et intemporel. Construction sur mesure d'une grande esth\u00e9tique pour des entr\u00e9es luxueuses.","og_url":"https:\/\/metallotexnia-tsatsis.gr\/fr\/produit\/bouton-de-porte-dentree-cercle\/","og_site_name":"Metallotexnia Tsatsis","article_modified_time":"2026-04-01T13:31:26+00:00","og_image":[{"width":2560,"height":1707,"url":"https:\/\/metallotexnia-tsatsis.gr\/wp-content\/uploads\/2025\/12\/DSC07008-scaled.jpg","type":"image\/jpeg"}],"twitter_card":"summary_large_image","twitter_misc":{"Dur\u00e9e de lecture estim\u00e9e":"1 minute"},"schema":{"@context":"https:\/\/schema.org","@graph":[{"@type":"WebPage","@id":"https:\/\/metallotexnia-tsatsis.gr\/fr\/produit\/bouton-de-porte-dentree-cercle\/","url":"https:\/\/metallotexnia-tsatsis.gr\/fr\/produit\/bouton-de-porte-dentree-cercle\/","name":"Bouton de porte d'entr\u00e9e | Cercle - Metallotexnia Tsatsis","isPartOf":{"@id":"https:\/\/metallotexnia-tsatsis.gr\/fr\/#website"},"primaryImageOfPage":{"@id":"https:\/\/metallotexnia-tsatsis.gr\/fr\/produit\/bouton-de-porte-dentree-cercle\/#primaryimage"},"image":{"@id":"https:\/\/metallotexnia-tsatsis.gr\/fr\/produit\/bouton-de-porte-dentree-cercle\/#primaryimage"},"thumbnailUrl":"https:\/\/metallotexnia-tsatsis.gr\/wp-content\/uploads\/2025\/12\/DSC07008-scaled.jpg","datePublished":"2026-04-01T13:28:29+00:00","dateModified":"2026-04-01T13:31:26+00:00","description":"Peignoir en fer forg\u00e9 fait \u00e0 la main, au design circulaire et intemporel. Construction sur mesure d'une grande esth\u00e9tique pour des entr\u00e9es luxueuses.","breadcrumb":{"@id":"https:\/\/metallotexnia-tsatsis.gr\/fr\/produit\/bouton-de-porte-dentree-cercle\/#breadcrumb"},"inLanguage":"fr-FR","potentialAction":[{"@type":"ReadAction","target":["https:\/\/metallotexnia-tsatsis.gr\/fr\/produit\/bouton-de-porte-dentree-cercle\/"]}]},{"@type":"ImageObject","inLanguage":"fr-FR","@id":"https:\/\/metallotexnia-tsatsis.gr\/fr\/produit\/bouton-de-porte-dentree-cercle\/#primaryimage","url":"https:\/\/metallotexnia-tsatsis.gr\/wp-content\/uploads\/2025\/12\/DSC07008-scaled.jpg","contentUrl":"https:\/\/metallotexnia-tsatsis.gr\/wp-content\/uploads\/2025\/12\/DSC07008-scaled.jpg","width":2560,"height":1707},{"@type":"BreadcrumbList","@id":"https:\/\/metallotexnia-tsatsis.gr\/fr\/produit\/bouton-de-porte-dentree-cercle\/#breadcrumb","itemListElement":[{"@type":"ListItem","position":1,"name":"\u0391\u03c1\u03c7\u03b9\u03ba\u03ae","item":"https:\/\/metallotexnia-tsatsis.gr\/fr\/"},{"@type":"ListItem","position":2,"name":"Boutique","item":"https:\/\/metallotexnia-tsatsis.gr\/fr\/boutique\/"},{"@type":"ListItem","position":3,"name":"Bouton de porte d&rsquo;entr\u00e9e | Cercle"}]},{"@type":"WebSite","@id":"https:\/\/metallotexnia-tsatsis.gr\/fr\/#website","url":"https:\/\/metallotexnia-tsatsis.gr\/fr\/","name":"Metallotexnia Tsatsis","description":"\u0395\u03c1\u03b3\u03b1\u03c3\u03c4\u03ae\u03c1\u03b9\u03bf \u03a0\u03b1\u03c1\u03b1\u03b4\u03bf\u03c3\u03b9\u03b1\u03ba\u03ae \u03a4\u03ad\u03c7\u03bd\u03b7\u03c2 &amp; \u03a7\u03b5\u03b9\u03c1\u03bf\u03c0\u03bf\u03af\u03b7\u03c4\u03bf\u03c5 \u03a3\u03b9\u03b4\u03ae\u03c1\u03bf\u03c5","publisher":{"@id":"https:\/\/metallotexnia-tsatsis.gr\/fr\/#organization"},"potentialAction":[{"@type":"SearchAction","target":{"@type":"EntryPoint","urlTemplate":"https:\/\/metallotexnia-tsatsis.gr\/fr\/?s={search_term_string}"},"query-input":{"@type":"PropertyValueSpecification","valueRequired":true,"valueName":"search_term_string"}}],"inLanguage":"fr-FR"},{"@type":"Organization","@id":"https:\/\/metallotexnia-tsatsis.gr\/fr\/#organization","name":"Metallotexnia Tsatsis","url":"https:\/\/metallotexnia-tsatsis.gr\/fr\/","logo":{"@type":"ImageObject","inLanguage":"fr-FR","@id":"https:\/\/metallotexnia-tsatsis.gr\/fr\/#\/schema\/logo\/image\/","url":"https:\/\/metallotexnia-tsatsis.gr\/wp-content\/uploads\/2025\/10\/W-Transparent-01.png","contentUrl":"https:\/\/metallotexnia-tsatsis.gr\/wp-content\/uploads\/2025\/10\/W-Transparent-01.png","width":1396,"height":341,"caption":"Metallotexnia Tsatsis"},"image":{"@id":"https:\/\/metallotexnia-tsatsis.gr\/fr\/#\/schema\/logo\/image\/"}}]}},"_links":{"self":[{"href":"https:\/\/metallotexnia-tsatsis.gr\/fr\/wp-json\/wp\/v2\/product\/27753","targetHints":{"allow":["GET"]}}],"collection":[{"href":"https:\/\/metallotexnia-tsatsis.gr\/fr\/wp-json\/wp\/v2\/product"}],"about":[{"href":"https:\/\/metallotexnia-tsatsis.gr\/fr\/wp-json\/wp\/v2\/types\/product"}],"replies":[{"embeddable":true,"href":"https:\/\/metallotexnia-tsatsis.gr\/fr\/wp-json\/wp\/v2\/comments?post=27753"}],"version-history":[{"count":0,"href":"https:\/\/metallotexnia-tsatsis.gr\/fr\/wp-json\/wp\/v2\/product\/27753\/revisions"}],"wp:featuredmedia":[{"embeddable":true,"href":"https:\/\/metallotexnia-tsatsis.gr\/fr\/wp-json\/wp\/v2\/media\/25959"}],"wp:attachment":[{"href":"https:\/\/metallotexnia-tsatsis.gr\/fr\/wp-json\/wp\/v2\/media?parent=27753"}],"wp:term":[{"taxonomy":"product_brand","embeddable":true,"href":"https:\/\/metallotexnia-tsatsis.gr\/fr\/wp-json\/wp\/v2\/product_brand?post=27753"},{"taxonomy":"product_cat","embeddable":true,"href":"https:\/\/metallotexnia-tsatsis.gr\/fr\/wp-json\/wp\/v2\/product_cat?post=27753"},{"taxonomy":"product_tag","embeddable":true,"href":"https:\/\/metallotexnia-tsatsis.gr\/fr\/wp-json\/wp\/v2\/product_tag?post=27753"}],"curies":[{"name":"wp","href":"https:\/\/api.w.org\/{rel}","templated":true}]}}