{"id":27727,"date":"2026-04-01T13:18:36","date_gmt":"2026-04-01T13:18:36","guid":{"rendered":"https:\/\/metallotexnia-tsatsis.gr\/product\/%cf%83%cf%86%cf%85%cf%81%ce%ae%ce%bb%ce%b1%cf%84%ce%bf-%cf%87%ce%b5%cf%81%ce%bf%cf%8d%ce%bb%ce%b9-%cf%80%cf%8c%cf%81%cf%84%ce%b1%cf%82-%ce%b4%ce%b1%ce%ba%cf%84%cf%8d%ce%bb%ce%b9%ce%bf%cf%82\/"},"modified":"2026-04-01T13:23:57","modified_gmt":"2026-04-01T13:23:57","slug":"%cf%83%cf%86%cf%85%cf%81%ce%ae%ce%bb%ce%b1%cf%84%ce%bf-%cf%87%ce%b5%cf%81%ce%bf%cf%8d%ce%bb%ce%b9-%cf%80%cf%8c%cf%81%cf%84%ce%b1%cf%82-%ce%b4%ce%b1%ce%ba%cf%84%cf%8d%ce%bb%ce%b9%ce%bf%cf%82","status":"publish","type":"product","link":"https:\/\/metallotexnia-tsatsis.gr\/fr\/produit\/%cf%83%cf%86%cf%85%cf%81%ce%ae%ce%bb%ce%b1%cf%84%ce%bf-%cf%87%ce%b5%cf%81%ce%bf%cf%8d%ce%bb%ce%b9-%cf%80%cf%8c%cf%81%cf%84%ce%b1%cf%82-%ce%b4%ce%b1%ce%ba%cf%84%cf%8d%ce%bb%ce%b9%ce%bf%cf%82\/","title":{"rendered":"Poign\u00e9e de porte forg\u00e9e &#8211; Anneau"},"content":{"rendered":"<p data-start=\"159\" data-end=\"463\">La poign\u00e9e <strong data-start=\"162\" data-end=\"175\">en anneau<\/strong> est une expression sculpturale de l&rsquo;\u00e9quilibre, de la g\u00e9om\u00e9trie et de l&rsquo;authenticit\u00e9 de l&rsquo;artisanat. Fabriqu\u00e9e et forg\u00e9e \u00e0 la main en fer massif dans notre atelier, sa forme circulaire symbolise la continuit\u00e9 et l&rsquo;harmonie, tandis que sa texture gaufr\u00e9e r\u00e9v\u00e8le les traces d&rsquo;un v\u00e9ritable travail de forgeron. <\/p>\n<p data-start=\"465\" data-end=\"795\">Con\u00e7ue pour des applications architecturales modernes, mais profond\u00e9ment ancr\u00e9e dans la tradition de la forge, la poign\u00e9e <strong data-start=\"572\" data-end=\"585\">annulaire<\/strong> fait le lien entre le pass\u00e9 et le pr\u00e9sent. Chaque courbe, chaque imperfection et chaque d\u00e9tail sont fa\u00e7onn\u00e9s exclusivement \u00e0 la main, ce qui conf\u00e8re \u00e0 la poign\u00e9e un caract\u00e8re unique qui ne peut \u00eatre reproduit industriellement. <\/p>\n<p data-start=\"797\" data-end=\"998\">Id\u00e9ale pour les portes d&rsquo;entr\u00e9e, les portails et les projets architecturaux \u00e0 forte identit\u00e9, cette poign\u00e9e n&rsquo;est pas seulement un \u00e9l\u00e9ment fonctionnel, mais un objet d&rsquo;art en fer qui met en valeur l&rsquo;espace.<\/p>\n","protected":false},"excerpt":{"rendered":"<p>Notre collection de poign\u00e9es de porte faites \u00e0 la main met en valeur l&rsquo;art s\u00e9culaire de la forge. Chaque pi\u00e8ce est le r\u00e9sultat d&rsquo;un travail artisanal et traditionnel, avec la signature de Tsatsis Metalworking. Nous cr\u00e9ons des poign\u00e9es de portes et de portails qui se distinguent non seulement par leur fonctionnalit\u00e9, mais aussi par leur esth\u00e9tique, car chaque produit est une \u0153uvre d&rsquo;art.  <\/p>\n","protected":false},"featured_media":25846,"comment_status":"open","ping_status":"closed","template":"","meta":[],"product_brand":[],"product_cat":[94],"product_tag":[],"class_list":{"0":"post-27727","1":"product","2":"type-product","3":"status-publish","4":"has-post-thumbnail","6":"product_cat-poignees-de-porte","8":"first","9":"instock","10":"sold-individually","11":"taxable","12":"shipping-taxable","13":"purchasable","14":"product-type-simple"},"yoast_head":"<!-- This site is optimized with the Yoast SEO plugin v27.4 - https:\/\/yoast.com\/product\/yoast-seo-wordpress\/ -->\n<title>Poign\u00e9e de porte forg\u00e9e - Anneau - Metallotexnia Tsatsis<\/title>\n<meta name=\"description\" content=\"D\u00e9couvrez nos poign\u00e9es de porte en fer forg\u00e9 massif, fabriqu\u00e9es \u00e0 la main, qui allient artisanat traditionnel et design contemporain. Le choix id\u00e9al pour une esth\u00e9tique moderne et sophistiqu\u00e9e\" \/>\n<meta name=\"robots\" content=\"index, follow, max-snippet:-1, max-image-preview:large, max-video-preview:-1\" \/>\n<link rel=\"canonical\" href=\"https:\/\/metallotexnia-tsatsis.gr\/fr\/produit\/%cf%83%cf%86%cf%85%cf%81%ce%ae%ce%bb%ce%b1%cf%84%ce%bf-%cf%87%ce%b5%cf%81%ce%bf%cf%8d%ce%bb%ce%b9-%cf%80%cf%8c%cf%81%cf%84%ce%b1%cf%82-%ce%b4%ce%b1%ce%ba%cf%84%cf%8d%ce%bb%ce%b9%ce%bf%cf%82\/\" \/>\n<meta property=\"og:locale\" content=\"fr_FR\" \/>\n<meta property=\"og:type\" content=\"article\" \/>\n<meta property=\"og:title\" content=\"Poign\u00e9e de porte forg\u00e9e - Anneau - Metallotexnia Tsatsis\" \/>\n<meta property=\"og:description\" content=\"D\u00e9couvrez nos poign\u00e9es de porte en fer forg\u00e9 massif, fabriqu\u00e9es \u00e0 la main, qui allient artisanat traditionnel et design contemporain. Le choix id\u00e9al pour une esth\u00e9tique moderne et sophistiqu\u00e9e\" \/>\n<meta property=\"og:url\" content=\"https:\/\/metallotexnia-tsatsis.gr\/fr\/produit\/%cf%83%cf%86%cf%85%cf%81%ce%ae%ce%bb%ce%b1%cf%84%ce%bf-%cf%87%ce%b5%cf%81%ce%bf%cf%8d%ce%bb%ce%b9-%cf%80%cf%8c%cf%81%cf%84%ce%b1%cf%82-%ce%b4%ce%b1%ce%ba%cf%84%cf%8d%ce%bb%ce%b9%ce%bf%cf%82\/\" \/>\n<meta property=\"og:site_name\" content=\"Metallotexnia Tsatsis\" \/>\n<meta property=\"article:modified_time\" content=\"2026-04-01T13:23:57+00:00\" \/>\n<meta property=\"og:image\" content=\"https:\/\/metallotexnia-tsatsis.gr\/wp-content\/uploads\/2025\/12\/metallotexnia-door-ring.png\" \/>\n\t<meta property=\"og:image:width\" content=\"1024\" \/>\n\t<meta property=\"og:image:height\" content=\"1024\" \/>\n\t<meta property=\"og:image:type\" content=\"image\/png\" \/>\n<meta name=\"twitter:card\" content=\"summary_large_image\" \/>\n<meta name=\"twitter:label1\" content=\"Dur\u00e9e de lecture estim\u00e9e\" \/>\n\t<meta name=\"twitter:data1\" content=\"1 minute\" \/>\n<script type=\"application\/ld+json\" class=\"yoast-schema-graph\">{\"@context\":\"https:\\\/\\\/schema.org\",\"@graph\":[{\"@type\":\"WebPage\",\"@id\":\"https:\\\/\\\/metallotexnia-tsatsis.gr\\\/fr\\\/produit\\\/%cf%83%cf%86%cf%85%cf%81%ce%ae%ce%bb%ce%b1%cf%84%ce%bf-%cf%87%ce%b5%cf%81%ce%bf%cf%8d%ce%bb%ce%b9-%cf%80%cf%8c%cf%81%cf%84%ce%b1%cf%82-%ce%b4%ce%b1%ce%ba%cf%84%cf%8d%ce%bb%ce%b9%ce%bf%cf%82\\\/\",\"url\":\"https:\\\/\\\/metallotexnia-tsatsis.gr\\\/fr\\\/produit\\\/%cf%83%cf%86%cf%85%cf%81%ce%ae%ce%bb%ce%b1%cf%84%ce%bf-%cf%87%ce%b5%cf%81%ce%bf%cf%8d%ce%bb%ce%b9-%cf%80%cf%8c%cf%81%cf%84%ce%b1%cf%82-%ce%b4%ce%b1%ce%ba%cf%84%cf%8d%ce%bb%ce%b9%ce%bf%cf%82\\\/\",\"name\":\"Poign\u00e9e de porte forg\u00e9e - Anneau - Metallotexnia Tsatsis\",\"isPartOf\":{\"@id\":\"https:\\\/\\\/metallotexnia-tsatsis.gr\\\/fr\\\/#website\"},\"primaryImageOfPage\":{\"@id\":\"https:\\\/\\\/metallotexnia-tsatsis.gr\\\/fr\\\/produit\\\/%cf%83%cf%86%cf%85%cf%81%ce%ae%ce%bb%ce%b1%cf%84%ce%bf-%cf%87%ce%b5%cf%81%ce%bf%cf%8d%ce%bb%ce%b9-%cf%80%cf%8c%cf%81%cf%84%ce%b1%cf%82-%ce%b4%ce%b1%ce%ba%cf%84%cf%8d%ce%bb%ce%b9%ce%bf%cf%82\\\/#primaryimage\"},\"image\":{\"@id\":\"https:\\\/\\\/metallotexnia-tsatsis.gr\\\/fr\\\/produit\\\/%cf%83%cf%86%cf%85%cf%81%ce%ae%ce%bb%ce%b1%cf%84%ce%bf-%cf%87%ce%b5%cf%81%ce%bf%cf%8d%ce%bb%ce%b9-%cf%80%cf%8c%cf%81%cf%84%ce%b1%cf%82-%ce%b4%ce%b1%ce%ba%cf%84%cf%8d%ce%bb%ce%b9%ce%bf%cf%82\\\/#primaryimage\"},\"thumbnailUrl\":\"https:\\\/\\\/metallotexnia-tsatsis.gr\\\/wp-content\\\/uploads\\\/2025\\\/12\\\/metallotexnia-door-ring.png\",\"datePublished\":\"2026-04-01T13:18:36+00:00\",\"dateModified\":\"2026-04-01T13:23:57+00:00\",\"description\":\"D\u00e9couvrez nos poign\u00e9es de porte en fer forg\u00e9 massif, fabriqu\u00e9es \u00e0 la main, qui allient artisanat traditionnel et design contemporain. Le choix id\u00e9al pour une esth\u00e9tique moderne et sophistiqu\u00e9e\",\"breadcrumb\":{\"@id\":\"https:\\\/\\\/metallotexnia-tsatsis.gr\\\/fr\\\/produit\\\/%cf%83%cf%86%cf%85%cf%81%ce%ae%ce%bb%ce%b1%cf%84%ce%bf-%cf%87%ce%b5%cf%81%ce%bf%cf%8d%ce%bb%ce%b9-%cf%80%cf%8c%cf%81%cf%84%ce%b1%cf%82-%ce%b4%ce%b1%ce%ba%cf%84%cf%8d%ce%bb%ce%b9%ce%bf%cf%82\\\/#breadcrumb\"},\"inLanguage\":\"fr-FR\",\"potentialAction\":[{\"@type\":\"ReadAction\",\"target\":[\"https:\\\/\\\/metallotexnia-tsatsis.gr\\\/fr\\\/produit\\\/%cf%83%cf%86%cf%85%cf%81%ce%ae%ce%bb%ce%b1%cf%84%ce%bf-%cf%87%ce%b5%cf%81%ce%bf%cf%8d%ce%bb%ce%b9-%cf%80%cf%8c%cf%81%cf%84%ce%b1%cf%82-%ce%b4%ce%b1%ce%ba%cf%84%cf%8d%ce%bb%ce%b9%ce%bf%cf%82\\\/\"]}]},{\"@type\":\"ImageObject\",\"inLanguage\":\"fr-FR\",\"@id\":\"https:\\\/\\\/metallotexnia-tsatsis.gr\\\/fr\\\/produit\\\/%cf%83%cf%86%cf%85%cf%81%ce%ae%ce%bb%ce%b1%cf%84%ce%bf-%cf%87%ce%b5%cf%81%ce%bf%cf%8d%ce%bb%ce%b9-%cf%80%cf%8c%cf%81%cf%84%ce%b1%cf%82-%ce%b4%ce%b1%ce%ba%cf%84%cf%8d%ce%bb%ce%b9%ce%bf%cf%82\\\/#primaryimage\",\"url\":\"https:\\\/\\\/metallotexnia-tsatsis.gr\\\/wp-content\\\/uploads\\\/2025\\\/12\\\/metallotexnia-door-ring.png\",\"contentUrl\":\"https:\\\/\\\/metallotexnia-tsatsis.gr\\\/wp-content\\\/uploads\\\/2025\\\/12\\\/metallotexnia-door-ring.png\",\"width\":1024,\"height\":1024},{\"@type\":\"BreadcrumbList\",\"@id\":\"https:\\\/\\\/metallotexnia-tsatsis.gr\\\/fr\\\/produit\\\/%cf%83%cf%86%cf%85%cf%81%ce%ae%ce%bb%ce%b1%cf%84%ce%bf-%cf%87%ce%b5%cf%81%ce%bf%cf%8d%ce%bb%ce%b9-%cf%80%cf%8c%cf%81%cf%84%ce%b1%cf%82-%ce%b4%ce%b1%ce%ba%cf%84%cf%8d%ce%bb%ce%b9%ce%bf%cf%82\\\/#breadcrumb\",\"itemListElement\":[{\"@type\":\"ListItem\",\"position\":1,\"name\":\"\u0391\u03c1\u03c7\u03b9\u03ba\u03ae\",\"item\":\"https:\\\/\\\/metallotexnia-tsatsis.gr\\\/fr\\\/\"},{\"@type\":\"ListItem\",\"position\":2,\"name\":\"Boutique\",\"item\":\"https:\\\/\\\/metallotexnia-tsatsis.gr\\\/fr\\\/boutique\\\/\"},{\"@type\":\"ListItem\",\"position\":3,\"name\":\"Poign\u00e9e de porte forg\u00e9e &#8211; Anneau\"}]},{\"@type\":\"WebSite\",\"@id\":\"https:\\\/\\\/metallotexnia-tsatsis.gr\\\/fr\\\/#website\",\"url\":\"https:\\\/\\\/metallotexnia-tsatsis.gr\\\/fr\\\/\",\"name\":\"Metallotexnia Tsatsis\",\"description\":\"\u0395\u03c1\u03b3\u03b1\u03c3\u03c4\u03ae\u03c1\u03b9\u03bf \u03a0\u03b1\u03c1\u03b1\u03b4\u03bf\u03c3\u03b9\u03b1\u03ba\u03ae \u03a4\u03ad\u03c7\u03bd\u03b7\u03c2 &amp; \u03a7\u03b5\u03b9\u03c1\u03bf\u03c0\u03bf\u03af\u03b7\u03c4\u03bf\u03c5 \u03a3\u03b9\u03b4\u03ae\u03c1\u03bf\u03c5\",\"publisher\":{\"@id\":\"https:\\\/\\\/metallotexnia-tsatsis.gr\\\/fr\\\/#organization\"},\"potentialAction\":[{\"@type\":\"SearchAction\",\"target\":{\"@type\":\"EntryPoint\",\"urlTemplate\":\"https:\\\/\\\/metallotexnia-tsatsis.gr\\\/fr\\\/?s={search_term_string}\"},\"query-input\":{\"@type\":\"PropertyValueSpecification\",\"valueRequired\":true,\"valueName\":\"search_term_string\"}}],\"inLanguage\":\"fr-FR\"},{\"@type\":\"Organization\",\"@id\":\"https:\\\/\\\/metallotexnia-tsatsis.gr\\\/fr\\\/#organization\",\"name\":\"Metallotexnia Tsatsis\",\"url\":\"https:\\\/\\\/metallotexnia-tsatsis.gr\\\/fr\\\/\",\"logo\":{\"@type\":\"ImageObject\",\"inLanguage\":\"fr-FR\",\"@id\":\"https:\\\/\\\/metallotexnia-tsatsis.gr\\\/fr\\\/#\\\/schema\\\/logo\\\/image\\\/\",\"url\":\"https:\\\/\\\/metallotexnia-tsatsis.gr\\\/wp-content\\\/uploads\\\/2025\\\/10\\\/W-Transparent-01.png\",\"contentUrl\":\"https:\\\/\\\/metallotexnia-tsatsis.gr\\\/wp-content\\\/uploads\\\/2025\\\/10\\\/W-Transparent-01.png\",\"width\":1396,\"height\":341,\"caption\":\"Metallotexnia Tsatsis\"},\"image\":{\"@id\":\"https:\\\/\\\/metallotexnia-tsatsis.gr\\\/fr\\\/#\\\/schema\\\/logo\\\/image\\\/\"}}]}<\/script>\n<!-- \/ Yoast SEO plugin. -->","yoast_head_json":{"title":"Poign\u00e9e de porte forg\u00e9e - Anneau - Metallotexnia Tsatsis","description":"D\u00e9couvrez nos poign\u00e9es de porte en fer forg\u00e9 massif, fabriqu\u00e9es \u00e0 la main, qui allient artisanat traditionnel et design contemporain. Le choix id\u00e9al pour une esth\u00e9tique moderne et sophistiqu\u00e9e","robots":{"index":"index","follow":"follow","max-snippet":"max-snippet:-1","max-image-preview":"max-image-preview:large","max-video-preview":"max-video-preview:-1"},"canonical":"https:\/\/metallotexnia-tsatsis.gr\/fr\/produit\/%cf%83%cf%86%cf%85%cf%81%ce%ae%ce%bb%ce%b1%cf%84%ce%bf-%cf%87%ce%b5%cf%81%ce%bf%cf%8d%ce%bb%ce%b9-%cf%80%cf%8c%cf%81%cf%84%ce%b1%cf%82-%ce%b4%ce%b1%ce%ba%cf%84%cf%8d%ce%bb%ce%b9%ce%bf%cf%82\/","og_locale":"fr_FR","og_type":"article","og_title":"Poign\u00e9e de porte forg\u00e9e - Anneau - Metallotexnia Tsatsis","og_description":"D\u00e9couvrez nos poign\u00e9es de porte en fer forg\u00e9 massif, fabriqu\u00e9es \u00e0 la main, qui allient artisanat traditionnel et design contemporain. Le choix id\u00e9al pour une esth\u00e9tique moderne et sophistiqu\u00e9e","og_url":"https:\/\/metallotexnia-tsatsis.gr\/fr\/produit\/%cf%83%cf%86%cf%85%cf%81%ce%ae%ce%bb%ce%b1%cf%84%ce%bf-%cf%87%ce%b5%cf%81%ce%bf%cf%8d%ce%bb%ce%b9-%cf%80%cf%8c%cf%81%cf%84%ce%b1%cf%82-%ce%b4%ce%b1%ce%ba%cf%84%cf%8d%ce%bb%ce%b9%ce%bf%cf%82\/","og_site_name":"Metallotexnia Tsatsis","article_modified_time":"2026-04-01T13:23:57+00:00","og_image":[{"width":1024,"height":1024,"url":"https:\/\/metallotexnia-tsatsis.gr\/wp-content\/uploads\/2025\/12\/metallotexnia-door-ring.png","type":"image\/png"}],"twitter_card":"summary_large_image","twitter_misc":{"Dur\u00e9e de lecture estim\u00e9e":"1 minute"},"schema":{"@context":"https:\/\/schema.org","@graph":[{"@type":"WebPage","@id":"https:\/\/metallotexnia-tsatsis.gr\/fr\/produit\/%cf%83%cf%86%cf%85%cf%81%ce%ae%ce%bb%ce%b1%cf%84%ce%bf-%cf%87%ce%b5%cf%81%ce%bf%cf%8d%ce%bb%ce%b9-%cf%80%cf%8c%cf%81%cf%84%ce%b1%cf%82-%ce%b4%ce%b1%ce%ba%cf%84%cf%8d%ce%bb%ce%b9%ce%bf%cf%82\/","url":"https:\/\/metallotexnia-tsatsis.gr\/fr\/produit\/%cf%83%cf%86%cf%85%cf%81%ce%ae%ce%bb%ce%b1%cf%84%ce%bf-%cf%87%ce%b5%cf%81%ce%bf%cf%8d%ce%bb%ce%b9-%cf%80%cf%8c%cf%81%cf%84%ce%b1%cf%82-%ce%b4%ce%b1%ce%ba%cf%84%cf%8d%ce%bb%ce%b9%ce%bf%cf%82\/","name":"Poign\u00e9e de porte forg\u00e9e - Anneau - Metallotexnia Tsatsis","isPartOf":{"@id":"https:\/\/metallotexnia-tsatsis.gr\/fr\/#website"},"primaryImageOfPage":{"@id":"https:\/\/metallotexnia-tsatsis.gr\/fr\/produit\/%cf%83%cf%86%cf%85%cf%81%ce%ae%ce%bb%ce%b1%cf%84%ce%bf-%cf%87%ce%b5%cf%81%ce%bf%cf%8d%ce%bb%ce%b9-%cf%80%cf%8c%cf%81%cf%84%ce%b1%cf%82-%ce%b4%ce%b1%ce%ba%cf%84%cf%8d%ce%bb%ce%b9%ce%bf%cf%82\/#primaryimage"},"image":{"@id":"https:\/\/metallotexnia-tsatsis.gr\/fr\/produit\/%cf%83%cf%86%cf%85%cf%81%ce%ae%ce%bb%ce%b1%cf%84%ce%bf-%cf%87%ce%b5%cf%81%ce%bf%cf%8d%ce%bb%ce%b9-%cf%80%cf%8c%cf%81%cf%84%ce%b1%cf%82-%ce%b4%ce%b1%ce%ba%cf%84%cf%8d%ce%bb%ce%b9%ce%bf%cf%82\/#primaryimage"},"thumbnailUrl":"https:\/\/metallotexnia-tsatsis.gr\/wp-content\/uploads\/2025\/12\/metallotexnia-door-ring.png","datePublished":"2026-04-01T13:18:36+00:00","dateModified":"2026-04-01T13:23:57+00:00","description":"D\u00e9couvrez nos poign\u00e9es de porte en fer forg\u00e9 massif, fabriqu\u00e9es \u00e0 la main, qui allient artisanat traditionnel et design contemporain. Le choix id\u00e9al pour une esth\u00e9tique moderne et sophistiqu\u00e9e","breadcrumb":{"@id":"https:\/\/metallotexnia-tsatsis.gr\/fr\/produit\/%cf%83%cf%86%cf%85%cf%81%ce%ae%ce%bb%ce%b1%cf%84%ce%bf-%cf%87%ce%b5%cf%81%ce%bf%cf%8d%ce%bb%ce%b9-%cf%80%cf%8c%cf%81%cf%84%ce%b1%cf%82-%ce%b4%ce%b1%ce%ba%cf%84%cf%8d%ce%bb%ce%b9%ce%bf%cf%82\/#breadcrumb"},"inLanguage":"fr-FR","potentialAction":[{"@type":"ReadAction","target":["https:\/\/metallotexnia-tsatsis.gr\/fr\/produit\/%cf%83%cf%86%cf%85%cf%81%ce%ae%ce%bb%ce%b1%cf%84%ce%bf-%cf%87%ce%b5%cf%81%ce%bf%cf%8d%ce%bb%ce%b9-%cf%80%cf%8c%cf%81%cf%84%ce%b1%cf%82-%ce%b4%ce%b1%ce%ba%cf%84%cf%8d%ce%bb%ce%b9%ce%bf%cf%82\/"]}]},{"@type":"ImageObject","inLanguage":"fr-FR","@id":"https:\/\/metallotexnia-tsatsis.gr\/fr\/produit\/%cf%83%cf%86%cf%85%cf%81%ce%ae%ce%bb%ce%b1%cf%84%ce%bf-%cf%87%ce%b5%cf%81%ce%bf%cf%8d%ce%bb%ce%b9-%cf%80%cf%8c%cf%81%cf%84%ce%b1%cf%82-%ce%b4%ce%b1%ce%ba%cf%84%cf%8d%ce%bb%ce%b9%ce%bf%cf%82\/#primaryimage","url":"https:\/\/metallotexnia-tsatsis.gr\/wp-content\/uploads\/2025\/12\/metallotexnia-door-ring.png","contentUrl":"https:\/\/metallotexnia-tsatsis.gr\/wp-content\/uploads\/2025\/12\/metallotexnia-door-ring.png","width":1024,"height":1024},{"@type":"BreadcrumbList","@id":"https:\/\/metallotexnia-tsatsis.gr\/fr\/produit\/%cf%83%cf%86%cf%85%cf%81%ce%ae%ce%bb%ce%b1%cf%84%ce%bf-%cf%87%ce%b5%cf%81%ce%bf%cf%8d%ce%bb%ce%b9-%cf%80%cf%8c%cf%81%cf%84%ce%b1%cf%82-%ce%b4%ce%b1%ce%ba%cf%84%cf%8d%ce%bb%ce%b9%ce%bf%cf%82\/#breadcrumb","itemListElement":[{"@type":"ListItem","position":1,"name":"\u0391\u03c1\u03c7\u03b9\u03ba\u03ae","item":"https:\/\/metallotexnia-tsatsis.gr\/fr\/"},{"@type":"ListItem","position":2,"name":"Boutique","item":"https:\/\/metallotexnia-tsatsis.gr\/fr\/boutique\/"},{"@type":"ListItem","position":3,"name":"Poign\u00e9e de porte forg\u00e9e &#8211; Anneau"}]},{"@type":"WebSite","@id":"https:\/\/metallotexnia-tsatsis.gr\/fr\/#website","url":"https:\/\/metallotexnia-tsatsis.gr\/fr\/","name":"Metallotexnia Tsatsis","description":"\u0395\u03c1\u03b3\u03b1\u03c3\u03c4\u03ae\u03c1\u03b9\u03bf \u03a0\u03b1\u03c1\u03b1\u03b4\u03bf\u03c3\u03b9\u03b1\u03ba\u03ae \u03a4\u03ad\u03c7\u03bd\u03b7\u03c2 &amp; \u03a7\u03b5\u03b9\u03c1\u03bf\u03c0\u03bf\u03af\u03b7\u03c4\u03bf\u03c5 \u03a3\u03b9\u03b4\u03ae\u03c1\u03bf\u03c5","publisher":{"@id":"https:\/\/metallotexnia-tsatsis.gr\/fr\/#organization"},"potentialAction":[{"@type":"SearchAction","target":{"@type":"EntryPoint","urlTemplate":"https:\/\/metallotexnia-tsatsis.gr\/fr\/?s={search_term_string}"},"query-input":{"@type":"PropertyValueSpecification","valueRequired":true,"valueName":"search_term_string"}}],"inLanguage":"fr-FR"},{"@type":"Organization","@id":"https:\/\/metallotexnia-tsatsis.gr\/fr\/#organization","name":"Metallotexnia Tsatsis","url":"https:\/\/metallotexnia-tsatsis.gr\/fr\/","logo":{"@type":"ImageObject","inLanguage":"fr-FR","@id":"https:\/\/metallotexnia-tsatsis.gr\/fr\/#\/schema\/logo\/image\/","url":"https:\/\/metallotexnia-tsatsis.gr\/wp-content\/uploads\/2025\/10\/W-Transparent-01.png","contentUrl":"https:\/\/metallotexnia-tsatsis.gr\/wp-content\/uploads\/2025\/10\/W-Transparent-01.png","width":1396,"height":341,"caption":"Metallotexnia Tsatsis"},"image":{"@id":"https:\/\/metallotexnia-tsatsis.gr\/fr\/#\/schema\/logo\/image\/"}}]}},"_links":{"self":[{"href":"https:\/\/metallotexnia-tsatsis.gr\/fr\/wp-json\/wp\/v2\/product\/27727","targetHints":{"allow":["GET"]}}],"collection":[{"href":"https:\/\/metallotexnia-tsatsis.gr\/fr\/wp-json\/wp\/v2\/product"}],"about":[{"href":"https:\/\/metallotexnia-tsatsis.gr\/fr\/wp-json\/wp\/v2\/types\/product"}],"replies":[{"embeddable":true,"href":"https:\/\/metallotexnia-tsatsis.gr\/fr\/wp-json\/wp\/v2\/comments?post=27727"}],"version-history":[{"count":0,"href":"https:\/\/metallotexnia-tsatsis.gr\/fr\/wp-json\/wp\/v2\/product\/27727\/revisions"}],"wp:featuredmedia":[{"embeddable":true,"href":"https:\/\/metallotexnia-tsatsis.gr\/fr\/wp-json\/wp\/v2\/media\/25846"}],"wp:attachment":[{"href":"https:\/\/metallotexnia-tsatsis.gr\/fr\/wp-json\/wp\/v2\/media?parent=27727"}],"wp:term":[{"taxonomy":"product_brand","embeddable":true,"href":"https:\/\/metallotexnia-tsatsis.gr\/fr\/wp-json\/wp\/v2\/product_brand?post=27727"},{"taxonomy":"product_cat","embeddable":true,"href":"https:\/\/metallotexnia-tsatsis.gr\/fr\/wp-json\/wp\/v2\/product_cat?post=27727"},{"taxonomy":"product_tag","embeddable":true,"href":"https:\/\/metallotexnia-tsatsis.gr\/fr\/wp-json\/wp\/v2\/product_tag?post=27727"}],"curies":[{"name":"wp","href":"https:\/\/api.w.org\/{rel}","templated":true}]}}