{"id":27636,"date":"2024-02-23T10:22:13","date_gmt":"2024-02-23T10:22:13","guid":{"rendered":"https:\/\/metallotexnia-tsatsis.gr\/product\/zebrakecki-serrure-de-porte-traditionnelle\/"},"modified":"2024-02-23T10:22:13","modified_gmt":"2024-02-23T10:22:13","slug":"zebrakecki-serrure-de-porte-traditionnelle","status":"publish","type":"product","link":"https:\/\/metallotexnia-tsatsis.gr\/fr\/produit\/zebrakecki-serrure-de-porte-traditionnelle\/","title":{"rendered":"Zebrakecki | Serrure de porte traditionnelle"},"content":{"rendered":"<p>Cette serrure repr\u00e9sente le summum de l&rsquo;artisanat traditionnel, alliant fonctionnalit\u00e9 et \u00e9l\u00e9gance intemporelle. Le processus de forgeage \u00e0 la main conf\u00e8re \u00e0 chaque pi\u00e8ce des caract\u00e9ristiques uniques, faisant de votre serrure non seulement un objet de s\u00e9curit\u00e9, mais aussi une \u0153uvre d&rsquo;art.<\/p>\n<p>Parfaite pour ajouter une touche de charme rustique \u00e0 votre maison, cette serrure est id\u00e9ale pour ceux qui appr\u00e9cient la beaut\u00e9 des objets fabriqu\u00e9s \u00e0 la main et la fiabilit\u00e9 de la construction en fer massif. \u00c9quipez votre porte de la serrure de porte forg\u00e9e traditionnelle faite \u00e0 la main et d\u00e9couvrez la combinaison parfaite du style, de la s\u00e9curit\u00e9 et de l&rsquo;\u00e9l\u00e9gance.<\/p>\n","protected":false},"excerpt":{"rendered":"<p>Nous vous pr\u00e9sentons la serrure de porte traditionnelle &amp; une serrure de porte artisanale, un chef-d&rsquo;\u0153uvre de style con\u00e7u pour renforcer la s\u00e9curit\u00e9 et l&rsquo;esth\u00e9tique de votre entr\u00e9e. Chaque serrure est forg\u00e9e en fer massif, ce qui lui conf\u00e8re une solidit\u00e9 et une stabilit\u00e9 \u00e0 toute \u00e9preuve.<\/p>\n","protected":false},"featured_media":25881,"comment_status":"open","ping_status":"closed","template":"","meta":[],"product_brand":[],"product_cat":[105],"product_tag":[],"class_list":{"0":"post-27636","1":"product","2":"type-product","3":"status-publish","4":"has-post-thumbnail","6":"product_cat-serrures-traditionnelles","8":"first","9":"instock","10":"sold-individually","11":"taxable","12":"shipping-taxable","13":"purchasable","14":"product-type-simple"},"yoast_head":"<!-- This site is optimized with the Yoast SEO plugin v27.4 - https:\/\/yoast.com\/product\/yoast-seo-wordpress\/ -->\n<title>Zebrakecki | Serrure de porte traditionnelle - Metallotexnia Tsatsis<\/title>\n<meta name=\"description\" content=\"Zebareki, la serrure de porte traditionnelle, fabriqu\u00e9e et forg\u00e9e \u00e0 la main en fer massif, id\u00e9ale pour ajouter un charme rustique et une s\u00e9curit\u00e9 \u00e0 votre entr\u00e9e.\" \/>\n<meta name=\"robots\" content=\"index, follow, max-snippet:-1, max-image-preview:large, max-video-preview:-1\" \/>\n<link rel=\"canonical\" href=\"https:\/\/metallotexnia-tsatsis.gr\/fr\/produit\/zebrakecki-serrure-de-porte-traditionnelle\/\" \/>\n<meta property=\"og:locale\" content=\"fr_FR\" \/>\n<meta property=\"og:type\" content=\"article\" \/>\n<meta property=\"og:title\" content=\"Zebrakecki | Serrure de porte traditionnelle - Metallotexnia Tsatsis\" \/>\n<meta property=\"og:description\" content=\"Zebareki, la serrure de porte traditionnelle, fabriqu\u00e9e et forg\u00e9e \u00e0 la main en fer massif, id\u00e9ale pour ajouter un charme rustique et une s\u00e9curit\u00e9 \u00e0 votre entr\u00e9e.\" \/>\n<meta property=\"og:url\" content=\"https:\/\/metallotexnia-tsatsis.gr\/fr\/produit\/zebrakecki-serrure-de-porte-traditionnelle\/\" \/>\n<meta property=\"og:site_name\" content=\"Metallotexnia Tsatsis\" \/>\n<meta property=\"og:image\" content=\"https:\/\/metallotexnia-tsatsis.gr\/wp-content\/uploads\/2024\/02\/8-1.jpg\" \/>\n\t<meta property=\"og:image:width\" content=\"1024\" \/>\n\t<meta property=\"og:image:height\" content=\"1024\" \/>\n\t<meta property=\"og:image:type\" content=\"image\/jpeg\" \/>\n<meta name=\"twitter:card\" content=\"summary_large_image\" \/>\n<meta name=\"twitter:label1\" content=\"Dur\u00e9e de lecture estim\u00e9e\" \/>\n\t<meta name=\"twitter:data1\" content=\"1 minute\" \/>\n<script type=\"application\/ld+json\" class=\"yoast-schema-graph\">{\"@context\":\"https:\\\/\\\/schema.org\",\"@graph\":[{\"@type\":\"WebPage\",\"@id\":\"https:\\\/\\\/metallotexnia-tsatsis.gr\\\/fr\\\/produit\\\/zebrakecki-serrure-de-porte-traditionnelle\\\/\",\"url\":\"https:\\\/\\\/metallotexnia-tsatsis.gr\\\/fr\\\/produit\\\/zebrakecki-serrure-de-porte-traditionnelle\\\/\",\"name\":\"Zebrakecki | Serrure de porte traditionnelle - Metallotexnia Tsatsis\",\"isPartOf\":{\"@id\":\"https:\\\/\\\/metallotexnia-tsatsis.gr\\\/fr\\\/#website\"},\"primaryImageOfPage\":{\"@id\":\"https:\\\/\\\/metallotexnia-tsatsis.gr\\\/fr\\\/produit\\\/zebrakecki-serrure-de-porte-traditionnelle\\\/#primaryimage\"},\"image\":{\"@id\":\"https:\\\/\\\/metallotexnia-tsatsis.gr\\\/fr\\\/produit\\\/zebrakecki-serrure-de-porte-traditionnelle\\\/#primaryimage\"},\"thumbnailUrl\":\"https:\\\/\\\/metallotexnia-tsatsis.gr\\\/wp-content\\\/uploads\\\/2024\\\/02\\\/8-1.jpg\",\"datePublished\":\"2024-02-23T10:22:13+00:00\",\"description\":\"Zebareki, la serrure de porte traditionnelle, fabriqu\u00e9e et forg\u00e9e \u00e0 la main en fer massif, id\u00e9ale pour ajouter un charme rustique et une s\u00e9curit\u00e9 \u00e0 votre entr\u00e9e.\",\"breadcrumb\":{\"@id\":\"https:\\\/\\\/metallotexnia-tsatsis.gr\\\/fr\\\/produit\\\/zebrakecki-serrure-de-porte-traditionnelle\\\/#breadcrumb\"},\"inLanguage\":\"fr-FR\",\"potentialAction\":[{\"@type\":\"ReadAction\",\"target\":[\"https:\\\/\\\/metallotexnia-tsatsis.gr\\\/fr\\\/produit\\\/zebrakecki-serrure-de-porte-traditionnelle\\\/\"]}]},{\"@type\":\"ImageObject\",\"inLanguage\":\"fr-FR\",\"@id\":\"https:\\\/\\\/metallotexnia-tsatsis.gr\\\/fr\\\/produit\\\/zebrakecki-serrure-de-porte-traditionnelle\\\/#primaryimage\",\"url\":\"https:\\\/\\\/metallotexnia-tsatsis.gr\\\/wp-content\\\/uploads\\\/2024\\\/02\\\/8-1.jpg\",\"contentUrl\":\"https:\\\/\\\/metallotexnia-tsatsis.gr\\\/wp-content\\\/uploads\\\/2024\\\/02\\\/8-1.jpg\",\"width\":1024,\"height\":1024},{\"@type\":\"BreadcrumbList\",\"@id\":\"https:\\\/\\\/metallotexnia-tsatsis.gr\\\/fr\\\/produit\\\/zebrakecki-serrure-de-porte-traditionnelle\\\/#breadcrumb\",\"itemListElement\":[{\"@type\":\"ListItem\",\"position\":1,\"name\":\"\u0391\u03c1\u03c7\u03b9\u03ba\u03ae\",\"item\":\"https:\\\/\\\/metallotexnia-tsatsis.gr\\\/fr\\\/\"},{\"@type\":\"ListItem\",\"position\":2,\"name\":\"Boutique\",\"item\":\"https:\\\/\\\/metallotexnia-tsatsis.gr\\\/fr\\\/boutique\\\/\"},{\"@type\":\"ListItem\",\"position\":3,\"name\":\"Zebrakecki | Serrure de porte traditionnelle\"}]},{\"@type\":\"WebSite\",\"@id\":\"https:\\\/\\\/metallotexnia-tsatsis.gr\\\/fr\\\/#website\",\"url\":\"https:\\\/\\\/metallotexnia-tsatsis.gr\\\/fr\\\/\",\"name\":\"Metallotexnia Tsatsis\",\"description\":\"\u0395\u03c1\u03b3\u03b1\u03c3\u03c4\u03ae\u03c1\u03b9\u03bf \u03a0\u03b1\u03c1\u03b1\u03b4\u03bf\u03c3\u03b9\u03b1\u03ba\u03ae \u03a4\u03ad\u03c7\u03bd\u03b7\u03c2 &amp; \u03a7\u03b5\u03b9\u03c1\u03bf\u03c0\u03bf\u03af\u03b7\u03c4\u03bf\u03c5 \u03a3\u03b9\u03b4\u03ae\u03c1\u03bf\u03c5\",\"publisher\":{\"@id\":\"https:\\\/\\\/metallotexnia-tsatsis.gr\\\/fr\\\/#organization\"},\"potentialAction\":[{\"@type\":\"SearchAction\",\"target\":{\"@type\":\"EntryPoint\",\"urlTemplate\":\"https:\\\/\\\/metallotexnia-tsatsis.gr\\\/fr\\\/?s={search_term_string}\"},\"query-input\":{\"@type\":\"PropertyValueSpecification\",\"valueRequired\":true,\"valueName\":\"search_term_string\"}}],\"inLanguage\":\"fr-FR\"},{\"@type\":\"Organization\",\"@id\":\"https:\\\/\\\/metallotexnia-tsatsis.gr\\\/fr\\\/#organization\",\"name\":\"Metallotexnia Tsatsis\",\"url\":\"https:\\\/\\\/metallotexnia-tsatsis.gr\\\/fr\\\/\",\"logo\":{\"@type\":\"ImageObject\",\"inLanguage\":\"fr-FR\",\"@id\":\"https:\\\/\\\/metallotexnia-tsatsis.gr\\\/fr\\\/#\\\/schema\\\/logo\\\/image\\\/\",\"url\":\"https:\\\/\\\/metallotexnia-tsatsis.gr\\\/wp-content\\\/uploads\\\/2025\\\/10\\\/W-Transparent-01.png\",\"contentUrl\":\"https:\\\/\\\/metallotexnia-tsatsis.gr\\\/wp-content\\\/uploads\\\/2025\\\/10\\\/W-Transparent-01.png\",\"width\":1396,\"height\":341,\"caption\":\"Metallotexnia Tsatsis\"},\"image\":{\"@id\":\"https:\\\/\\\/metallotexnia-tsatsis.gr\\\/fr\\\/#\\\/schema\\\/logo\\\/image\\\/\"}}]}<\/script>\n<!-- \/ Yoast SEO plugin. -->","yoast_head_json":{"title":"Zebrakecki | Serrure de porte traditionnelle - Metallotexnia Tsatsis","description":"Zebareki, la serrure de porte traditionnelle, fabriqu\u00e9e et forg\u00e9e \u00e0 la main en fer massif, id\u00e9ale pour ajouter un charme rustique et une s\u00e9curit\u00e9 \u00e0 votre entr\u00e9e.","robots":{"index":"index","follow":"follow","max-snippet":"max-snippet:-1","max-image-preview":"max-image-preview:large","max-video-preview":"max-video-preview:-1"},"canonical":"https:\/\/metallotexnia-tsatsis.gr\/fr\/produit\/zebrakecki-serrure-de-porte-traditionnelle\/","og_locale":"fr_FR","og_type":"article","og_title":"Zebrakecki | Serrure de porte traditionnelle - Metallotexnia Tsatsis","og_description":"Zebareki, la serrure de porte traditionnelle, fabriqu\u00e9e et forg\u00e9e \u00e0 la main en fer massif, id\u00e9ale pour ajouter un charme rustique et une s\u00e9curit\u00e9 \u00e0 votre entr\u00e9e.","og_url":"https:\/\/metallotexnia-tsatsis.gr\/fr\/produit\/zebrakecki-serrure-de-porte-traditionnelle\/","og_site_name":"Metallotexnia Tsatsis","og_image":[{"width":1024,"height":1024,"url":"https:\/\/metallotexnia-tsatsis.gr\/wp-content\/uploads\/2024\/02\/8-1.jpg","type":"image\/jpeg"}],"twitter_card":"summary_large_image","twitter_misc":{"Dur\u00e9e de lecture estim\u00e9e":"1 minute"},"schema":{"@context":"https:\/\/schema.org","@graph":[{"@type":"WebPage","@id":"https:\/\/metallotexnia-tsatsis.gr\/fr\/produit\/zebrakecki-serrure-de-porte-traditionnelle\/","url":"https:\/\/metallotexnia-tsatsis.gr\/fr\/produit\/zebrakecki-serrure-de-porte-traditionnelle\/","name":"Zebrakecki | Serrure de porte traditionnelle - Metallotexnia Tsatsis","isPartOf":{"@id":"https:\/\/metallotexnia-tsatsis.gr\/fr\/#website"},"primaryImageOfPage":{"@id":"https:\/\/metallotexnia-tsatsis.gr\/fr\/produit\/zebrakecki-serrure-de-porte-traditionnelle\/#primaryimage"},"image":{"@id":"https:\/\/metallotexnia-tsatsis.gr\/fr\/produit\/zebrakecki-serrure-de-porte-traditionnelle\/#primaryimage"},"thumbnailUrl":"https:\/\/metallotexnia-tsatsis.gr\/wp-content\/uploads\/2024\/02\/8-1.jpg","datePublished":"2024-02-23T10:22:13+00:00","description":"Zebareki, la serrure de porte traditionnelle, fabriqu\u00e9e et forg\u00e9e \u00e0 la main en fer massif, id\u00e9ale pour ajouter un charme rustique et une s\u00e9curit\u00e9 \u00e0 votre entr\u00e9e.","breadcrumb":{"@id":"https:\/\/metallotexnia-tsatsis.gr\/fr\/produit\/zebrakecki-serrure-de-porte-traditionnelle\/#breadcrumb"},"inLanguage":"fr-FR","potentialAction":[{"@type":"ReadAction","target":["https:\/\/metallotexnia-tsatsis.gr\/fr\/produit\/zebrakecki-serrure-de-porte-traditionnelle\/"]}]},{"@type":"ImageObject","inLanguage":"fr-FR","@id":"https:\/\/metallotexnia-tsatsis.gr\/fr\/produit\/zebrakecki-serrure-de-porte-traditionnelle\/#primaryimage","url":"https:\/\/metallotexnia-tsatsis.gr\/wp-content\/uploads\/2024\/02\/8-1.jpg","contentUrl":"https:\/\/metallotexnia-tsatsis.gr\/wp-content\/uploads\/2024\/02\/8-1.jpg","width":1024,"height":1024},{"@type":"BreadcrumbList","@id":"https:\/\/metallotexnia-tsatsis.gr\/fr\/produit\/zebrakecki-serrure-de-porte-traditionnelle\/#breadcrumb","itemListElement":[{"@type":"ListItem","position":1,"name":"\u0391\u03c1\u03c7\u03b9\u03ba\u03ae","item":"https:\/\/metallotexnia-tsatsis.gr\/fr\/"},{"@type":"ListItem","position":2,"name":"Boutique","item":"https:\/\/metallotexnia-tsatsis.gr\/fr\/boutique\/"},{"@type":"ListItem","position":3,"name":"Zebrakecki | Serrure de porte traditionnelle"}]},{"@type":"WebSite","@id":"https:\/\/metallotexnia-tsatsis.gr\/fr\/#website","url":"https:\/\/metallotexnia-tsatsis.gr\/fr\/","name":"Metallotexnia Tsatsis","description":"\u0395\u03c1\u03b3\u03b1\u03c3\u03c4\u03ae\u03c1\u03b9\u03bf \u03a0\u03b1\u03c1\u03b1\u03b4\u03bf\u03c3\u03b9\u03b1\u03ba\u03ae \u03a4\u03ad\u03c7\u03bd\u03b7\u03c2 &amp; \u03a7\u03b5\u03b9\u03c1\u03bf\u03c0\u03bf\u03af\u03b7\u03c4\u03bf\u03c5 \u03a3\u03b9\u03b4\u03ae\u03c1\u03bf\u03c5","publisher":{"@id":"https:\/\/metallotexnia-tsatsis.gr\/fr\/#organization"},"potentialAction":[{"@type":"SearchAction","target":{"@type":"EntryPoint","urlTemplate":"https:\/\/metallotexnia-tsatsis.gr\/fr\/?s={search_term_string}"},"query-input":{"@type":"PropertyValueSpecification","valueRequired":true,"valueName":"search_term_string"}}],"inLanguage":"fr-FR"},{"@type":"Organization","@id":"https:\/\/metallotexnia-tsatsis.gr\/fr\/#organization","name":"Metallotexnia Tsatsis","url":"https:\/\/metallotexnia-tsatsis.gr\/fr\/","logo":{"@type":"ImageObject","inLanguage":"fr-FR","@id":"https:\/\/metallotexnia-tsatsis.gr\/fr\/#\/schema\/logo\/image\/","url":"https:\/\/metallotexnia-tsatsis.gr\/wp-content\/uploads\/2025\/10\/W-Transparent-01.png","contentUrl":"https:\/\/metallotexnia-tsatsis.gr\/wp-content\/uploads\/2025\/10\/W-Transparent-01.png","width":1396,"height":341,"caption":"Metallotexnia Tsatsis"},"image":{"@id":"https:\/\/metallotexnia-tsatsis.gr\/fr\/#\/schema\/logo\/image\/"}}]}},"_links":{"self":[{"href":"https:\/\/metallotexnia-tsatsis.gr\/fr\/wp-json\/wp\/v2\/product\/27636","targetHints":{"allow":["GET"]}}],"collection":[{"href":"https:\/\/metallotexnia-tsatsis.gr\/fr\/wp-json\/wp\/v2\/product"}],"about":[{"href":"https:\/\/metallotexnia-tsatsis.gr\/fr\/wp-json\/wp\/v2\/types\/product"}],"replies":[{"embeddable":true,"href":"https:\/\/metallotexnia-tsatsis.gr\/fr\/wp-json\/wp\/v2\/comments?post=27636"}],"version-history":[{"count":0,"href":"https:\/\/metallotexnia-tsatsis.gr\/fr\/wp-json\/wp\/v2\/product\/27636\/revisions"}],"wp:featuredmedia":[{"embeddable":true,"href":"https:\/\/metallotexnia-tsatsis.gr\/fr\/wp-json\/wp\/v2\/media\/25881"}],"wp:attachment":[{"href":"https:\/\/metallotexnia-tsatsis.gr\/fr\/wp-json\/wp\/v2\/media?parent=27636"}],"wp:term":[{"taxonomy":"product_brand","embeddable":true,"href":"https:\/\/metallotexnia-tsatsis.gr\/fr\/wp-json\/wp\/v2\/product_brand?post=27636"},{"taxonomy":"product_cat","embeddable":true,"href":"https:\/\/metallotexnia-tsatsis.gr\/fr\/wp-json\/wp\/v2\/product_cat?post=27636"},{"taxonomy":"product_tag","embeddable":true,"href":"https:\/\/metallotexnia-tsatsis.gr\/fr\/wp-json\/wp\/v2\/product_tag?post=27636"}],"curies":[{"name":"wp","href":"https:\/\/api.w.org\/{rel}","templated":true}]}}