{"id":27632,"date":"2024-02-23T09:24:08","date_gmt":"2024-02-23T09:24:08","guid":{"rendered":"https:\/\/metallotexnia-tsatsis.gr\/product\/poignee-forgee\/"},"modified":"2024-02-23T09:24:08","modified_gmt":"2024-02-23T09:24:08","slug":"poignee-forgee","status":"publish","type":"product","link":"https:\/\/metallotexnia-tsatsis.gr\/fr\/produit\/poignee-forgee\/","title":{"rendered":"Poign\u00e9e forg\u00e9e"},"content":{"rendered":"<p>Con\u00e7ue et fabriqu\u00e9e exclusivement dans notre atelier, cette poign\u00e9e de portail allie l&rsquo;esth\u00e9tique de la forge traditionnelle \u00e0 la fonctionnalit\u00e9 d&rsquo;un design moderne. Chaque pi\u00e8ce est une \u0153uvre d&rsquo;art, refl\u00e9tant le savoir-faire et la passion de nos artisans, et t\u00e9moigne d&rsquo;une esth\u00e9tique et d&rsquo;une qualit\u00e9 \u00e9lev\u00e9es.<\/p>\n<p>La poign\u00e9e de portail forg\u00e9e est id\u00e9ale pour ceux qui souhaitent ajouter un \u00e9l\u00e9ment authentique, traditionnel et \u00e9l\u00e9gant \u00e0 leur entr\u00e9e. C&rsquo;est un choix qui combine harmonieusement la beaut\u00e9 et la durabilit\u00e9, garantissant un r\u00e9sultat qui r\u00e9sistera \u00e0 l&rsquo;\u00e9preuve du temps.<\/p>\n<p>Laissez-vous inspirer par la beaut\u00e9 et la puissance du fer forg\u00e9 et transformez votre espace avec la poign\u00e9e de portail en fer forg\u00e9. Disponible exclusivement dans notre eShop, il conf\u00e8re un sentiment de luxe et d&rsquo;intemporalit\u00e9 \u00e0 chaque entr\u00e9e, faisant de chaque arriv\u00e9e une exp\u00e9rience inoubliable.<\/p>\n<p>Am\u00e9liorez votre entr\u00e9e avec une pi\u00e8ce qui refl\u00e8te l&rsquo;amour de l&rsquo;art, de la tradition et de la durabilit\u00e9. Choisissez la poign\u00e9e de porte forg\u00e9e pour une esth\u00e9tique qui se d\u00e9marque.<\/p>\n","protected":false},"excerpt":{"rendered":"<p>D\u00e9couvrez l&rsquo;expression ultime de l&rsquo;art traditionnel avec la poign\u00e9e de porte forg\u00e9e, un chef-d&rsquo;\u0153uvre authentique qui porte la signature de Tsatsis Metalworking. Chaque poign\u00e9e est le r\u00e9sultat d&rsquo;innombrables heures de travail minutieux et de d\u00e9vouement \u00e0 l&rsquo;art du fer forg\u00e9, offrant un \u00e9l\u00e9ment unique d&rsquo;\u00e9l\u00e9gance et de luxe discret \u00e0 n&rsquo;importe quel espace.<\/p>\n","protected":false},"featured_media":25914,"comment_status":"open","ping_status":"closed","template":"","meta":[],"product_brand":[],"product_cat":[94],"product_tag":[],"class_list":{"0":"post-27632","1":"product","2":"type-product","3":"status-publish","4":"has-post-thumbnail","6":"product_cat-poignees-de-porte","8":"first","9":"instock","10":"sold-individually","11":"taxable","12":"shipping-taxable","13":"purchasable","14":"product-type-simple"},"yoast_head":"<!-- This site is optimized with the Yoast SEO plugin v27.4 - https:\/\/yoast.com\/product\/yoast-seo-wordpress\/ -->\n<title>Poign\u00e9e forg\u00e9e - Metallotexnia Tsatsis<\/title>\n<meta name=\"description\" content=\"D\u00e9couvrez la poign\u00e9e de porte forg\u00e9e, le chef-d&#039;\u0153uvre ultime de l&#039;art traditionnel, fabriqu\u00e9 \u00e0 la main avec soin dans notre atelier. Ajoutez une \u00e9l\u00e9gance intemporelle \u00e0 votre espace.\" \/>\n<meta name=\"robots\" content=\"index, follow, max-snippet:-1, max-image-preview:large, max-video-preview:-1\" \/>\n<link rel=\"canonical\" href=\"https:\/\/metallotexnia-tsatsis.gr\/fr\/produit\/poignee-forgee\/\" \/>\n<meta property=\"og:locale\" content=\"fr_FR\" \/>\n<meta property=\"og:type\" content=\"article\" \/>\n<meta property=\"og:title\" content=\"Poign\u00e9e forg\u00e9e - Metallotexnia Tsatsis\" \/>\n<meta property=\"og:description\" content=\"D\u00e9couvrez la poign\u00e9e de porte forg\u00e9e, le chef-d&#039;\u0153uvre ultime de l&#039;art traditionnel, fabriqu\u00e9 \u00e0 la main avec soin dans notre atelier. Ajoutez une \u00e9l\u00e9gance intemporelle \u00e0 votre espace.\" \/>\n<meta property=\"og:url\" content=\"https:\/\/metallotexnia-tsatsis.gr\/fr\/produit\/poignee-forgee\/\" \/>\n<meta property=\"og:site_name\" content=\"Metallotexnia Tsatsis\" \/>\n<meta property=\"og:image\" content=\"https:\/\/metallotexnia-tsatsis.gr\/wp-content\/uploads\/2024\/02\/DSC07022-scaled.jpg\" \/>\n\t<meta property=\"og:image:width\" content=\"2560\" \/>\n\t<meta property=\"og:image:height\" content=\"1732\" \/>\n\t<meta property=\"og:image:type\" content=\"image\/jpeg\" \/>\n<meta name=\"twitter:card\" content=\"summary_large_image\" \/>\n<meta name=\"twitter:label1\" content=\"Dur\u00e9e de lecture estim\u00e9e\" \/>\n\t<meta name=\"twitter:data1\" content=\"1 minute\" \/>\n<script type=\"application\/ld+json\" class=\"yoast-schema-graph\">{\"@context\":\"https:\\\/\\\/schema.org\",\"@graph\":[{\"@type\":\"WebPage\",\"@id\":\"https:\\\/\\\/metallotexnia-tsatsis.gr\\\/fr\\\/produit\\\/poignee-forgee\\\/\",\"url\":\"https:\\\/\\\/metallotexnia-tsatsis.gr\\\/fr\\\/produit\\\/poignee-forgee\\\/\",\"name\":\"Poign\u00e9e forg\u00e9e - Metallotexnia Tsatsis\",\"isPartOf\":{\"@id\":\"https:\\\/\\\/metallotexnia-tsatsis.gr\\\/fr\\\/#website\"},\"primaryImageOfPage\":{\"@id\":\"https:\\\/\\\/metallotexnia-tsatsis.gr\\\/fr\\\/produit\\\/poignee-forgee\\\/#primaryimage\"},\"image\":{\"@id\":\"https:\\\/\\\/metallotexnia-tsatsis.gr\\\/fr\\\/produit\\\/poignee-forgee\\\/#primaryimage\"},\"thumbnailUrl\":\"https:\\\/\\\/metallotexnia-tsatsis.gr\\\/wp-content\\\/uploads\\\/2024\\\/02\\\/DSC07022-scaled.jpg\",\"datePublished\":\"2024-02-23T09:24:08+00:00\",\"description\":\"D\u00e9couvrez la poign\u00e9e de porte forg\u00e9e, le chef-d'\u0153uvre ultime de l'art traditionnel, fabriqu\u00e9 \u00e0 la main avec soin dans notre atelier. Ajoutez une \u00e9l\u00e9gance intemporelle \u00e0 votre espace.\",\"breadcrumb\":{\"@id\":\"https:\\\/\\\/metallotexnia-tsatsis.gr\\\/fr\\\/produit\\\/poignee-forgee\\\/#breadcrumb\"},\"inLanguage\":\"fr-FR\",\"potentialAction\":[{\"@type\":\"ReadAction\",\"target\":[\"https:\\\/\\\/metallotexnia-tsatsis.gr\\\/fr\\\/produit\\\/poignee-forgee\\\/\"]}]},{\"@type\":\"ImageObject\",\"inLanguage\":\"fr-FR\",\"@id\":\"https:\\\/\\\/metallotexnia-tsatsis.gr\\\/fr\\\/produit\\\/poignee-forgee\\\/#primaryimage\",\"url\":\"https:\\\/\\\/metallotexnia-tsatsis.gr\\\/wp-content\\\/uploads\\\/2024\\\/02\\\/DSC07022-scaled.jpg\",\"contentUrl\":\"https:\\\/\\\/metallotexnia-tsatsis.gr\\\/wp-content\\\/uploads\\\/2024\\\/02\\\/DSC07022-scaled.jpg\",\"width\":2560,\"height\":1732},{\"@type\":\"BreadcrumbList\",\"@id\":\"https:\\\/\\\/metallotexnia-tsatsis.gr\\\/fr\\\/produit\\\/poignee-forgee\\\/#breadcrumb\",\"itemListElement\":[{\"@type\":\"ListItem\",\"position\":1,\"name\":\"\u0391\u03c1\u03c7\u03b9\u03ba\u03ae\",\"item\":\"https:\\\/\\\/metallotexnia-tsatsis.gr\\\/fr\\\/\"},{\"@type\":\"ListItem\",\"position\":2,\"name\":\"Boutique\",\"item\":\"https:\\\/\\\/metallotexnia-tsatsis.gr\\\/fr\\\/boutique\\\/\"},{\"@type\":\"ListItem\",\"position\":3,\"name\":\"Poign\u00e9e forg\u00e9e\"}]},{\"@type\":\"WebSite\",\"@id\":\"https:\\\/\\\/metallotexnia-tsatsis.gr\\\/fr\\\/#website\",\"url\":\"https:\\\/\\\/metallotexnia-tsatsis.gr\\\/fr\\\/\",\"name\":\"Metallotexnia Tsatsis\",\"description\":\"\u0395\u03c1\u03b3\u03b1\u03c3\u03c4\u03ae\u03c1\u03b9\u03bf \u03a0\u03b1\u03c1\u03b1\u03b4\u03bf\u03c3\u03b9\u03b1\u03ba\u03ae \u03a4\u03ad\u03c7\u03bd\u03b7\u03c2 &amp; \u03a7\u03b5\u03b9\u03c1\u03bf\u03c0\u03bf\u03af\u03b7\u03c4\u03bf\u03c5 \u03a3\u03b9\u03b4\u03ae\u03c1\u03bf\u03c5\",\"publisher\":{\"@id\":\"https:\\\/\\\/metallotexnia-tsatsis.gr\\\/fr\\\/#organization\"},\"potentialAction\":[{\"@type\":\"SearchAction\",\"target\":{\"@type\":\"EntryPoint\",\"urlTemplate\":\"https:\\\/\\\/metallotexnia-tsatsis.gr\\\/fr\\\/?s={search_term_string}\"},\"query-input\":{\"@type\":\"PropertyValueSpecification\",\"valueRequired\":true,\"valueName\":\"search_term_string\"}}],\"inLanguage\":\"fr-FR\"},{\"@type\":\"Organization\",\"@id\":\"https:\\\/\\\/metallotexnia-tsatsis.gr\\\/fr\\\/#organization\",\"name\":\"Metallotexnia Tsatsis\",\"url\":\"https:\\\/\\\/metallotexnia-tsatsis.gr\\\/fr\\\/\",\"logo\":{\"@type\":\"ImageObject\",\"inLanguage\":\"fr-FR\",\"@id\":\"https:\\\/\\\/metallotexnia-tsatsis.gr\\\/fr\\\/#\\\/schema\\\/logo\\\/image\\\/\",\"url\":\"https:\\\/\\\/metallotexnia-tsatsis.gr\\\/wp-content\\\/uploads\\\/2025\\\/10\\\/W-Transparent-01.png\",\"contentUrl\":\"https:\\\/\\\/metallotexnia-tsatsis.gr\\\/wp-content\\\/uploads\\\/2025\\\/10\\\/W-Transparent-01.png\",\"width\":1396,\"height\":341,\"caption\":\"Metallotexnia Tsatsis\"},\"image\":{\"@id\":\"https:\\\/\\\/metallotexnia-tsatsis.gr\\\/fr\\\/#\\\/schema\\\/logo\\\/image\\\/\"}}]}<\/script>\n<!-- \/ Yoast SEO plugin. -->","yoast_head_json":{"title":"Poign\u00e9e forg\u00e9e - Metallotexnia Tsatsis","description":"D\u00e9couvrez la poign\u00e9e de porte forg\u00e9e, le chef-d'\u0153uvre ultime de l'art traditionnel, fabriqu\u00e9 \u00e0 la main avec soin dans notre atelier. Ajoutez une \u00e9l\u00e9gance intemporelle \u00e0 votre espace.","robots":{"index":"index","follow":"follow","max-snippet":"max-snippet:-1","max-image-preview":"max-image-preview:large","max-video-preview":"max-video-preview:-1"},"canonical":"https:\/\/metallotexnia-tsatsis.gr\/fr\/produit\/poignee-forgee\/","og_locale":"fr_FR","og_type":"article","og_title":"Poign\u00e9e forg\u00e9e - Metallotexnia Tsatsis","og_description":"D\u00e9couvrez la poign\u00e9e de porte forg\u00e9e, le chef-d'\u0153uvre ultime de l'art traditionnel, fabriqu\u00e9 \u00e0 la main avec soin dans notre atelier. Ajoutez une \u00e9l\u00e9gance intemporelle \u00e0 votre espace.","og_url":"https:\/\/metallotexnia-tsatsis.gr\/fr\/produit\/poignee-forgee\/","og_site_name":"Metallotexnia Tsatsis","og_image":[{"width":2560,"height":1732,"url":"https:\/\/metallotexnia-tsatsis.gr\/wp-content\/uploads\/2024\/02\/DSC07022-scaled.jpg","type":"image\/jpeg"}],"twitter_card":"summary_large_image","twitter_misc":{"Dur\u00e9e de lecture estim\u00e9e":"1 minute"},"schema":{"@context":"https:\/\/schema.org","@graph":[{"@type":"WebPage","@id":"https:\/\/metallotexnia-tsatsis.gr\/fr\/produit\/poignee-forgee\/","url":"https:\/\/metallotexnia-tsatsis.gr\/fr\/produit\/poignee-forgee\/","name":"Poign\u00e9e forg\u00e9e - Metallotexnia Tsatsis","isPartOf":{"@id":"https:\/\/metallotexnia-tsatsis.gr\/fr\/#website"},"primaryImageOfPage":{"@id":"https:\/\/metallotexnia-tsatsis.gr\/fr\/produit\/poignee-forgee\/#primaryimage"},"image":{"@id":"https:\/\/metallotexnia-tsatsis.gr\/fr\/produit\/poignee-forgee\/#primaryimage"},"thumbnailUrl":"https:\/\/metallotexnia-tsatsis.gr\/wp-content\/uploads\/2024\/02\/DSC07022-scaled.jpg","datePublished":"2024-02-23T09:24:08+00:00","description":"D\u00e9couvrez la poign\u00e9e de porte forg\u00e9e, le chef-d'\u0153uvre ultime de l'art traditionnel, fabriqu\u00e9 \u00e0 la main avec soin dans notre atelier. Ajoutez une \u00e9l\u00e9gance intemporelle \u00e0 votre espace.","breadcrumb":{"@id":"https:\/\/metallotexnia-tsatsis.gr\/fr\/produit\/poignee-forgee\/#breadcrumb"},"inLanguage":"fr-FR","potentialAction":[{"@type":"ReadAction","target":["https:\/\/metallotexnia-tsatsis.gr\/fr\/produit\/poignee-forgee\/"]}]},{"@type":"ImageObject","inLanguage":"fr-FR","@id":"https:\/\/metallotexnia-tsatsis.gr\/fr\/produit\/poignee-forgee\/#primaryimage","url":"https:\/\/metallotexnia-tsatsis.gr\/wp-content\/uploads\/2024\/02\/DSC07022-scaled.jpg","contentUrl":"https:\/\/metallotexnia-tsatsis.gr\/wp-content\/uploads\/2024\/02\/DSC07022-scaled.jpg","width":2560,"height":1732},{"@type":"BreadcrumbList","@id":"https:\/\/metallotexnia-tsatsis.gr\/fr\/produit\/poignee-forgee\/#breadcrumb","itemListElement":[{"@type":"ListItem","position":1,"name":"\u0391\u03c1\u03c7\u03b9\u03ba\u03ae","item":"https:\/\/metallotexnia-tsatsis.gr\/fr\/"},{"@type":"ListItem","position":2,"name":"Boutique","item":"https:\/\/metallotexnia-tsatsis.gr\/fr\/boutique\/"},{"@type":"ListItem","position":3,"name":"Poign\u00e9e forg\u00e9e"}]},{"@type":"WebSite","@id":"https:\/\/metallotexnia-tsatsis.gr\/fr\/#website","url":"https:\/\/metallotexnia-tsatsis.gr\/fr\/","name":"Metallotexnia Tsatsis","description":"\u0395\u03c1\u03b3\u03b1\u03c3\u03c4\u03ae\u03c1\u03b9\u03bf \u03a0\u03b1\u03c1\u03b1\u03b4\u03bf\u03c3\u03b9\u03b1\u03ba\u03ae \u03a4\u03ad\u03c7\u03bd\u03b7\u03c2 &amp; \u03a7\u03b5\u03b9\u03c1\u03bf\u03c0\u03bf\u03af\u03b7\u03c4\u03bf\u03c5 \u03a3\u03b9\u03b4\u03ae\u03c1\u03bf\u03c5","publisher":{"@id":"https:\/\/metallotexnia-tsatsis.gr\/fr\/#organization"},"potentialAction":[{"@type":"SearchAction","target":{"@type":"EntryPoint","urlTemplate":"https:\/\/metallotexnia-tsatsis.gr\/fr\/?s={search_term_string}"},"query-input":{"@type":"PropertyValueSpecification","valueRequired":true,"valueName":"search_term_string"}}],"inLanguage":"fr-FR"},{"@type":"Organization","@id":"https:\/\/metallotexnia-tsatsis.gr\/fr\/#organization","name":"Metallotexnia Tsatsis","url":"https:\/\/metallotexnia-tsatsis.gr\/fr\/","logo":{"@type":"ImageObject","inLanguage":"fr-FR","@id":"https:\/\/metallotexnia-tsatsis.gr\/fr\/#\/schema\/logo\/image\/","url":"https:\/\/metallotexnia-tsatsis.gr\/wp-content\/uploads\/2025\/10\/W-Transparent-01.png","contentUrl":"https:\/\/metallotexnia-tsatsis.gr\/wp-content\/uploads\/2025\/10\/W-Transparent-01.png","width":1396,"height":341,"caption":"Metallotexnia Tsatsis"},"image":{"@id":"https:\/\/metallotexnia-tsatsis.gr\/fr\/#\/schema\/logo\/image\/"}}]}},"_links":{"self":[{"href":"https:\/\/metallotexnia-tsatsis.gr\/fr\/wp-json\/wp\/v2\/product\/27632","targetHints":{"allow":["GET"]}}],"collection":[{"href":"https:\/\/metallotexnia-tsatsis.gr\/fr\/wp-json\/wp\/v2\/product"}],"about":[{"href":"https:\/\/metallotexnia-tsatsis.gr\/fr\/wp-json\/wp\/v2\/types\/product"}],"replies":[{"embeddable":true,"href":"https:\/\/metallotexnia-tsatsis.gr\/fr\/wp-json\/wp\/v2\/comments?post=27632"}],"version-history":[{"count":0,"href":"https:\/\/metallotexnia-tsatsis.gr\/fr\/wp-json\/wp\/v2\/product\/27632\/revisions"}],"wp:featuredmedia":[{"embeddable":true,"href":"https:\/\/metallotexnia-tsatsis.gr\/fr\/wp-json\/wp\/v2\/media\/25914"}],"wp:attachment":[{"href":"https:\/\/metallotexnia-tsatsis.gr\/fr\/wp-json\/wp\/v2\/media?parent=27632"}],"wp:term":[{"taxonomy":"product_brand","embeddable":true,"href":"https:\/\/metallotexnia-tsatsis.gr\/fr\/wp-json\/wp\/v2\/product_brand?post=27632"},{"taxonomy":"product_cat","embeddable":true,"href":"https:\/\/metallotexnia-tsatsis.gr\/fr\/wp-json\/wp\/v2\/product_cat?post=27632"},{"taxonomy":"product_tag","embeddable":true,"href":"https:\/\/metallotexnia-tsatsis.gr\/fr\/wp-json\/wp\/v2\/product_tag?post=27632"}],"curies":[{"name":"wp","href":"https:\/\/api.w.org\/{rel}","templated":true}]}}