{"id":27623,"date":"2024-02-06T04:57:20","date_gmt":"2024-02-06T04:57:20","guid":{"rendered":"https:\/\/metallotexnia-tsatsis.gr\/product\/ensemble-de-poignees-de-porte-ovales-faites-a-la-main\/"},"modified":"2024-02-06T04:57:20","modified_gmt":"2024-02-06T04:57:20","slug":"ensemble-de-poignees-de-porte-ovales-faites-a-la-main","status":"publish","type":"product","link":"https:\/\/metallotexnia-tsatsis.gr\/fr\/produit\/ensemble-de-poignees-de-porte-ovales-faites-a-la-main\/","title":{"rendered":"Ensemble de poign\u00e9es de porte ovales faites \u00e0 la main"},"content":{"rendered":"<p>D\u00e9couvrez notre collection exceptionnelle de poign\u00e9es de porte fabriqu\u00e9es \u00e0 la main, o\u00f9 chaque pi\u00e8ce t\u00e9moigne de l&rsquo;art s\u00e9culaire de la forge. Chez Chatsis Metalworking, nous sommes fiers de pr\u00e9server l&rsquo;art des techniques traditionnelles de forge, en cr\u00e9ant des poign\u00e9es et des poign\u00e9es pour portes et portails qui ne sont pas seulement fonctionnelles, mais qui sont aussi des \u0153uvres d&rsquo;art. Des designs classiques aux touches contemporaines, notre gamme promet d&rsquo;ajouter une touche d&rsquo;\u00e9l\u00e9gance exclusive \u00e0 n&rsquo;importe quelle porte. D\u00e9couvrez la combinaison parfaite de durabilit\u00e9, de beaut\u00e9 et d&rsquo;histoire avec nos pi\u00e8ces fabriqu\u00e9es \u00e0 la main.<\/p>\n","protected":false},"excerpt":{"rendered":"<p>Set Poign\u00e9es artisanales pour porte ext\u00e9rieure\/portail de forme ovale en fer massif.<br \/>\nD\u00e9couvrez notre collection exceptionnelle de poign\u00e9es de porte fabriqu\u00e9es \u00e0 la main, o\u00f9 chaque pi\u00e8ce t\u00e9moigne de l&rsquo;art s\u00e9culaire de la forge. Chez Chatsis Metalworking, nous sommes fiers de pr\u00e9server l&rsquo;art des techniques traditionnelles de forge, en cr\u00e9ant des poign\u00e9es et des poign\u00e9es pour portes et portails qui ne sont pas seulement fonctionnelles, mais qui sont aussi des \u0153uvres d&rsquo;art.<\/p>\n","protected":false},"featured_media":25931,"comment_status":"open","ping_status":"closed","template":"","meta":[],"product_brand":[],"product_cat":[94],"product_tag":[],"class_list":{"0":"post-27623","1":"product","2":"type-product","3":"status-publish","4":"has-post-thumbnail","6":"product_cat-poignees-de-porte","8":"first","9":"instock","10":"sold-individually","11":"taxable","12":"shipping-taxable","13":"purchasable","14":"product-type-simple"},"yoast_head":"<!-- This site is optimized with the Yoast SEO plugin v27.3 - https:\/\/yoast.com\/product\/yoast-seo-wordpress\/ -->\n<title>Ensemble de poign\u00e9es de porte ovales faites \u00e0 la main - Metallotexnia Tsatsis<\/title>\n<meta name=\"description\" content=\"D\u00e9couvrez notre collection unique de poign\u00e9es de porte faites \u00e0 la main chez Chatsis Metalworking. Chaque pi\u00e8ce est une expression authentique de la forge traditionnelle, alliant force, beaut\u00e9 et histoire. D\u00e9couvrez l&#039;\u00e9l\u00e9gance ultime pour l&#039;entr\u00e9e de votre espace avec nos pi\u00e8ces uniques.\" \/>\n<meta name=\"robots\" content=\"index, follow, max-snippet:-1, max-image-preview:large, max-video-preview:-1\" \/>\n<link rel=\"canonical\" href=\"https:\/\/metallotexnia-tsatsis.gr\/fr\/produit\/ensemble-de-poignees-de-porte-ovales-faites-a-la-main\/\" \/>\n<meta property=\"og:locale\" content=\"fr_FR\" \/>\n<meta property=\"og:type\" content=\"article\" \/>\n<meta property=\"og:title\" content=\"Ensemble de poign\u00e9es de porte ovales faites \u00e0 la main - Metallotexnia Tsatsis\" \/>\n<meta property=\"og:description\" content=\"D\u00e9couvrez notre collection unique de poign\u00e9es de porte faites \u00e0 la main chez Chatsis Metalworking. Chaque pi\u00e8ce est une expression authentique de la forge traditionnelle, alliant force, beaut\u00e9 et histoire. D\u00e9couvrez l&#039;\u00e9l\u00e9gance ultime pour l&#039;entr\u00e9e de votre espace avec nos pi\u00e8ces uniques.\" \/>\n<meta property=\"og:url\" content=\"https:\/\/metallotexnia-tsatsis.gr\/fr\/produit\/ensemble-de-poignees-de-porte-ovales-faites-a-la-main\/\" \/>\n<meta property=\"og:site_name\" content=\"Metallotexnia Tsatsis\" \/>\n<meta property=\"og:image\" content=\"https:\/\/metallotexnia-tsatsis.gr\/wp-content\/uploads\/2024\/02\/DSC06999-scaled.jpg\" \/>\n\t<meta property=\"og:image:width\" content=\"2560\" \/>\n\t<meta property=\"og:image:height\" content=\"1707\" \/>\n\t<meta property=\"og:image:type\" content=\"image\/jpeg\" \/>\n<meta name=\"twitter:card\" content=\"summary_large_image\" \/>\n<meta name=\"twitter:label1\" content=\"Dur\u00e9e de lecture estim\u00e9e\" \/>\n\t<meta name=\"twitter:data1\" content=\"1 minute\" \/>\n<script type=\"application\/ld+json\" class=\"yoast-schema-graph\">{\"@context\":\"https:\\\/\\\/schema.org\",\"@graph\":[{\"@type\":\"WebPage\",\"@id\":\"https:\\\/\\\/metallotexnia-tsatsis.gr\\\/fr\\\/produit\\\/ensemble-de-poignees-de-porte-ovales-faites-a-la-main\\\/\",\"url\":\"https:\\\/\\\/metallotexnia-tsatsis.gr\\\/fr\\\/produit\\\/ensemble-de-poignees-de-porte-ovales-faites-a-la-main\\\/\",\"name\":\"Ensemble de poign\u00e9es de porte ovales faites \u00e0 la main - Metallotexnia Tsatsis\",\"isPartOf\":{\"@id\":\"https:\\\/\\\/metallotexnia-tsatsis.gr\\\/fr\\\/#website\"},\"primaryImageOfPage\":{\"@id\":\"https:\\\/\\\/metallotexnia-tsatsis.gr\\\/fr\\\/produit\\\/ensemble-de-poignees-de-porte-ovales-faites-a-la-main\\\/#primaryimage\"},\"image\":{\"@id\":\"https:\\\/\\\/metallotexnia-tsatsis.gr\\\/fr\\\/produit\\\/ensemble-de-poignees-de-porte-ovales-faites-a-la-main\\\/#primaryimage\"},\"thumbnailUrl\":\"https:\\\/\\\/metallotexnia-tsatsis.gr\\\/wp-content\\\/uploads\\\/2024\\\/02\\\/DSC06999-scaled.jpg\",\"datePublished\":\"2024-02-06T04:57:20+00:00\",\"description\":\"D\u00e9couvrez notre collection unique de poign\u00e9es de porte faites \u00e0 la main chez Chatsis Metalworking. Chaque pi\u00e8ce est une expression authentique de la forge traditionnelle, alliant force, beaut\u00e9 et histoire. D\u00e9couvrez l'\u00e9l\u00e9gance ultime pour l'entr\u00e9e de votre espace avec nos pi\u00e8ces uniques.\",\"breadcrumb\":{\"@id\":\"https:\\\/\\\/metallotexnia-tsatsis.gr\\\/fr\\\/produit\\\/ensemble-de-poignees-de-porte-ovales-faites-a-la-main\\\/#breadcrumb\"},\"inLanguage\":\"fr-FR\",\"potentialAction\":[{\"@type\":\"ReadAction\",\"target\":[\"https:\\\/\\\/metallotexnia-tsatsis.gr\\\/fr\\\/produit\\\/ensemble-de-poignees-de-porte-ovales-faites-a-la-main\\\/\"]}]},{\"@type\":\"ImageObject\",\"inLanguage\":\"fr-FR\",\"@id\":\"https:\\\/\\\/metallotexnia-tsatsis.gr\\\/fr\\\/produit\\\/ensemble-de-poignees-de-porte-ovales-faites-a-la-main\\\/#primaryimage\",\"url\":\"https:\\\/\\\/metallotexnia-tsatsis.gr\\\/wp-content\\\/uploads\\\/2024\\\/02\\\/DSC06999-scaled.jpg\",\"contentUrl\":\"https:\\\/\\\/metallotexnia-tsatsis.gr\\\/wp-content\\\/uploads\\\/2024\\\/02\\\/DSC06999-scaled.jpg\",\"width\":2560,\"height\":1707},{\"@type\":\"BreadcrumbList\",\"@id\":\"https:\\\/\\\/metallotexnia-tsatsis.gr\\\/fr\\\/produit\\\/ensemble-de-poignees-de-porte-ovales-faites-a-la-main\\\/#breadcrumb\",\"itemListElement\":[{\"@type\":\"ListItem\",\"position\":1,\"name\":\"\u0391\u03c1\u03c7\u03b9\u03ba\u03ae\",\"item\":\"https:\\\/\\\/metallotexnia-tsatsis.gr\\\/fr\\\/\"},{\"@type\":\"ListItem\",\"position\":2,\"name\":\"Boutique\",\"item\":\"https:\\\/\\\/metallotexnia-tsatsis.gr\\\/fr\\\/boutique\\\/\"},{\"@type\":\"ListItem\",\"position\":3,\"name\":\"Ensemble de poign\u00e9es de porte ovales faites \u00e0 la main\"}]},{\"@type\":\"WebSite\",\"@id\":\"https:\\\/\\\/metallotexnia-tsatsis.gr\\\/fr\\\/#website\",\"url\":\"https:\\\/\\\/metallotexnia-tsatsis.gr\\\/fr\\\/\",\"name\":\"Metallotexnia Tsatsis\",\"description\":\"\u0395\u03c1\u03b3\u03b1\u03c3\u03c4\u03ae\u03c1\u03b9\u03bf \u03a0\u03b1\u03c1\u03b1\u03b4\u03bf\u03c3\u03b9\u03b1\u03ba\u03ae \u03a4\u03ad\u03c7\u03bd\u03b7\u03c2 &amp; \u03a7\u03b5\u03b9\u03c1\u03bf\u03c0\u03bf\u03af\u03b7\u03c4\u03bf\u03c5 \u03a3\u03b9\u03b4\u03ae\u03c1\u03bf\u03c5\",\"publisher\":{\"@id\":\"https:\\\/\\\/metallotexnia-tsatsis.gr\\\/fr\\\/#organization\"},\"potentialAction\":[{\"@type\":\"SearchAction\",\"target\":{\"@type\":\"EntryPoint\",\"urlTemplate\":\"https:\\\/\\\/metallotexnia-tsatsis.gr\\\/fr\\\/?s={search_term_string}\"},\"query-input\":{\"@type\":\"PropertyValueSpecification\",\"valueRequired\":true,\"valueName\":\"search_term_string\"}}],\"inLanguage\":\"fr-FR\"},{\"@type\":\"Organization\",\"@id\":\"https:\\\/\\\/metallotexnia-tsatsis.gr\\\/fr\\\/#organization\",\"name\":\"Metallotexnia Tsatsis\",\"url\":\"https:\\\/\\\/metallotexnia-tsatsis.gr\\\/fr\\\/\",\"logo\":{\"@type\":\"ImageObject\",\"inLanguage\":\"fr-FR\",\"@id\":\"https:\\\/\\\/metallotexnia-tsatsis.gr\\\/fr\\\/#\\\/schema\\\/logo\\\/image\\\/\",\"url\":\"https:\\\/\\\/metallotexnia-tsatsis.gr\\\/wp-content\\\/uploads\\\/2025\\\/10\\\/W-Transparent-01.png\",\"contentUrl\":\"https:\\\/\\\/metallotexnia-tsatsis.gr\\\/wp-content\\\/uploads\\\/2025\\\/10\\\/W-Transparent-01.png\",\"width\":1396,\"height\":341,\"caption\":\"Metallotexnia Tsatsis\"},\"image\":{\"@id\":\"https:\\\/\\\/metallotexnia-tsatsis.gr\\\/fr\\\/#\\\/schema\\\/logo\\\/image\\\/\"}}]}<\/script>\n<!-- \/ Yoast SEO plugin. -->","yoast_head_json":{"title":"Ensemble de poign\u00e9es de porte ovales faites \u00e0 la main - Metallotexnia Tsatsis","description":"D\u00e9couvrez notre collection unique de poign\u00e9es de porte faites \u00e0 la main chez Chatsis Metalworking. Chaque pi\u00e8ce est une expression authentique de la forge traditionnelle, alliant force, beaut\u00e9 et histoire. D\u00e9couvrez l'\u00e9l\u00e9gance ultime pour l'entr\u00e9e de votre espace avec nos pi\u00e8ces uniques.","robots":{"index":"index","follow":"follow","max-snippet":"max-snippet:-1","max-image-preview":"max-image-preview:large","max-video-preview":"max-video-preview:-1"},"canonical":"https:\/\/metallotexnia-tsatsis.gr\/fr\/produit\/ensemble-de-poignees-de-porte-ovales-faites-a-la-main\/","og_locale":"fr_FR","og_type":"article","og_title":"Ensemble de poign\u00e9es de porte ovales faites \u00e0 la main - Metallotexnia Tsatsis","og_description":"D\u00e9couvrez notre collection unique de poign\u00e9es de porte faites \u00e0 la main chez Chatsis Metalworking. Chaque pi\u00e8ce est une expression authentique de la forge traditionnelle, alliant force, beaut\u00e9 et histoire. D\u00e9couvrez l'\u00e9l\u00e9gance ultime pour l'entr\u00e9e de votre espace avec nos pi\u00e8ces uniques.","og_url":"https:\/\/metallotexnia-tsatsis.gr\/fr\/produit\/ensemble-de-poignees-de-porte-ovales-faites-a-la-main\/","og_site_name":"Metallotexnia Tsatsis","og_image":[{"width":2560,"height":1707,"url":"https:\/\/metallotexnia-tsatsis.gr\/wp-content\/uploads\/2024\/02\/DSC06999-scaled.jpg","type":"image\/jpeg"}],"twitter_card":"summary_large_image","twitter_misc":{"Dur\u00e9e de lecture estim\u00e9e":"1 minute"},"schema":{"@context":"https:\/\/schema.org","@graph":[{"@type":"WebPage","@id":"https:\/\/metallotexnia-tsatsis.gr\/fr\/produit\/ensemble-de-poignees-de-porte-ovales-faites-a-la-main\/","url":"https:\/\/metallotexnia-tsatsis.gr\/fr\/produit\/ensemble-de-poignees-de-porte-ovales-faites-a-la-main\/","name":"Ensemble de poign\u00e9es de porte ovales faites \u00e0 la main - Metallotexnia Tsatsis","isPartOf":{"@id":"https:\/\/metallotexnia-tsatsis.gr\/fr\/#website"},"primaryImageOfPage":{"@id":"https:\/\/metallotexnia-tsatsis.gr\/fr\/produit\/ensemble-de-poignees-de-porte-ovales-faites-a-la-main\/#primaryimage"},"image":{"@id":"https:\/\/metallotexnia-tsatsis.gr\/fr\/produit\/ensemble-de-poignees-de-porte-ovales-faites-a-la-main\/#primaryimage"},"thumbnailUrl":"https:\/\/metallotexnia-tsatsis.gr\/wp-content\/uploads\/2024\/02\/DSC06999-scaled.jpg","datePublished":"2024-02-06T04:57:20+00:00","description":"D\u00e9couvrez notre collection unique de poign\u00e9es de porte faites \u00e0 la main chez Chatsis Metalworking. Chaque pi\u00e8ce est une expression authentique de la forge traditionnelle, alliant force, beaut\u00e9 et histoire. D\u00e9couvrez l'\u00e9l\u00e9gance ultime pour l'entr\u00e9e de votre espace avec nos pi\u00e8ces uniques.","breadcrumb":{"@id":"https:\/\/metallotexnia-tsatsis.gr\/fr\/produit\/ensemble-de-poignees-de-porte-ovales-faites-a-la-main\/#breadcrumb"},"inLanguage":"fr-FR","potentialAction":[{"@type":"ReadAction","target":["https:\/\/metallotexnia-tsatsis.gr\/fr\/produit\/ensemble-de-poignees-de-porte-ovales-faites-a-la-main\/"]}]},{"@type":"ImageObject","inLanguage":"fr-FR","@id":"https:\/\/metallotexnia-tsatsis.gr\/fr\/produit\/ensemble-de-poignees-de-porte-ovales-faites-a-la-main\/#primaryimage","url":"https:\/\/metallotexnia-tsatsis.gr\/wp-content\/uploads\/2024\/02\/DSC06999-scaled.jpg","contentUrl":"https:\/\/metallotexnia-tsatsis.gr\/wp-content\/uploads\/2024\/02\/DSC06999-scaled.jpg","width":2560,"height":1707},{"@type":"BreadcrumbList","@id":"https:\/\/metallotexnia-tsatsis.gr\/fr\/produit\/ensemble-de-poignees-de-porte-ovales-faites-a-la-main\/#breadcrumb","itemListElement":[{"@type":"ListItem","position":1,"name":"\u0391\u03c1\u03c7\u03b9\u03ba\u03ae","item":"https:\/\/metallotexnia-tsatsis.gr\/fr\/"},{"@type":"ListItem","position":2,"name":"Boutique","item":"https:\/\/metallotexnia-tsatsis.gr\/fr\/boutique\/"},{"@type":"ListItem","position":3,"name":"Ensemble de poign\u00e9es de porte ovales faites \u00e0 la main"}]},{"@type":"WebSite","@id":"https:\/\/metallotexnia-tsatsis.gr\/fr\/#website","url":"https:\/\/metallotexnia-tsatsis.gr\/fr\/","name":"Metallotexnia Tsatsis","description":"\u0395\u03c1\u03b3\u03b1\u03c3\u03c4\u03ae\u03c1\u03b9\u03bf \u03a0\u03b1\u03c1\u03b1\u03b4\u03bf\u03c3\u03b9\u03b1\u03ba\u03ae \u03a4\u03ad\u03c7\u03bd\u03b7\u03c2 &amp; \u03a7\u03b5\u03b9\u03c1\u03bf\u03c0\u03bf\u03af\u03b7\u03c4\u03bf\u03c5 \u03a3\u03b9\u03b4\u03ae\u03c1\u03bf\u03c5","publisher":{"@id":"https:\/\/metallotexnia-tsatsis.gr\/fr\/#organization"},"potentialAction":[{"@type":"SearchAction","target":{"@type":"EntryPoint","urlTemplate":"https:\/\/metallotexnia-tsatsis.gr\/fr\/?s={search_term_string}"},"query-input":{"@type":"PropertyValueSpecification","valueRequired":true,"valueName":"search_term_string"}}],"inLanguage":"fr-FR"},{"@type":"Organization","@id":"https:\/\/metallotexnia-tsatsis.gr\/fr\/#organization","name":"Metallotexnia Tsatsis","url":"https:\/\/metallotexnia-tsatsis.gr\/fr\/","logo":{"@type":"ImageObject","inLanguage":"fr-FR","@id":"https:\/\/metallotexnia-tsatsis.gr\/fr\/#\/schema\/logo\/image\/","url":"https:\/\/metallotexnia-tsatsis.gr\/wp-content\/uploads\/2025\/10\/W-Transparent-01.png","contentUrl":"https:\/\/metallotexnia-tsatsis.gr\/wp-content\/uploads\/2025\/10\/W-Transparent-01.png","width":1396,"height":341,"caption":"Metallotexnia Tsatsis"},"image":{"@id":"https:\/\/metallotexnia-tsatsis.gr\/fr\/#\/schema\/logo\/image\/"}}]}},"_links":{"self":[{"href":"https:\/\/metallotexnia-tsatsis.gr\/fr\/wp-json\/wp\/v2\/product\/27623","targetHints":{"allow":["GET"]}}],"collection":[{"href":"https:\/\/metallotexnia-tsatsis.gr\/fr\/wp-json\/wp\/v2\/product"}],"about":[{"href":"https:\/\/metallotexnia-tsatsis.gr\/fr\/wp-json\/wp\/v2\/types\/product"}],"replies":[{"embeddable":true,"href":"https:\/\/metallotexnia-tsatsis.gr\/fr\/wp-json\/wp\/v2\/comments?post=27623"}],"version-history":[{"count":0,"href":"https:\/\/metallotexnia-tsatsis.gr\/fr\/wp-json\/wp\/v2\/product\/27623\/revisions"}],"wp:featuredmedia":[{"embeddable":true,"href":"https:\/\/metallotexnia-tsatsis.gr\/fr\/wp-json\/wp\/v2\/media\/25931"}],"wp:attachment":[{"href":"https:\/\/metallotexnia-tsatsis.gr\/fr\/wp-json\/wp\/v2\/media?parent=27623"}],"wp:term":[{"taxonomy":"product_brand","embeddable":true,"href":"https:\/\/metallotexnia-tsatsis.gr\/fr\/wp-json\/wp\/v2\/product_brand?post=27623"},{"taxonomy":"product_cat","embeddable":true,"href":"https:\/\/metallotexnia-tsatsis.gr\/fr\/wp-json\/wp\/v2\/product_cat?post=27623"},{"taxonomy":"product_tag","embeddable":true,"href":"https:\/\/metallotexnia-tsatsis.gr\/fr\/wp-json\/wp\/v2\/product_tag?post=27623"}],"curies":[{"name":"wp","href":"https:\/\/api.w.org\/{rel}","templated":true}]}}