{"id":27622,"date":"2024-02-06T04:25:36","date_gmt":"2024-02-06T04:25:36","guid":{"rendered":"https:\/\/metallotexnia-tsatsis.gr\/product\/poignee-de-porte-forgee-gaufree\/"},"modified":"2024-02-06T04:25:36","modified_gmt":"2024-02-06T04:25:36","slug":"poignee-de-porte-forgee-gaufree","status":"publish","type":"product","link":"https:\/\/metallotexnia-tsatsis.gr\/fr\/produit\/poignee-de-porte-forgee-gaufree\/","title":{"rendered":"Poign\u00e9e de porte forg\u00e9e gaufr\u00e9e"},"content":{"rendered":"<p>Poign\u00e9e de porte ext\u00e9rieure fabriqu\u00e9e \u00e0 la main en fer massif, de forme carr\u00e9e avec une texture en relief qui combine de mani\u00e8re unique l&rsquo;art traditionnel et le design moderne. Cette cr\u00e9ation allie la forge classique \u00e0 l&rsquo;esth\u00e9tique moderne, offrant un r\u00e9sultat qui impressionne par sa beaut\u00e9 et sa fonctionnalit\u00e9. <\/p>\n<p>Chez Tsatsis Metalworking, nous investissons dans la tradition, tout en faisant \u00e9voluer nos techniques pour r\u00e9pondre aux exigences modernes. Nos poign\u00e9es ne sont pas seulement fonctionnelles &#8211; ce sont des \u0153uvres d&rsquo;art qui rehaussent toute porte ou tout portail d&rsquo;une touche de luxe sophistiqu\u00e9. <\/p>\n<p>L&rsquo;art du pass\u00e9 se marie harmonieusement avec le design d&rsquo;aujourd&rsquo;hui pour cr\u00e9er quelque chose d&rsquo;unique, refl\u00e9tant \u00e0 la fois la durabilit\u00e9 et l&rsquo;innovation. Chaque pi\u00e8ce devient la pi\u00e8ce ma\u00eetresse qui rehausse votre espace avec style et personnalit\u00e9. <\/p>\n<p>D\u00e9couvrez la version moderne de la tradition et rendez votre entr\u00e9e unique.<\/p>\n","protected":false},"excerpt":{"rendered":"<p>Notre collection de poign\u00e9es de porte faites \u00e0 la main met en valeur l&rsquo;art s\u00e9culaire de la forge. Chaque pi\u00e8ce est le r\u00e9sultat d&rsquo;un travail artisanal et traditionnel, avec la signature de Tsatsis Metalworking. Nous cr\u00e9ons des poign\u00e9es de portes et de portails qui se distinguent non seulement par leur fonctionnalit\u00e9, mais aussi par leur esth\u00e9tique, car chaque produit est une \u0153uvre d&rsquo;art.  <\/p>\n","protected":false},"featured_media":25540,"comment_status":"open","ping_status":"closed","template":"","meta":[],"product_brand":[],"product_cat":[94],"product_tag":[],"class_list":{"0":"post-27622","1":"product","2":"type-product","3":"status-publish","4":"has-post-thumbnail","6":"product_cat-poignees-de-porte","8":"first","9":"instock","10":"sold-individually","11":"taxable","12":"shipping-taxable","13":"purchasable","14":"product-type-variable"},"yoast_head":"<!-- This site is optimized with the Yoast SEO plugin v27.4 - https:\/\/yoast.com\/product\/yoast-seo-wordpress\/ -->\n<title>Poign\u00e9e de porte forg\u00e9e gaufr\u00e9e - Metallotexnia Tsatsis<\/title>\n<meta name=\"description\" content=\"D\u00e9couvrez nos poign\u00e9es de porte en fer forg\u00e9 massif, fabriqu\u00e9es \u00e0 la main, qui allient artisanat traditionnel et design contemporain. Le choix id\u00e9al pour une esth\u00e9tique moderne et sophistiqu\u00e9e\" \/>\n<meta name=\"robots\" content=\"index, follow, max-snippet:-1, max-image-preview:large, max-video-preview:-1\" \/>\n<link rel=\"canonical\" href=\"https:\/\/metallotexnia-tsatsis.gr\/fr\/produit\/poignee-de-porte-forgee-gaufree\/\" \/>\n<meta property=\"og:locale\" content=\"fr_FR\" \/>\n<meta property=\"og:type\" content=\"article\" \/>\n<meta property=\"og:title\" content=\"Poign\u00e9e de porte forg\u00e9e gaufr\u00e9e - Metallotexnia Tsatsis\" \/>\n<meta property=\"og:description\" content=\"D\u00e9couvrez nos poign\u00e9es de porte en fer forg\u00e9 massif, fabriqu\u00e9es \u00e0 la main, qui allient artisanat traditionnel et design contemporain. Le choix id\u00e9al pour une esth\u00e9tique moderne et sophistiqu\u00e9e\" \/>\n<meta property=\"og:url\" content=\"https:\/\/metallotexnia-tsatsis.gr\/fr\/produit\/poignee-de-porte-forgee-gaufree\/\" \/>\n<meta property=\"og:site_name\" content=\"Metallotexnia Tsatsis\" \/>\n<meta property=\"og:image\" content=\"https:\/\/metallotexnia-tsatsis.gr\/wp-content\/uploads\/2024\/02\/Xerouli-Katheto-Anaglifo-2.jpg\" \/>\n\t<meta property=\"og:image:width\" content=\"1024\" \/>\n\t<meta property=\"og:image:height\" content=\"1024\" \/>\n\t<meta property=\"og:image:type\" content=\"image\/jpeg\" \/>\n<meta name=\"twitter:card\" content=\"summary_large_image\" \/>\n<meta name=\"twitter:label1\" content=\"Dur\u00e9e de lecture estim\u00e9e\" \/>\n\t<meta name=\"twitter:data1\" content=\"1 minute\" \/>\n<script type=\"application\/ld+json\" class=\"yoast-schema-graph\">{\"@context\":\"https:\\\/\\\/schema.org\",\"@graph\":[{\"@type\":\"WebPage\",\"@id\":\"https:\\\/\\\/metallotexnia-tsatsis.gr\\\/fr\\\/produit\\\/poignee-de-porte-forgee-gaufree\\\/\",\"url\":\"https:\\\/\\\/metallotexnia-tsatsis.gr\\\/fr\\\/produit\\\/poignee-de-porte-forgee-gaufree\\\/\",\"name\":\"Poign\u00e9e de porte forg\u00e9e gaufr\u00e9e - Metallotexnia Tsatsis\",\"isPartOf\":{\"@id\":\"https:\\\/\\\/metallotexnia-tsatsis.gr\\\/fr\\\/#website\"},\"primaryImageOfPage\":{\"@id\":\"https:\\\/\\\/metallotexnia-tsatsis.gr\\\/fr\\\/produit\\\/poignee-de-porte-forgee-gaufree\\\/#primaryimage\"},\"image\":{\"@id\":\"https:\\\/\\\/metallotexnia-tsatsis.gr\\\/fr\\\/produit\\\/poignee-de-porte-forgee-gaufree\\\/#primaryimage\"},\"thumbnailUrl\":\"https:\\\/\\\/metallotexnia-tsatsis.gr\\\/wp-content\\\/uploads\\\/2024\\\/02\\\/Xerouli-Katheto-Anaglifo-2.jpg\",\"datePublished\":\"2024-02-06T04:25:36+00:00\",\"description\":\"D\u00e9couvrez nos poign\u00e9es de porte en fer forg\u00e9 massif, fabriqu\u00e9es \u00e0 la main, qui allient artisanat traditionnel et design contemporain. Le choix id\u00e9al pour une esth\u00e9tique moderne et sophistiqu\u00e9e\",\"breadcrumb\":{\"@id\":\"https:\\\/\\\/metallotexnia-tsatsis.gr\\\/fr\\\/produit\\\/poignee-de-porte-forgee-gaufree\\\/#breadcrumb\"},\"inLanguage\":\"fr-FR\",\"potentialAction\":[{\"@type\":\"ReadAction\",\"target\":[\"https:\\\/\\\/metallotexnia-tsatsis.gr\\\/fr\\\/produit\\\/poignee-de-porte-forgee-gaufree\\\/\"]}]},{\"@type\":\"ImageObject\",\"inLanguage\":\"fr-FR\",\"@id\":\"https:\\\/\\\/metallotexnia-tsatsis.gr\\\/fr\\\/produit\\\/poignee-de-porte-forgee-gaufree\\\/#primaryimage\",\"url\":\"https:\\\/\\\/metallotexnia-tsatsis.gr\\\/wp-content\\\/uploads\\\/2024\\\/02\\\/Xerouli-Katheto-Anaglifo-2.jpg\",\"contentUrl\":\"https:\\\/\\\/metallotexnia-tsatsis.gr\\\/wp-content\\\/uploads\\\/2024\\\/02\\\/Xerouli-Katheto-Anaglifo-2.jpg\",\"width\":1024,\"height\":1024},{\"@type\":\"BreadcrumbList\",\"@id\":\"https:\\\/\\\/metallotexnia-tsatsis.gr\\\/fr\\\/produit\\\/poignee-de-porte-forgee-gaufree\\\/#breadcrumb\",\"itemListElement\":[{\"@type\":\"ListItem\",\"position\":1,\"name\":\"\u0391\u03c1\u03c7\u03b9\u03ba\u03ae\",\"item\":\"https:\\\/\\\/metallotexnia-tsatsis.gr\\\/fr\\\/\"},{\"@type\":\"ListItem\",\"position\":2,\"name\":\"Boutique\",\"item\":\"https:\\\/\\\/metallotexnia-tsatsis.gr\\\/fr\\\/boutique\\\/\"},{\"@type\":\"ListItem\",\"position\":3,\"name\":\"Poign\u00e9e de porte forg\u00e9e gaufr\u00e9e\"}]},{\"@type\":\"WebSite\",\"@id\":\"https:\\\/\\\/metallotexnia-tsatsis.gr\\\/fr\\\/#website\",\"url\":\"https:\\\/\\\/metallotexnia-tsatsis.gr\\\/fr\\\/\",\"name\":\"Metallotexnia Tsatsis\",\"description\":\"\u0395\u03c1\u03b3\u03b1\u03c3\u03c4\u03ae\u03c1\u03b9\u03bf \u03a0\u03b1\u03c1\u03b1\u03b4\u03bf\u03c3\u03b9\u03b1\u03ba\u03ae \u03a4\u03ad\u03c7\u03bd\u03b7\u03c2 &amp; \u03a7\u03b5\u03b9\u03c1\u03bf\u03c0\u03bf\u03af\u03b7\u03c4\u03bf\u03c5 \u03a3\u03b9\u03b4\u03ae\u03c1\u03bf\u03c5\",\"publisher\":{\"@id\":\"https:\\\/\\\/metallotexnia-tsatsis.gr\\\/fr\\\/#organization\"},\"potentialAction\":[{\"@type\":\"SearchAction\",\"target\":{\"@type\":\"EntryPoint\",\"urlTemplate\":\"https:\\\/\\\/metallotexnia-tsatsis.gr\\\/fr\\\/?s={search_term_string}\"},\"query-input\":{\"@type\":\"PropertyValueSpecification\",\"valueRequired\":true,\"valueName\":\"search_term_string\"}}],\"inLanguage\":\"fr-FR\"},{\"@type\":\"Organization\",\"@id\":\"https:\\\/\\\/metallotexnia-tsatsis.gr\\\/fr\\\/#organization\",\"name\":\"Metallotexnia Tsatsis\",\"url\":\"https:\\\/\\\/metallotexnia-tsatsis.gr\\\/fr\\\/\",\"logo\":{\"@type\":\"ImageObject\",\"inLanguage\":\"fr-FR\",\"@id\":\"https:\\\/\\\/metallotexnia-tsatsis.gr\\\/fr\\\/#\\\/schema\\\/logo\\\/image\\\/\",\"url\":\"https:\\\/\\\/metallotexnia-tsatsis.gr\\\/wp-content\\\/uploads\\\/2025\\\/10\\\/W-Transparent-01.png\",\"contentUrl\":\"https:\\\/\\\/metallotexnia-tsatsis.gr\\\/wp-content\\\/uploads\\\/2025\\\/10\\\/W-Transparent-01.png\",\"width\":1396,\"height\":341,\"caption\":\"Metallotexnia Tsatsis\"},\"image\":{\"@id\":\"https:\\\/\\\/metallotexnia-tsatsis.gr\\\/fr\\\/#\\\/schema\\\/logo\\\/image\\\/\"}}]}<\/script>\n<!-- \/ Yoast SEO plugin. -->","yoast_head_json":{"title":"Poign\u00e9e de porte forg\u00e9e gaufr\u00e9e - Metallotexnia Tsatsis","description":"D\u00e9couvrez nos poign\u00e9es de porte en fer forg\u00e9 massif, fabriqu\u00e9es \u00e0 la main, qui allient artisanat traditionnel et design contemporain. Le choix id\u00e9al pour une esth\u00e9tique moderne et sophistiqu\u00e9e","robots":{"index":"index","follow":"follow","max-snippet":"max-snippet:-1","max-image-preview":"max-image-preview:large","max-video-preview":"max-video-preview:-1"},"canonical":"https:\/\/metallotexnia-tsatsis.gr\/fr\/produit\/poignee-de-porte-forgee-gaufree\/","og_locale":"fr_FR","og_type":"article","og_title":"Poign\u00e9e de porte forg\u00e9e gaufr\u00e9e - Metallotexnia Tsatsis","og_description":"D\u00e9couvrez nos poign\u00e9es de porte en fer forg\u00e9 massif, fabriqu\u00e9es \u00e0 la main, qui allient artisanat traditionnel et design contemporain. Le choix id\u00e9al pour une esth\u00e9tique moderne et sophistiqu\u00e9e","og_url":"https:\/\/metallotexnia-tsatsis.gr\/fr\/produit\/poignee-de-porte-forgee-gaufree\/","og_site_name":"Metallotexnia Tsatsis","og_image":[{"width":1024,"height":1024,"url":"https:\/\/metallotexnia-tsatsis.gr\/wp-content\/uploads\/2024\/02\/Xerouli-Katheto-Anaglifo-2.jpg","type":"image\/jpeg"}],"twitter_card":"summary_large_image","twitter_misc":{"Dur\u00e9e de lecture estim\u00e9e":"1 minute"},"schema":{"@context":"https:\/\/schema.org","@graph":[{"@type":"WebPage","@id":"https:\/\/metallotexnia-tsatsis.gr\/fr\/produit\/poignee-de-porte-forgee-gaufree\/","url":"https:\/\/metallotexnia-tsatsis.gr\/fr\/produit\/poignee-de-porte-forgee-gaufree\/","name":"Poign\u00e9e de porte forg\u00e9e gaufr\u00e9e - Metallotexnia Tsatsis","isPartOf":{"@id":"https:\/\/metallotexnia-tsatsis.gr\/fr\/#website"},"primaryImageOfPage":{"@id":"https:\/\/metallotexnia-tsatsis.gr\/fr\/produit\/poignee-de-porte-forgee-gaufree\/#primaryimage"},"image":{"@id":"https:\/\/metallotexnia-tsatsis.gr\/fr\/produit\/poignee-de-porte-forgee-gaufree\/#primaryimage"},"thumbnailUrl":"https:\/\/metallotexnia-tsatsis.gr\/wp-content\/uploads\/2024\/02\/Xerouli-Katheto-Anaglifo-2.jpg","datePublished":"2024-02-06T04:25:36+00:00","description":"D\u00e9couvrez nos poign\u00e9es de porte en fer forg\u00e9 massif, fabriqu\u00e9es \u00e0 la main, qui allient artisanat traditionnel et design contemporain. Le choix id\u00e9al pour une esth\u00e9tique moderne et sophistiqu\u00e9e","breadcrumb":{"@id":"https:\/\/metallotexnia-tsatsis.gr\/fr\/produit\/poignee-de-porte-forgee-gaufree\/#breadcrumb"},"inLanguage":"fr-FR","potentialAction":[{"@type":"ReadAction","target":["https:\/\/metallotexnia-tsatsis.gr\/fr\/produit\/poignee-de-porte-forgee-gaufree\/"]}]},{"@type":"ImageObject","inLanguage":"fr-FR","@id":"https:\/\/metallotexnia-tsatsis.gr\/fr\/produit\/poignee-de-porte-forgee-gaufree\/#primaryimage","url":"https:\/\/metallotexnia-tsatsis.gr\/wp-content\/uploads\/2024\/02\/Xerouli-Katheto-Anaglifo-2.jpg","contentUrl":"https:\/\/metallotexnia-tsatsis.gr\/wp-content\/uploads\/2024\/02\/Xerouli-Katheto-Anaglifo-2.jpg","width":1024,"height":1024},{"@type":"BreadcrumbList","@id":"https:\/\/metallotexnia-tsatsis.gr\/fr\/produit\/poignee-de-porte-forgee-gaufree\/#breadcrumb","itemListElement":[{"@type":"ListItem","position":1,"name":"\u0391\u03c1\u03c7\u03b9\u03ba\u03ae","item":"https:\/\/metallotexnia-tsatsis.gr\/fr\/"},{"@type":"ListItem","position":2,"name":"Boutique","item":"https:\/\/metallotexnia-tsatsis.gr\/fr\/boutique\/"},{"@type":"ListItem","position":3,"name":"Poign\u00e9e de porte forg\u00e9e gaufr\u00e9e"}]},{"@type":"WebSite","@id":"https:\/\/metallotexnia-tsatsis.gr\/fr\/#website","url":"https:\/\/metallotexnia-tsatsis.gr\/fr\/","name":"Metallotexnia Tsatsis","description":"\u0395\u03c1\u03b3\u03b1\u03c3\u03c4\u03ae\u03c1\u03b9\u03bf \u03a0\u03b1\u03c1\u03b1\u03b4\u03bf\u03c3\u03b9\u03b1\u03ba\u03ae \u03a4\u03ad\u03c7\u03bd\u03b7\u03c2 &amp; \u03a7\u03b5\u03b9\u03c1\u03bf\u03c0\u03bf\u03af\u03b7\u03c4\u03bf\u03c5 \u03a3\u03b9\u03b4\u03ae\u03c1\u03bf\u03c5","publisher":{"@id":"https:\/\/metallotexnia-tsatsis.gr\/fr\/#organization"},"potentialAction":[{"@type":"SearchAction","target":{"@type":"EntryPoint","urlTemplate":"https:\/\/metallotexnia-tsatsis.gr\/fr\/?s={search_term_string}"},"query-input":{"@type":"PropertyValueSpecification","valueRequired":true,"valueName":"search_term_string"}}],"inLanguage":"fr-FR"},{"@type":"Organization","@id":"https:\/\/metallotexnia-tsatsis.gr\/fr\/#organization","name":"Metallotexnia Tsatsis","url":"https:\/\/metallotexnia-tsatsis.gr\/fr\/","logo":{"@type":"ImageObject","inLanguage":"fr-FR","@id":"https:\/\/metallotexnia-tsatsis.gr\/fr\/#\/schema\/logo\/image\/","url":"https:\/\/metallotexnia-tsatsis.gr\/wp-content\/uploads\/2025\/10\/W-Transparent-01.png","contentUrl":"https:\/\/metallotexnia-tsatsis.gr\/wp-content\/uploads\/2025\/10\/W-Transparent-01.png","width":1396,"height":341,"caption":"Metallotexnia Tsatsis"},"image":{"@id":"https:\/\/metallotexnia-tsatsis.gr\/fr\/#\/schema\/logo\/image\/"}}]}},"_links":{"self":[{"href":"https:\/\/metallotexnia-tsatsis.gr\/fr\/wp-json\/wp\/v2\/product\/27622","targetHints":{"allow":["GET"]}}],"collection":[{"href":"https:\/\/metallotexnia-tsatsis.gr\/fr\/wp-json\/wp\/v2\/product"}],"about":[{"href":"https:\/\/metallotexnia-tsatsis.gr\/fr\/wp-json\/wp\/v2\/types\/product"}],"replies":[{"embeddable":true,"href":"https:\/\/metallotexnia-tsatsis.gr\/fr\/wp-json\/wp\/v2\/comments?post=27622"}],"version-history":[{"count":0,"href":"https:\/\/metallotexnia-tsatsis.gr\/fr\/wp-json\/wp\/v2\/product\/27622\/revisions"}],"wp:featuredmedia":[{"embeddable":true,"href":"https:\/\/metallotexnia-tsatsis.gr\/fr\/wp-json\/wp\/v2\/media\/25540"}],"wp:attachment":[{"href":"https:\/\/metallotexnia-tsatsis.gr\/fr\/wp-json\/wp\/v2\/media?parent=27622"}],"wp:term":[{"taxonomy":"product_brand","embeddable":true,"href":"https:\/\/metallotexnia-tsatsis.gr\/fr\/wp-json\/wp\/v2\/product_brand?post=27622"},{"taxonomy":"product_cat","embeddable":true,"href":"https:\/\/metallotexnia-tsatsis.gr\/fr\/wp-json\/wp\/v2\/product_cat?post=27622"},{"taxonomy":"product_tag","embeddable":true,"href":"https:\/\/metallotexnia-tsatsis.gr\/fr\/wp-json\/wp\/v2\/product_tag?post=27622"}],"curies":[{"name":"wp","href":"https:\/\/api.w.org\/{rel}","templated":true}]}}