{"id":27610,"date":"2024-01-26T11:15:20","date_gmt":"2024-01-26T11:15:20","guid":{"rendered":"https:\/\/metallotexnia-tsatsis.gr\/product\/poignee-de-porte-forgee-bouton-de-porte-knock\/"},"modified":"2024-01-26T11:15:20","modified_gmt":"2024-01-26T11:15:20","slug":"poignee-de-porte-forgee-bouton-de-porte-knock","status":"publish","type":"product","link":"https:\/\/metallotexnia-tsatsis.gr\/fr\/produit\/poignee-de-porte-forgee-bouton-de-porte-knock\/","title":{"rendered":"Poign\u00e9e de porte forg\u00e9e Bouton de porte Knock"},"content":{"rendered":"<p>La poign\u00e9e carr\u00e9e faite \u00e0 la main allie l&rsquo;art traditionnel de la forge \u00e0 une esth\u00e9tique moderne et simple. Enti\u00e8rement r\u00e9alis\u00e9e en fer massif, elle offre \u00e0 la fois fonctionnalit\u00e9 et beaut\u00e9 intemporelle. Son design estamp\u00e9 et ses d\u00e9tails minutieux la rendent unique, mettant en valeur l&rsquo;art authentique de la forge.  <\/p>\n<p>Il est id\u00e9al pour les portes ext\u00e9rieures et les portails, offrant robustesse et \u00e9l\u00e9gance \u00e0 toute entr\u00e9e. Sa fabrication \u00e0 la main garantit que chaque pi\u00e8ce pr\u00e9sente des diff\u00e9rences uniques, ce qui en fait une authentique \u0153uvre d&rsquo;art. <\/p>\n","protected":false},"excerpt":{"rendered":"<p>Notre collection de poign\u00e9es de porte faites \u00e0 la main met en valeur l&rsquo;art s\u00e9culaire de la forge. Chaque pi\u00e8ce est le r\u00e9sultat d&rsquo;un travail artisanal et traditionnel, avec la signature de Tsatsis Metalworking. Nous cr\u00e9ons des poign\u00e9es de portes et de portails qui se distinguent non seulement par leur fonctionnalit\u00e9, mais aussi par leur esth\u00e9tique, car chaque produit est une \u0153uvre d&rsquo;art.  <\/p>\n","protected":false},"featured_media":25556,"comment_status":"open","ping_status":"closed","template":"","meta":[],"product_brand":[],"product_cat":[94],"product_tag":[],"class_list":{"0":"post-27610","1":"product","2":"type-product","3":"status-publish","4":"has-post-thumbnail","6":"product_cat-poignees-de-porte","8":"first","9":"instock","10":"sold-individually","11":"taxable","12":"shipping-taxable","13":"purchasable","14":"product-type-variable"},"yoast_head":"<!-- This site is optimized with the Yoast SEO plugin v27.4 - https:\/\/yoast.com\/product\/yoast-seo-wordpress\/ -->\n<title>Poign\u00e9e de porte forg\u00e9e Bouton de porte Knock - Metallotexnia Tsatsis<\/title>\n<meta name=\"description\" content=\"D\u00e9couvrez la collection unique de poign\u00e9es de porte fabriqu\u00e9es \u00e0 la main par Chatsis Metalworking. Chaque pi\u00e8ce est une expression authentique de la forge traditionnelle, alliant force, beaut\u00e9 et histoire.\" \/>\n<meta name=\"robots\" content=\"index, follow, max-snippet:-1, max-image-preview:large, max-video-preview:-1\" \/>\n<link rel=\"canonical\" href=\"https:\/\/metallotexnia-tsatsis.gr\/fr\/produit\/poignee-de-porte-forgee-bouton-de-porte-knock\/\" \/>\n<meta property=\"og:locale\" content=\"fr_FR\" \/>\n<meta property=\"og:type\" content=\"article\" \/>\n<meta property=\"og:title\" content=\"Poign\u00e9e de porte forg\u00e9e Bouton de porte Knock - Metallotexnia Tsatsis\" \/>\n<meta property=\"og:description\" content=\"D\u00e9couvrez la collection unique de poign\u00e9es de porte fabriqu\u00e9es \u00e0 la main par Chatsis Metalworking. Chaque pi\u00e8ce est une expression authentique de la forge traditionnelle, alliant force, beaut\u00e9 et histoire.\" \/>\n<meta property=\"og:url\" content=\"https:\/\/metallotexnia-tsatsis.gr\/fr\/produit\/poignee-de-porte-forgee-bouton-de-porte-knock\/\" \/>\n<meta property=\"og:site_name\" content=\"Metallotexnia Tsatsis\" \/>\n<meta property=\"og:image\" content=\"https:\/\/metallotexnia-tsatsis.gr\/wp-content\/uploads\/2024\/01\/Xerouli-Tetragwno.jpg\" \/>\n\t<meta property=\"og:image:width\" content=\"1024\" \/>\n\t<meta property=\"og:image:height\" content=\"1024\" \/>\n\t<meta property=\"og:image:type\" content=\"image\/jpeg\" \/>\n<meta name=\"twitter:card\" content=\"summary_large_image\" \/>\n<script type=\"application\/ld+json\" class=\"yoast-schema-graph\">{\"@context\":\"https:\\\/\\\/schema.org\",\"@graph\":[{\"@type\":\"WebPage\",\"@id\":\"https:\\\/\\\/metallotexnia-tsatsis.gr\\\/fr\\\/produit\\\/poignee-de-porte-forgee-bouton-de-porte-knock\\\/\",\"url\":\"https:\\\/\\\/metallotexnia-tsatsis.gr\\\/fr\\\/produit\\\/poignee-de-porte-forgee-bouton-de-porte-knock\\\/\",\"name\":\"Poign\u00e9e de porte forg\u00e9e Bouton de porte Knock - Metallotexnia Tsatsis\",\"isPartOf\":{\"@id\":\"https:\\\/\\\/metallotexnia-tsatsis.gr\\\/fr\\\/#website\"},\"primaryImageOfPage\":{\"@id\":\"https:\\\/\\\/metallotexnia-tsatsis.gr\\\/fr\\\/produit\\\/poignee-de-porte-forgee-bouton-de-porte-knock\\\/#primaryimage\"},\"image\":{\"@id\":\"https:\\\/\\\/metallotexnia-tsatsis.gr\\\/fr\\\/produit\\\/poignee-de-porte-forgee-bouton-de-porte-knock\\\/#primaryimage\"},\"thumbnailUrl\":\"https:\\\/\\\/metallotexnia-tsatsis.gr\\\/wp-content\\\/uploads\\\/2024\\\/01\\\/Xerouli-Tetragwno.jpg\",\"datePublished\":\"2024-01-26T11:15:20+00:00\",\"description\":\"D\u00e9couvrez la collection unique de poign\u00e9es de porte fabriqu\u00e9es \u00e0 la main par Chatsis Metalworking. Chaque pi\u00e8ce est une expression authentique de la forge traditionnelle, alliant force, beaut\u00e9 et histoire.\",\"breadcrumb\":{\"@id\":\"https:\\\/\\\/metallotexnia-tsatsis.gr\\\/fr\\\/produit\\\/poignee-de-porte-forgee-bouton-de-porte-knock\\\/#breadcrumb\"},\"inLanguage\":\"fr-FR\",\"potentialAction\":[{\"@type\":\"ReadAction\",\"target\":[\"https:\\\/\\\/metallotexnia-tsatsis.gr\\\/fr\\\/produit\\\/poignee-de-porte-forgee-bouton-de-porte-knock\\\/\"]}]},{\"@type\":\"ImageObject\",\"inLanguage\":\"fr-FR\",\"@id\":\"https:\\\/\\\/metallotexnia-tsatsis.gr\\\/fr\\\/produit\\\/poignee-de-porte-forgee-bouton-de-porte-knock\\\/#primaryimage\",\"url\":\"https:\\\/\\\/metallotexnia-tsatsis.gr\\\/wp-content\\\/uploads\\\/2024\\\/01\\\/Xerouli-Tetragwno.jpg\",\"contentUrl\":\"https:\\\/\\\/metallotexnia-tsatsis.gr\\\/wp-content\\\/uploads\\\/2024\\\/01\\\/Xerouli-Tetragwno.jpg\",\"width\":1024,\"height\":1024},{\"@type\":\"BreadcrumbList\",\"@id\":\"https:\\\/\\\/metallotexnia-tsatsis.gr\\\/fr\\\/produit\\\/poignee-de-porte-forgee-bouton-de-porte-knock\\\/#breadcrumb\",\"itemListElement\":[{\"@type\":\"ListItem\",\"position\":1,\"name\":\"\u0391\u03c1\u03c7\u03b9\u03ba\u03ae\",\"item\":\"https:\\\/\\\/metallotexnia-tsatsis.gr\\\/fr\\\/\"},{\"@type\":\"ListItem\",\"position\":2,\"name\":\"Boutique\",\"item\":\"https:\\\/\\\/metallotexnia-tsatsis.gr\\\/fr\\\/boutique\\\/\"},{\"@type\":\"ListItem\",\"position\":3,\"name\":\"Poign\u00e9e de porte forg\u00e9e Bouton de porte Knock\"}]},{\"@type\":\"WebSite\",\"@id\":\"https:\\\/\\\/metallotexnia-tsatsis.gr\\\/fr\\\/#website\",\"url\":\"https:\\\/\\\/metallotexnia-tsatsis.gr\\\/fr\\\/\",\"name\":\"Metallotexnia Tsatsis\",\"description\":\"\u0395\u03c1\u03b3\u03b1\u03c3\u03c4\u03ae\u03c1\u03b9\u03bf \u03a0\u03b1\u03c1\u03b1\u03b4\u03bf\u03c3\u03b9\u03b1\u03ba\u03ae \u03a4\u03ad\u03c7\u03bd\u03b7\u03c2 &amp; \u03a7\u03b5\u03b9\u03c1\u03bf\u03c0\u03bf\u03af\u03b7\u03c4\u03bf\u03c5 \u03a3\u03b9\u03b4\u03ae\u03c1\u03bf\u03c5\",\"publisher\":{\"@id\":\"https:\\\/\\\/metallotexnia-tsatsis.gr\\\/fr\\\/#organization\"},\"potentialAction\":[{\"@type\":\"SearchAction\",\"target\":{\"@type\":\"EntryPoint\",\"urlTemplate\":\"https:\\\/\\\/metallotexnia-tsatsis.gr\\\/fr\\\/?s={search_term_string}\"},\"query-input\":{\"@type\":\"PropertyValueSpecification\",\"valueRequired\":true,\"valueName\":\"search_term_string\"}}],\"inLanguage\":\"fr-FR\"},{\"@type\":\"Organization\",\"@id\":\"https:\\\/\\\/metallotexnia-tsatsis.gr\\\/fr\\\/#organization\",\"name\":\"Metallotexnia Tsatsis\",\"url\":\"https:\\\/\\\/metallotexnia-tsatsis.gr\\\/fr\\\/\",\"logo\":{\"@type\":\"ImageObject\",\"inLanguage\":\"fr-FR\",\"@id\":\"https:\\\/\\\/metallotexnia-tsatsis.gr\\\/fr\\\/#\\\/schema\\\/logo\\\/image\\\/\",\"url\":\"https:\\\/\\\/metallotexnia-tsatsis.gr\\\/wp-content\\\/uploads\\\/2025\\\/10\\\/W-Transparent-01.png\",\"contentUrl\":\"https:\\\/\\\/metallotexnia-tsatsis.gr\\\/wp-content\\\/uploads\\\/2025\\\/10\\\/W-Transparent-01.png\",\"width\":1396,\"height\":341,\"caption\":\"Metallotexnia Tsatsis\"},\"image\":{\"@id\":\"https:\\\/\\\/metallotexnia-tsatsis.gr\\\/fr\\\/#\\\/schema\\\/logo\\\/image\\\/\"}}]}<\/script>\n<!-- \/ Yoast SEO plugin. -->","yoast_head_json":{"title":"Poign\u00e9e de porte forg\u00e9e Bouton de porte Knock - Metallotexnia Tsatsis","description":"D\u00e9couvrez la collection unique de poign\u00e9es de porte fabriqu\u00e9es \u00e0 la main par Chatsis Metalworking. Chaque pi\u00e8ce est une expression authentique de la forge traditionnelle, alliant force, beaut\u00e9 et histoire.","robots":{"index":"index","follow":"follow","max-snippet":"max-snippet:-1","max-image-preview":"max-image-preview:large","max-video-preview":"max-video-preview:-1"},"canonical":"https:\/\/metallotexnia-tsatsis.gr\/fr\/produit\/poignee-de-porte-forgee-bouton-de-porte-knock\/","og_locale":"fr_FR","og_type":"article","og_title":"Poign\u00e9e de porte forg\u00e9e Bouton de porte Knock - Metallotexnia Tsatsis","og_description":"D\u00e9couvrez la collection unique de poign\u00e9es de porte fabriqu\u00e9es \u00e0 la main par Chatsis Metalworking. Chaque pi\u00e8ce est une expression authentique de la forge traditionnelle, alliant force, beaut\u00e9 et histoire.","og_url":"https:\/\/metallotexnia-tsatsis.gr\/fr\/produit\/poignee-de-porte-forgee-bouton-de-porte-knock\/","og_site_name":"Metallotexnia Tsatsis","og_image":[{"width":1024,"height":1024,"url":"https:\/\/metallotexnia-tsatsis.gr\/wp-content\/uploads\/2024\/01\/Xerouli-Tetragwno.jpg","type":"image\/jpeg"}],"twitter_card":"summary_large_image","schema":{"@context":"https:\/\/schema.org","@graph":[{"@type":"WebPage","@id":"https:\/\/metallotexnia-tsatsis.gr\/fr\/produit\/poignee-de-porte-forgee-bouton-de-porte-knock\/","url":"https:\/\/metallotexnia-tsatsis.gr\/fr\/produit\/poignee-de-porte-forgee-bouton-de-porte-knock\/","name":"Poign\u00e9e de porte forg\u00e9e Bouton de porte Knock - Metallotexnia Tsatsis","isPartOf":{"@id":"https:\/\/metallotexnia-tsatsis.gr\/fr\/#website"},"primaryImageOfPage":{"@id":"https:\/\/metallotexnia-tsatsis.gr\/fr\/produit\/poignee-de-porte-forgee-bouton-de-porte-knock\/#primaryimage"},"image":{"@id":"https:\/\/metallotexnia-tsatsis.gr\/fr\/produit\/poignee-de-porte-forgee-bouton-de-porte-knock\/#primaryimage"},"thumbnailUrl":"https:\/\/metallotexnia-tsatsis.gr\/wp-content\/uploads\/2024\/01\/Xerouli-Tetragwno.jpg","datePublished":"2024-01-26T11:15:20+00:00","description":"D\u00e9couvrez la collection unique de poign\u00e9es de porte fabriqu\u00e9es \u00e0 la main par Chatsis Metalworking. Chaque pi\u00e8ce est une expression authentique de la forge traditionnelle, alliant force, beaut\u00e9 et histoire.","breadcrumb":{"@id":"https:\/\/metallotexnia-tsatsis.gr\/fr\/produit\/poignee-de-porte-forgee-bouton-de-porte-knock\/#breadcrumb"},"inLanguage":"fr-FR","potentialAction":[{"@type":"ReadAction","target":["https:\/\/metallotexnia-tsatsis.gr\/fr\/produit\/poignee-de-porte-forgee-bouton-de-porte-knock\/"]}]},{"@type":"ImageObject","inLanguage":"fr-FR","@id":"https:\/\/metallotexnia-tsatsis.gr\/fr\/produit\/poignee-de-porte-forgee-bouton-de-porte-knock\/#primaryimage","url":"https:\/\/metallotexnia-tsatsis.gr\/wp-content\/uploads\/2024\/01\/Xerouli-Tetragwno.jpg","contentUrl":"https:\/\/metallotexnia-tsatsis.gr\/wp-content\/uploads\/2024\/01\/Xerouli-Tetragwno.jpg","width":1024,"height":1024},{"@type":"BreadcrumbList","@id":"https:\/\/metallotexnia-tsatsis.gr\/fr\/produit\/poignee-de-porte-forgee-bouton-de-porte-knock\/#breadcrumb","itemListElement":[{"@type":"ListItem","position":1,"name":"\u0391\u03c1\u03c7\u03b9\u03ba\u03ae","item":"https:\/\/metallotexnia-tsatsis.gr\/fr\/"},{"@type":"ListItem","position":2,"name":"Boutique","item":"https:\/\/metallotexnia-tsatsis.gr\/fr\/boutique\/"},{"@type":"ListItem","position":3,"name":"Poign\u00e9e de porte forg\u00e9e Bouton de porte Knock"}]},{"@type":"WebSite","@id":"https:\/\/metallotexnia-tsatsis.gr\/fr\/#website","url":"https:\/\/metallotexnia-tsatsis.gr\/fr\/","name":"Metallotexnia Tsatsis","description":"\u0395\u03c1\u03b3\u03b1\u03c3\u03c4\u03ae\u03c1\u03b9\u03bf \u03a0\u03b1\u03c1\u03b1\u03b4\u03bf\u03c3\u03b9\u03b1\u03ba\u03ae \u03a4\u03ad\u03c7\u03bd\u03b7\u03c2 &amp; \u03a7\u03b5\u03b9\u03c1\u03bf\u03c0\u03bf\u03af\u03b7\u03c4\u03bf\u03c5 \u03a3\u03b9\u03b4\u03ae\u03c1\u03bf\u03c5","publisher":{"@id":"https:\/\/metallotexnia-tsatsis.gr\/fr\/#organization"},"potentialAction":[{"@type":"SearchAction","target":{"@type":"EntryPoint","urlTemplate":"https:\/\/metallotexnia-tsatsis.gr\/fr\/?s={search_term_string}"},"query-input":{"@type":"PropertyValueSpecification","valueRequired":true,"valueName":"search_term_string"}}],"inLanguage":"fr-FR"},{"@type":"Organization","@id":"https:\/\/metallotexnia-tsatsis.gr\/fr\/#organization","name":"Metallotexnia Tsatsis","url":"https:\/\/metallotexnia-tsatsis.gr\/fr\/","logo":{"@type":"ImageObject","inLanguage":"fr-FR","@id":"https:\/\/metallotexnia-tsatsis.gr\/fr\/#\/schema\/logo\/image\/","url":"https:\/\/metallotexnia-tsatsis.gr\/wp-content\/uploads\/2025\/10\/W-Transparent-01.png","contentUrl":"https:\/\/metallotexnia-tsatsis.gr\/wp-content\/uploads\/2025\/10\/W-Transparent-01.png","width":1396,"height":341,"caption":"Metallotexnia Tsatsis"},"image":{"@id":"https:\/\/metallotexnia-tsatsis.gr\/fr\/#\/schema\/logo\/image\/"}}]}},"_links":{"self":[{"href":"https:\/\/metallotexnia-tsatsis.gr\/fr\/wp-json\/wp\/v2\/product\/27610","targetHints":{"allow":["GET"]}}],"collection":[{"href":"https:\/\/metallotexnia-tsatsis.gr\/fr\/wp-json\/wp\/v2\/product"}],"about":[{"href":"https:\/\/metallotexnia-tsatsis.gr\/fr\/wp-json\/wp\/v2\/types\/product"}],"replies":[{"embeddable":true,"href":"https:\/\/metallotexnia-tsatsis.gr\/fr\/wp-json\/wp\/v2\/comments?post=27610"}],"version-history":[{"count":0,"href":"https:\/\/metallotexnia-tsatsis.gr\/fr\/wp-json\/wp\/v2\/product\/27610\/revisions"}],"wp:featuredmedia":[{"embeddable":true,"href":"https:\/\/metallotexnia-tsatsis.gr\/fr\/wp-json\/wp\/v2\/media\/25556"}],"wp:attachment":[{"href":"https:\/\/metallotexnia-tsatsis.gr\/fr\/wp-json\/wp\/v2\/media?parent=27610"}],"wp:term":[{"taxonomy":"product_brand","embeddable":true,"href":"https:\/\/metallotexnia-tsatsis.gr\/fr\/wp-json\/wp\/v2\/product_brand?post=27610"},{"taxonomy":"product_cat","embeddable":true,"href":"https:\/\/metallotexnia-tsatsis.gr\/fr\/wp-json\/wp\/v2\/product_cat?post=27610"},{"taxonomy":"product_tag","embeddable":true,"href":"https:\/\/metallotexnia-tsatsis.gr\/fr\/wp-json\/wp\/v2\/product_tag?post=27610"}],"curies":[{"name":"wp","href":"https:\/\/api.w.org\/{rel}","templated":true}]}}