{"id":27549,"date":"2026-01-19T20:28:54","date_gmt":"2026-01-19T20:28:54","guid":{"rendered":"https:\/\/metallotexnia-tsatsis.gr\/qui-sommes-nous\/"},"modified":"2026-04-04T09:52:06","modified_gmt":"2026-04-04T09:52:06","slug":"qui-sommes-nous","status":"publish","type":"page","link":"https:\/\/metallotexnia-tsatsis.gr\/fr\/qui-sommes-nous\/","title":{"rendered":"\u00c0 propos de nous"},"content":{"rendered":"\t\t<div data-elementor-type=\"wp-page\" data-elementor-id=\"27549\" class=\"elementor elementor-27549 elementor-26264\" data-elementor-post-type=\"page\">\n\t\t\t\t<div class=\"elementor-element elementor-element-20d2fbe8 e-flex e-con-boxed e-con e-parent\" data-id=\"20d2fbe8\" data-element_type=\"container\" data-e-type=\"container\">\n\t\t\t\t\t<div class=\"e-con-inner\">\n\t\t\t\t<div class=\"elementor-element elementor-element-3cca2f62 elementor-widget elementor-widget-heading\" data-id=\"3cca2f62\" data-element_type=\"widget\" data-e-type=\"widget\" data-widget_type=\"heading.default\">\n\t\t\t\t\t<h1 class=\"elementor-heading-title elementor-size-default\">\u00c0 propos de nous<\/h1>\t\t\t\t<\/div>\n\t\t\t\t<div class=\"elementor-element elementor-element-7632651c elementor-widget-divider--view-line elementor-widget elementor-widget-divider\" data-id=\"7632651c\" data-element_type=\"widget\" data-e-type=\"widget\" data-widget_type=\"divider.default\">\n\t\t\t\t\t\t\t<div class=\"elementor-divider\">\n\t\t\t<span class=\"elementor-divider-separator\">\n\t\t\t\t\t\t<\/span>\n\t\t<\/div>\n\t\t\t\t\t\t<\/div>\n\t\t\t\t\t<\/div>\n\t\t\t\t<\/div>\n\t\t<div class=\"elementor-element elementor-element-778bdef e-flex e-con-boxed e-con e-parent\" data-id=\"778bdef\" data-element_type=\"container\" data-e-type=\"container\">\n\t\t\t\t\t<div class=\"e-con-inner\">\n\t\t\t\t<div class=\"elementor-element elementor-element-908db4f elementor-widget elementor-widget-html\" data-id=\"908db4f\" data-element_type=\"widget\" data-e-type=\"widget\" data-widget_type=\"html.default\">\n\t\t\t\t\t<!DOCTYPE html><html lang=\"fr\"><head><meta charset=\"UTF-8\"><meta name=\"viewport\" content=\"width=device-width, initial-scale=1.0\"><title>Qui Nous Sommes \u2013 M\u00e9tallotexnia Tsatsis<\/title><style>@import url('https:\/\/fonts.googleapis.com\/css2?family=Cormorant+Garamond:ital,wght@0,400;0,600;1,400&family=Montserrat:wght@300;400;500;600&display=swap');\r\n\r\n  :root {\r\n    --primary:    #B48C36;\r\n    --secondary:  #1A1A1A;\r\n    --text:       #222222;\r\n    --mid:        #555555;\r\n    --light:      #F9F7F2;\r\n    --white:      #FFFFFF;\r\n    --border:     #E5E5E5;\r\n  }\r\n\r\n  * { box-sizing: border-box; margin: 0; padding: 0; }\r\n\r\n  .ts-page {\r\n    font-family: 'Montserrat', sans-serif;\r\n    color: var(--text);\r\n    background: var(--white);\r\n    line-height: 1.8;\r\n    overflow-x: hidden;\r\n  }\r\n\r\n  \/* \u2500\u2500 HERO SECTION \u2500\u2500 *\/\r\n  .ts-hero-row {\r\n    display: grid;\r\n    grid-template-columns: 1.1fr 0.9fr;\r\n    min-height: 600px;\r\n    padding: 0;\r\n    background: var(--white);\r\n    align-items: stretch;\r\n  }\r\n\r\n  .ts-hero-img-wrapper {\r\n    width: 100%;\r\n    height: 100%;\r\n    overflow: hidden;\r\n  }\r\n\r\n  .ts-hero-img {\r\n    width: 100%;\r\n    height: 100%;\r\n    object-fit: cover;\r\n    object-position: center 20%; \/* Keeps faces visible on vertical crops *\/\r\n    display: block;\r\n  }\r\n\r\n  .ts-hero-text {\r\n    padding: 80px 60px;\r\n    display: flex;\r\n    flex-direction: column;\r\n    justify-content: center;\r\n    background: var(--white);\r\n  }\r\n\r\n  .ts-heading-line {\r\n    width: 40px;\r\n    height: 2px;\r\n    background: var(--primary);\r\n    margin-bottom: 20px;\r\n  }\r\n\r\n  .ts-hero-text h1 {\r\n    font-family: 'Cormorant Garamond', serif;\r\n    font-size: clamp(32px, 4vw, 52px);\r\n    font-weight: 500;\r\n    letter-spacing: 2px;\r\n    text-transform: uppercase;\r\n    color: var(--secondary);\r\n    line-height: 1.1;\r\n    margin-bottom: 30px;\r\n  }\r\n\r\n  .ts-hero-text h1 span { \r\n    display: block; \r\n    color: var(--primary); \r\n    font-size: 0.6em; \r\n    letter-spacing: 5px;\r\n    margin-bottom: 10px;\r\n  }\r\n\r\n  .ts-hero-text p {\r\n    font-size: 14px;\r\n    color: var(--mid);\r\n    line-height: 2;\r\n    margin-bottom: 20px;\r\n    font-weight: 400;\r\n  }\r\n\r\n  \/* \u2500\u2500 QUOTE SECTION \u2500\u2500 *\/\r\n  .ts-quote-section {\r\n    background: var(--light);\r\n    padding: 100px 60px;\r\n    display: flex;\r\n    justify-content: center;\r\n  }\r\n\r\n  .ts-quote-box {\r\n    max-width: 900px;\r\n    text-align: center;\r\n    position: relative;\r\n  }\r\n\r\n  .ts-quote-text {\r\n    font-family: 'Cormorant Garamond', serif;\r\n    font-size: clamp(22px, 3vw, 32px);\r\n    font-style: italic;\r\n    color: var(--secondary);\r\n    line-height: 1.5;\r\n  }\r\n\r\n  .ts-quote-mark {\r\n    display: block;\r\n    font-size: 60px;\r\n    color: var(--primary);\r\n    margin-bottom: -10px;\r\n    font-family: 'Cormorant Garamond', serif;\r\n  }\r\n\r\n  \/* \u2500\u2500 TRADITION SECTION \u2500\u2500 *\/\r\n  .ts-tradition-section {\r\n    padding: 100px 60px;\r\n    background: var(--white);\r\n    max-width: 1000px;\r\n    margin: 0 auto;\r\n  }\r\n\r\n  .ts-subtitle-italic {\r\n    font-family: 'Cormorant Garamond', serif;\r\n    font-style: italic;\r\n    font-size: 26px;\r\n    color: var(--primary);\r\n    margin-bottom: 50px;\r\n    display: block;\r\n    text-align: center;\r\n  }\r\n\r\n  .ts-tradition-section p {\r\n    font-size: 15px;\r\n    color: var(--text);\r\n    line-height: 2.1;\r\n    margin-bottom: 30px;\r\n    font-weight: 300;\r\n    text-align: justify;\r\n  }\r\n\r\n  .ts-tradition-section a {\r\n    color: var(--primary);\r\n    text-decoration: none;\r\n    font-weight: 500;\r\n    border-bottom: 1px solid rgba(180,140,54,0.3);\r\n    transition: all 0.3s;\r\n  }\r\n\r\n  \/* \u2500\u2500 RESPONSIVE CONSOLIDATION \u2500\u2500 *\/\r\n\r\n  \/* TABLET (Laptops & iPads) *\/\r\n  @media (max-width: 1024px) {\r\n    .ts-hero-row { \r\n        grid-template-columns: 1fr; \r\n        min-height: auto;\r\n    }\r\n    .ts-hero-img-wrapper { \r\n        height: 500px; \r\n    }\r\n    .ts-hero-text { \r\n        padding: 60px 40px; \r\n    }\r\n    .ts-quote-section, .ts-tradition-section {\r\n        padding: 80px 40px;\r\n    }\r\n  }\r\n\r\n  \/* MOBILE (Phones) *\/\r\n  @media (max-width: 768px) {\r\n    .ts-hero-img-wrapper { \r\n        height: 50vh; \/* Scalable height for small screens *\/\r\n    }\r\n    .ts-hero-text { \r\n        padding: 40px 24px; \r\n    }\r\n    .ts-hero-text h1 {\r\n        margin-bottom: 20px;\r\n    }\r\n    .ts-quote-section, .ts-tradition-section { \r\n        padding: 60px 24px; \r\n    }\r\n    .ts-subtitle-italic { \r\n        font-size: 22px; \r\n        margin-bottom: 30px;\r\n    }\r\n    .ts-tradition-section p { \r\n        text-align: left; \r\n        font-size: 14px;\r\n    }\r\n  }\r\n\r\n  \/* SMALL MOBILE FIX *\/\r\n  @media (max-width: 480px) {\r\n    .ts-hero-img-wrapper { \r\n        height: 40vh; \r\n    }\r\n  }\r\n<\/style><\/head><body><div class=\"ts-page\"><div class=\"ts-hero-row\"><div class=\"ts-hero-img-wrapper\"><img decoding=\"async\" class=\"ts-hero-img\" src=\"https:\/\/metallotexnia-tsatsis.gr\/wp-content\/uploads\/2021\/06\/DSC02028-1-scaled.jpg\" alt=\"Atelier Metallotexnia Tsatsis\" \/><\/div><div class=\"ts-hero-text\"><div class=\"ts-heading-line\"><\/div><h1><span>NOUS AIMONS LE DESIGN<\/span>C'EST COMME \u00c7A QUE<br\/>NOUS SOMMES ARRIV\u00c9S ICI\r\n      <\/h1><p>Dans le respect de la tradition familiale qui remonte \u00e0 <strong>1963<\/strong>, l\u2019atelier d\u2019art traditionnel du fer forg\u00e9 de Konstantinos Tsatsis a su faire \u00e9voluer l\u2019art du fer en cr\u00e9ant une identit\u00e9 esth\u00e9tique unique.<\/p><p>Travaillant les mat\u00e9riaux les plus durs de la nature, le fer et le bronze, nous produisons des \u0153uvres qui allient des d\u00e9cennies d\u2019exp\u00e9rience aux exigences architecturales modernes. Nous sommes sp\u00e9cialis\u00e9s dans des constructions qui d\u00e9passent la simple fonctionnalit\u00e9 et touchent aux fronti\u00e8res de l\u2019art.<\/p><\/div><\/div><div class=\"ts-quote-section\"><div class=\"ts-quote-box\"><span class=\"ts-quote-mark\">\u201c<\/span><span class=\"ts-quote-text\">A skeptic is a person who, when he sees the handwriting on the wall, claims it is a forgery.<\/span><\/div><\/div><div class=\"ts-tradition-section\"><span class=\"ts-subtitle-italic\">Un art qui demeure inchang\u00e9 \u00e0 travers le temps<\/span><p>La m\u00e9tallurgie en Gr\u00e8ce poss\u00e8de une tradition profonde et noble. De la <a href=\"https:\/\/el.wikipedia.org\/wiki\/%CE%A3%CF%86%CF%85%CF%81%CE%B7%CE%BB%CE%AC%CF%84%CE%B7%CF%83%CE%B7\" target=\"_blank\" rel=\"noopener noreferrer\">p\u00e9riode chalcolithique<\/a> aux c\u00e9l\u00e8bres ateliers de <a href=\"#\" target=\"_blank\" rel=\"noopener noreferrer\">Ioannina<\/a> et de <strong>l\u2019\u00c9pire<\/strong>, le fer a toujours \u00e9t\u00e9 le fondement de la fortification et de la d\u00e9coration.<\/p><p>Dans le plus grand respect de cet h\u00e9ritage, nous forgeons des escaliers int\u00e9rieurs, des portails ext\u00e9rieurs, des pergolas et des abris. Chaque coup port\u00e9 sur l\u2019enclume est une promesse de solidit\u00e9. <a href=\"#\" target=\"_blank\" rel=\"noopener noreferrer\">La forge<\/a> demeure pour nous la m\u00e9thode de mise en forme la plus pure : l\u00e0 o\u00f9 le feu et la force donnent vie au m\u00e9tal.<\/p><p>Dans notre atelier, chaque pi\u00e8ce est fa\u00e7onn\u00e9e entre le marteau et l\u2019enclume, durcie et dot\u00e9e de caract\u00e8re, afin que votre construction ne soit pas simplement un objet, mais un morceau d\u2019histoire destin\u00e9 \u00e0 demeurer inchang\u00e9 pendant des g\u00e9n\u00e9rations.<\/p><\/div><\/div><\/body><\/html>\t\t\t\t<\/div>\n\t\t\t\t\t<\/div>\n\t\t\t\t<\/div>\n\t\t\t\t<\/div>\n\t\t","protected":false},"excerpt":{"rendered":"<p>\u00c0 propos de nous Qui Nous Sommes \u2013 M\u00e9tallotexnia Tsatsis NOUS AIMONS LE DESIGNC&rsquo;EST COMME \u00c7A QUENOUS SOMMES ARRIV\u00c9S ICI Dans le respect de la tradition familiale qui remonte \u00e0 1963, l\u2019atelier d\u2019art traditionnel du fer forg\u00e9 de Konstantinos Tsatsis a su faire \u00e9voluer l\u2019art du fer en cr\u00e9ant une identit\u00e9 esth\u00e9tique unique. Travaillant les [&hellip;]<\/p>\n","protected":false},"author":2,"featured_media":0,"parent":0,"menu_order":0,"comment_status":"closed","ping_status":"closed","template":"elementor_header_footer","meta":{"footnotes":""},"class_list":["post-27549","page","type-page","status-publish","hentry"],"yoast_head":"<!-- This site is optimized with the Yoast SEO plugin v27.4 - https:\/\/yoast.com\/product\/yoast-seo-wordpress\/ -->\n<title>\u00c0 propos de nous - Metallotexnia Tsatsis<\/title>\n<meta name=\"robots\" content=\"index, follow, max-snippet:-1, max-image-preview:large, max-video-preview:-1\" \/>\n<link rel=\"canonical\" href=\"https:\/\/metallotexnia-tsatsis.gr\/fr\/qui-sommes-nous\/\" \/>\n<meta property=\"og:locale\" content=\"fr_FR\" \/>\n<meta property=\"og:type\" content=\"article\" \/>\n<meta property=\"og:title\" content=\"\u00c0 propos de nous - Metallotexnia Tsatsis\" \/>\n<meta property=\"og:description\" content=\"\u00c0 propos de nous Qui Nous Sommes \u2013 M\u00e9tallotexnia Tsatsis NOUS AIMONS LE DESIGNC&rsquo;EST COMME \u00c7A QUENOUS SOMMES ARRIV\u00c9S ICI Dans le respect de la tradition familiale qui remonte \u00e0 1963, l\u2019atelier d\u2019art traditionnel du fer forg\u00e9 de Konstantinos Tsatsis a su faire \u00e9voluer l\u2019art du fer en cr\u00e9ant une identit\u00e9 esth\u00e9tique unique. Travaillant les [&hellip;]\" \/>\n<meta property=\"og:url\" content=\"https:\/\/metallotexnia-tsatsis.gr\/fr\/qui-sommes-nous\/\" \/>\n<meta property=\"og:site_name\" content=\"Metallotexnia Tsatsis\" \/>\n<meta property=\"article:modified_time\" content=\"2026-04-04T09:52:06+00:00\" \/>\n<meta property=\"og:image\" content=\"https:\/\/metallotexnia-tsatsis.gr\/wp-content\/uploads\/2021\/06\/DSC02028-1-scaled.jpg\" \/>\n<meta name=\"twitter:card\" content=\"summary_large_image\" \/>\n<meta name=\"twitter:label1\" content=\"Dur\u00e9e de lecture estim\u00e9e\" \/>\n\t<meta name=\"twitter:data1\" content=\"4 minutes\" \/>\n<script type=\"application\/ld+json\" class=\"yoast-schema-graph\">{\"@context\":\"https:\\\/\\\/schema.org\",\"@graph\":[{\"@type\":\"WebPage\",\"@id\":\"https:\\\/\\\/metallotexnia-tsatsis.gr\\\/fr\\\/qui-sommes-nous\\\/\",\"url\":\"https:\\\/\\\/metallotexnia-tsatsis.gr\\\/fr\\\/qui-sommes-nous\\\/\",\"name\":\"\u00c0 propos de nous - Metallotexnia Tsatsis\",\"isPartOf\":{\"@id\":\"https:\\\/\\\/metallotexnia-tsatsis.gr\\\/fr\\\/#website\"},\"primaryImageOfPage\":{\"@id\":\"https:\\\/\\\/metallotexnia-tsatsis.gr\\\/fr\\\/qui-sommes-nous\\\/#primaryimage\"},\"image\":{\"@id\":\"https:\\\/\\\/metallotexnia-tsatsis.gr\\\/fr\\\/qui-sommes-nous\\\/#primaryimage\"},\"thumbnailUrl\":\"https:\\\/\\\/metallotexnia-tsatsis.gr\\\/wp-content\\\/uploads\\\/2021\\\/06\\\/DSC02028-1-scaled.jpg\",\"datePublished\":\"2026-01-19T20:28:54+00:00\",\"dateModified\":\"2026-04-04T09:52:06+00:00\",\"breadcrumb\":{\"@id\":\"https:\\\/\\\/metallotexnia-tsatsis.gr\\\/fr\\\/qui-sommes-nous\\\/#breadcrumb\"},\"inLanguage\":\"fr-FR\",\"potentialAction\":[{\"@type\":\"ReadAction\",\"target\":[\"https:\\\/\\\/metallotexnia-tsatsis.gr\\\/fr\\\/qui-sommes-nous\\\/\"]}]},{\"@type\":\"ImageObject\",\"inLanguage\":\"fr-FR\",\"@id\":\"https:\\\/\\\/metallotexnia-tsatsis.gr\\\/fr\\\/qui-sommes-nous\\\/#primaryimage\",\"url\":\"https:\\\/\\\/metallotexnia-tsatsis.gr\\\/wp-content\\\/uploads\\\/2021\\\/06\\\/DSC02028-1-scaled.jpg\",\"contentUrl\":\"https:\\\/\\\/metallotexnia-tsatsis.gr\\\/wp-content\\\/uploads\\\/2021\\\/06\\\/DSC02028-1-scaled.jpg\"},{\"@type\":\"BreadcrumbList\",\"@id\":\"https:\\\/\\\/metallotexnia-tsatsis.gr\\\/fr\\\/qui-sommes-nous\\\/#breadcrumb\",\"itemListElement\":[{\"@type\":\"ListItem\",\"position\":1,\"name\":\"\u0391\u03c1\u03c7\u03b9\u03ba\u03ae\",\"item\":\"https:\\\/\\\/metallotexnia-tsatsis.gr\\\/fr\\\/\"},{\"@type\":\"ListItem\",\"position\":2,\"name\":\"\u00c0 propos de nous\"}]},{\"@type\":\"WebSite\",\"@id\":\"https:\\\/\\\/metallotexnia-tsatsis.gr\\\/fr\\\/#website\",\"url\":\"https:\\\/\\\/metallotexnia-tsatsis.gr\\\/fr\\\/\",\"name\":\"Metallotexnia Tsatsis\",\"description\":\"\u0395\u03c1\u03b3\u03b1\u03c3\u03c4\u03ae\u03c1\u03b9\u03bf \u03a0\u03b1\u03c1\u03b1\u03b4\u03bf\u03c3\u03b9\u03b1\u03ba\u03ae \u03a4\u03ad\u03c7\u03bd\u03b7\u03c2 &amp; \u03a7\u03b5\u03b9\u03c1\u03bf\u03c0\u03bf\u03af\u03b7\u03c4\u03bf\u03c5 \u03a3\u03b9\u03b4\u03ae\u03c1\u03bf\u03c5\",\"publisher\":{\"@id\":\"https:\\\/\\\/metallotexnia-tsatsis.gr\\\/fr\\\/#organization\"},\"potentialAction\":[{\"@type\":\"SearchAction\",\"target\":{\"@type\":\"EntryPoint\",\"urlTemplate\":\"https:\\\/\\\/metallotexnia-tsatsis.gr\\\/fr\\\/?s={search_term_string}\"},\"query-input\":{\"@type\":\"PropertyValueSpecification\",\"valueRequired\":true,\"valueName\":\"search_term_string\"}}],\"inLanguage\":\"fr-FR\"},{\"@type\":\"Organization\",\"@id\":\"https:\\\/\\\/metallotexnia-tsatsis.gr\\\/fr\\\/#organization\",\"name\":\"Metallotexnia Tsatsis\",\"url\":\"https:\\\/\\\/metallotexnia-tsatsis.gr\\\/fr\\\/\",\"logo\":{\"@type\":\"ImageObject\",\"inLanguage\":\"fr-FR\",\"@id\":\"https:\\\/\\\/metallotexnia-tsatsis.gr\\\/fr\\\/#\\\/schema\\\/logo\\\/image\\\/\",\"url\":\"https:\\\/\\\/metallotexnia-tsatsis.gr\\\/wp-content\\\/uploads\\\/2025\\\/10\\\/W-Transparent-01.png\",\"contentUrl\":\"https:\\\/\\\/metallotexnia-tsatsis.gr\\\/wp-content\\\/uploads\\\/2025\\\/10\\\/W-Transparent-01.png\",\"width\":1396,\"height\":341,\"caption\":\"Metallotexnia Tsatsis\"},\"image\":{\"@id\":\"https:\\\/\\\/metallotexnia-tsatsis.gr\\\/fr\\\/#\\\/schema\\\/logo\\\/image\\\/\"}}]}<\/script>\n<!-- \/ Yoast SEO plugin. -->","yoast_head_json":{"title":"\u00c0 propos de nous - Metallotexnia Tsatsis","robots":{"index":"index","follow":"follow","max-snippet":"max-snippet:-1","max-image-preview":"max-image-preview:large","max-video-preview":"max-video-preview:-1"},"canonical":"https:\/\/metallotexnia-tsatsis.gr\/fr\/qui-sommes-nous\/","og_locale":"fr_FR","og_type":"article","og_title":"\u00c0 propos de nous - Metallotexnia Tsatsis","og_description":"\u00c0 propos de nous Qui Nous Sommes \u2013 M\u00e9tallotexnia Tsatsis NOUS AIMONS LE DESIGNC&rsquo;EST COMME \u00c7A QUENOUS SOMMES ARRIV\u00c9S ICI Dans le respect de la tradition familiale qui remonte \u00e0 1963, l\u2019atelier d\u2019art traditionnel du fer forg\u00e9 de Konstantinos Tsatsis a su faire \u00e9voluer l\u2019art du fer en cr\u00e9ant une identit\u00e9 esth\u00e9tique unique. Travaillant les [&hellip;]","og_url":"https:\/\/metallotexnia-tsatsis.gr\/fr\/qui-sommes-nous\/","og_site_name":"Metallotexnia Tsatsis","article_modified_time":"2026-04-04T09:52:06+00:00","og_image":[{"url":"https:\/\/metallotexnia-tsatsis.gr\/wp-content\/uploads\/2021\/06\/DSC02028-1-scaled.jpg","type":"","width":"","height":""}],"twitter_card":"summary_large_image","twitter_misc":{"Dur\u00e9e de lecture estim\u00e9e":"4 minutes"},"schema":{"@context":"https:\/\/schema.org","@graph":[{"@type":"WebPage","@id":"https:\/\/metallotexnia-tsatsis.gr\/fr\/qui-sommes-nous\/","url":"https:\/\/metallotexnia-tsatsis.gr\/fr\/qui-sommes-nous\/","name":"\u00c0 propos de nous - Metallotexnia Tsatsis","isPartOf":{"@id":"https:\/\/metallotexnia-tsatsis.gr\/fr\/#website"},"primaryImageOfPage":{"@id":"https:\/\/metallotexnia-tsatsis.gr\/fr\/qui-sommes-nous\/#primaryimage"},"image":{"@id":"https:\/\/metallotexnia-tsatsis.gr\/fr\/qui-sommes-nous\/#primaryimage"},"thumbnailUrl":"https:\/\/metallotexnia-tsatsis.gr\/wp-content\/uploads\/2021\/06\/DSC02028-1-scaled.jpg","datePublished":"2026-01-19T20:28:54+00:00","dateModified":"2026-04-04T09:52:06+00:00","breadcrumb":{"@id":"https:\/\/metallotexnia-tsatsis.gr\/fr\/qui-sommes-nous\/#breadcrumb"},"inLanguage":"fr-FR","potentialAction":[{"@type":"ReadAction","target":["https:\/\/metallotexnia-tsatsis.gr\/fr\/qui-sommes-nous\/"]}]},{"@type":"ImageObject","inLanguage":"fr-FR","@id":"https:\/\/metallotexnia-tsatsis.gr\/fr\/qui-sommes-nous\/#primaryimage","url":"https:\/\/metallotexnia-tsatsis.gr\/wp-content\/uploads\/2021\/06\/DSC02028-1-scaled.jpg","contentUrl":"https:\/\/metallotexnia-tsatsis.gr\/wp-content\/uploads\/2021\/06\/DSC02028-1-scaled.jpg"},{"@type":"BreadcrumbList","@id":"https:\/\/metallotexnia-tsatsis.gr\/fr\/qui-sommes-nous\/#breadcrumb","itemListElement":[{"@type":"ListItem","position":1,"name":"\u0391\u03c1\u03c7\u03b9\u03ba\u03ae","item":"https:\/\/metallotexnia-tsatsis.gr\/fr\/"},{"@type":"ListItem","position":2,"name":"\u00c0 propos de nous"}]},{"@type":"WebSite","@id":"https:\/\/metallotexnia-tsatsis.gr\/fr\/#website","url":"https:\/\/metallotexnia-tsatsis.gr\/fr\/","name":"Metallotexnia Tsatsis","description":"\u0395\u03c1\u03b3\u03b1\u03c3\u03c4\u03ae\u03c1\u03b9\u03bf \u03a0\u03b1\u03c1\u03b1\u03b4\u03bf\u03c3\u03b9\u03b1\u03ba\u03ae \u03a4\u03ad\u03c7\u03bd\u03b7\u03c2 &amp; \u03a7\u03b5\u03b9\u03c1\u03bf\u03c0\u03bf\u03af\u03b7\u03c4\u03bf\u03c5 \u03a3\u03b9\u03b4\u03ae\u03c1\u03bf\u03c5","publisher":{"@id":"https:\/\/metallotexnia-tsatsis.gr\/fr\/#organization"},"potentialAction":[{"@type":"SearchAction","target":{"@type":"EntryPoint","urlTemplate":"https:\/\/metallotexnia-tsatsis.gr\/fr\/?s={search_term_string}"},"query-input":{"@type":"PropertyValueSpecification","valueRequired":true,"valueName":"search_term_string"}}],"inLanguage":"fr-FR"},{"@type":"Organization","@id":"https:\/\/metallotexnia-tsatsis.gr\/fr\/#organization","name":"Metallotexnia Tsatsis","url":"https:\/\/metallotexnia-tsatsis.gr\/fr\/","logo":{"@type":"ImageObject","inLanguage":"fr-FR","@id":"https:\/\/metallotexnia-tsatsis.gr\/fr\/#\/schema\/logo\/image\/","url":"https:\/\/metallotexnia-tsatsis.gr\/wp-content\/uploads\/2025\/10\/W-Transparent-01.png","contentUrl":"https:\/\/metallotexnia-tsatsis.gr\/wp-content\/uploads\/2025\/10\/W-Transparent-01.png","width":1396,"height":341,"caption":"Metallotexnia Tsatsis"},"image":{"@id":"https:\/\/metallotexnia-tsatsis.gr\/fr\/#\/schema\/logo\/image\/"}}]}},"_links":{"self":[{"href":"https:\/\/metallotexnia-tsatsis.gr\/fr\/wp-json\/wp\/v2\/pages\/27549","targetHints":{"allow":["GET"]}}],"collection":[{"href":"https:\/\/metallotexnia-tsatsis.gr\/fr\/wp-json\/wp\/v2\/pages"}],"about":[{"href":"https:\/\/metallotexnia-tsatsis.gr\/fr\/wp-json\/wp\/v2\/types\/page"}],"author":[{"embeddable":true,"href":"https:\/\/metallotexnia-tsatsis.gr\/fr\/wp-json\/wp\/v2\/users\/2"}],"replies":[{"embeddable":true,"href":"https:\/\/metallotexnia-tsatsis.gr\/fr\/wp-json\/wp\/v2\/comments?post=27549"}],"version-history":[{"count":6,"href":"https:\/\/metallotexnia-tsatsis.gr\/fr\/wp-json\/wp\/v2\/pages\/27549\/revisions"}],"predecessor-version":[{"id":27984,"href":"https:\/\/metallotexnia-tsatsis.gr\/fr\/wp-json\/wp\/v2\/pages\/27549\/revisions\/27984"}],"wp:attachment":[{"href":"https:\/\/metallotexnia-tsatsis.gr\/fr\/wp-json\/wp\/v2\/media?parent=27549"}],"curies":[{"name":"wp","href":"https:\/\/api.w.org\/{rel}","templated":true}]}}